{"id":9044856,"date":"2025-09-02T14:30:23","date_gmt":"2025-09-02T12:30:23","guid":{"rendered":"https:\/\/www.fitness-flohmarkt.ch\/produkt\/realleader-usa-hack-squat-fm-1024f\/"},"modified":"2026-04-21T16:54:31","modified_gmt":"2026-04-21T14:54:31","slug":"realleader-usa-hack-squat-fm-1024f","status":"publish","type":"product","link":"https:\/\/www.fitness-flohmarkt.ch\/fr\/produkt\/realleader-usa-hack-squat-fm-1024f\/","title":{"rendered":"RealLeader Hack Squat | FM-1024F"},"content":{"rendered":"<h3>RealLeader Hack Squat FM-1024F<\/h3>\n<p>Cette machine Hack Squat dispose d'un repose-pieds ajustable - qui permet \u00e0 l'utilisateur de changer l'angle selon ses pr\u00e9f\u00e9rences. Elle est \u00e9quip\u00e9e de 'leviers de s\u00e9curit\u00e9' pour d\u00e9crocher et accrocher le poids, ainsi que de poign\u00e9es de soutien suppl\u00e9mentaires pendant l'exercice. Elle est bien rembourr\u00e9e et peut supporter des charges extr\u00eames (jusqu'\u00e0 1200 kg) tout en offrant des mouvements tr\u00e8s r\u00e9guliers. Il s'agit d'une machine charg\u00e9e de disques de poids avec un espace de rangement suppl\u00e9mentaire pour les disques de poids.<\/p>\n<ul>\n<li>Dimensions : 1935 x 2217 x 1125 mm<\/li>\n<li>Poids net : 215 kg<\/li>\n<\/ul>\n<p><strong>Couleur :<\/strong> Cadre noir mat, sellerie noire avec coutures noires<\/p>\n<p><strong>Ligne FM :<\/strong> Appareils de fitness haut de gamme avec un syst\u00e8me pr\u00e9cis d'empilement de poids en plaques d\u00e9coup\u00e9es au laser pour un contr\u00f4le pr\u00e9cis \u00e0 chaque exercice. La s\u00e9rie FM offre des poign\u00e9es strat\u00e9giquement plac\u00e9es pour des variations d'exercices polyvalents avec diff\u00e9rentes positions de prise. Construite en acier renforc\u00e9 de 3 mm, la s\u00e9rie FM est con\u00e7ue pour r\u00e9sister aux entra\u00eenements les plus intenses tout en combinant durabilit\u00e9 et confort.<\/p>\n<p><strong>Installation et montage sur demande.<\/strong><\/p>","protected":false},"excerpt":{"rendered":"<p>RealLeader USA Hack Squat FM-1024F - Machine Hack Squat avec repose-pieds r\u00e9glable pour un angle individuel. Levier de s\u00e9curit\u00e9 pour d\u00e9crocher\/accrocher, poign\u00e9es de soutien suppl\u00e9mentaires, bien rembourr\u00e9es pour des charges extr\u00eames jusqu'\u00e0 1200 kg avec un mouvement r\u00e9gulier. Chargement des disques de poids avec espace de rangement suppl\u00e9mentaire. Construction renforc\u00e9e en acier de 3 mm. 194 x 222 x 113 cm, 215 kg. Cadre noir mat, rembourrage noir.<\/p>","protected":false},"featured_media":9065400,"comment_status":"closed","ping_status":"closed","template":"","meta":{"_acf_changed":false,"_gspb_post_css":""},"product_brand":[1054],"product_cat":[342],"product_tag":[],"class_list":{"0":"post-9044856","1":"product","2":"type-product","3":"status-publish","4":"has-post-thumbnail","6":"product_brand-realleader","7":"product_cat-plate-loaded","8":"product_shipping_class-nicht-stapelbar","10":"first","11":"outofstock","12":"sale","13":"taxable","14":"shipping-taxable","15":"purchasable","16":"product-type-simple"},"bundled_by":[],"bundle_stock_status":"outofstock","bundle_stock_quantity":0,"bundle_virtual":false,"bundle_layout":"","bundle_add_to_cart_form_location":"","bundle_editable_in_cart":false,"bundle_sold_individually_context":"","bundle_item_grouping":"","bundle_min_size":"","bundle_max_size":"","bundle_price":[],"bundled_items":[],"bundle_sell_ids":[],"acf":[],"df_price":3490,"df_sale_price":3490,"df_regular_price":4490,"df_image_link":"https:\/\/www.fitness-flohmarkt.ch\/wp-content\/uploads\/1024Fxin-3_1080x1080-6-300x300.avif","_links":{"self":[{"href":"https:\/\/www.fitness-flohmarkt.ch\/fr\/wp-json\/wp\/v2\/product\/9044856","targetHints":{"allow":["GET"]}}],"collection":[{"href":"https:\/\/www.fitness-flohmarkt.ch\/fr\/wp-json\/wp\/v2\/product"}],"about":[{"href":"https:\/\/www.fitness-flohmarkt.ch\/fr\/wp-json\/wp\/v2\/types\/product"}],"replies":[{"embeddable":true,"href":"https:\/\/www.fitness-flohmarkt.ch\/fr\/wp-json\/wp\/v2\/comments?post=9044856"}],"wp:featuredmedia":[{"embeddable":true,"href":"https:\/\/www.fitness-flohmarkt.ch\/fr\/wp-json\/wp\/v2\/media\/9065400"}],"wp:attachment":[{"href":"https:\/\/www.fitness-flohmarkt.ch\/fr\/wp-json\/wp\/v2\/media?parent=9044856"}],"wp:term":[{"taxonomy":"product_brand","embeddable":true,"href":"https:\/\/www.fitness-flohmarkt.ch\/fr\/wp-json\/wp\/v2\/product_brand?post=9044856"},{"taxonomy":"product_cat","embeddable":true,"href":"https:\/\/www.fitness-flohmarkt.ch\/fr\/wp-json\/wp\/v2\/product_cat?post=9044856"},{"taxonomy":"product_tag","embeddable":true,"href":"https:\/\/www.fitness-flohmarkt.ch\/fr\/wp-json\/wp\/v2\/product_tag?post=9044856"}],"curies":[{"name":"wp","href":"https:\/\/api.w.org\/{rel}","templated":true}]}}