{"id":9044850,"date":"2025-09-02T14:11:27","date_gmt":"2025-09-02T12:11:27","guid":{"rendered":"https:\/\/www.fitness-flohmarkt.ch\/produkt\/realleader-usa-leg-extension-ld-2001\/"},"modified":"2026-04-21T16:56:13","modified_gmt":"2026-04-21T14:56:13","slug":"realleader-leg-extension-ld-2001","status":"publish","type":"product","link":"https:\/\/www.fitness-flohmarkt.ch\/fr\/produkt\/realleader-leg-extension-ld-2001\/","title":{"rendered":"Extension de jambe RealLeader | LD-2001"},"content":{"rendered":"<h3>Extension de jambe RealLeader LD-2001<\/h3>\n<p>Cette machine robuste d'\u00e9tirement des jambes est livr\u00e9e avec des rembourrages de tibia r\u00e9glables et un si\u00e8ge pour s'adapter \u00e0 la hauteur de l'utilisateur. Chaque jambe a aussi un levier pour ajuster la position de d\u00e9but\/fin de l'exercice. Chaque jambe est charg\u00e9e ind\u00e9pendamment avec des disques d'halt\u00e8res et la machine est adapt\u00e9e \u00e0 l'entra\u00eenement des deux c\u00f4t\u00e9s ou d'une seule jambe.<\/p>\n<ul>\n<li><span class=\"elementor-icon-list-text\">Dimensions : 1550 x 1900 x 1200 mm<\/span><\/li>\n<li><span class=\"elementor-icon-list-text\">Poids net : 152 kg<\/span><\/li>\n<\/ul>\n<p><strong>Couleur :<\/strong> Cadre noir mat, sellerie noire avec coutures noires<\/p>\n<p><strong>LD Line :<\/strong> Appareils de fitness bien pens\u00e9s avec un design ergonomique pour des mouvements physiologiquement optimaux. La s\u00e9rie LD offre une stimulation musculaire confortable et cibl\u00e9e avec des composants r\u00e9glables tels que les coussins de poitrine, les hauteurs d'assise et les angles de prise en main. Construite \u00e0 partir de robustes profil\u00e9s tubulaires en acier de 80 x 40 x 3 mm, la s\u00e9rie LD est durable, stable et adaptable \u00e0 diff\u00e9rents utilisateurs.<\/p>","protected":false},"excerpt":{"rendered":"<p>RealLeader USA Leg Extension LD-2001 - Machine robuste d'extension des jambes avec rembourrages de tibias r\u00e9glables et si\u00e8ge. Levier pour la position de d\u00e9but\/fin de l'exercice par jambe, chargement ind\u00e9pendant des disques d'halt\u00e8res par c\u00f4t\u00e9 pour un entra\u00eenement des deux c\u00f4t\u00e9s ou sur une jambe. Design ergonomique pour des mouvements physiologiquement optimaux. 155 x 190 x 120 cm, 152 kg. Cadre noir mat, rembourrage noir.<\/p>","protected":false},"featured_media":9065406,"comment_status":"closed","ping_status":"closed","template":"","meta":{"_acf_changed":false,"_gspb_post_css":""},"product_brand":[1054],"product_cat":[342],"product_tag":[],"class_list":{"0":"post-9044850","1":"product","2":"type-product","3":"status-publish","4":"has-post-thumbnail","6":"product_brand-realleader","7":"product_cat-plate-loaded","8":"product_shipping_class-nicht-stapelbar","10":"first","11":"outofstock","12":"sale","13":"taxable","14":"shipping-taxable","15":"purchasable","16":"product-type-simple"},"bundled_by":[],"bundle_stock_status":"outofstock","bundle_stock_quantity":0,"bundle_virtual":false,"bundle_layout":"","bundle_add_to_cart_form_location":"","bundle_editable_in_cart":false,"bundle_sold_individually_context":"","bundle_item_grouping":"","bundle_min_size":"","bundle_max_size":"","bundle_price":[],"bundled_items":[],"bundle_sell_ids":[],"acf":[],"df_price":3490,"df_sale_price":3490,"df_regular_price":4490,"df_image_link":"https:\/\/www.fitness-flohmarkt.ch\/wp-content\/uploads\/HSPRO-2001_1462x1096-2_1080x1080-3-300x300.avif","_links":{"self":[{"href":"https:\/\/www.fitness-flohmarkt.ch\/fr\/wp-json\/wp\/v2\/product\/9044850","targetHints":{"allow":["GET"]}}],"collection":[{"href":"https:\/\/www.fitness-flohmarkt.ch\/fr\/wp-json\/wp\/v2\/product"}],"about":[{"href":"https:\/\/www.fitness-flohmarkt.ch\/fr\/wp-json\/wp\/v2\/types\/product"}],"replies":[{"embeddable":true,"href":"https:\/\/www.fitness-flohmarkt.ch\/fr\/wp-json\/wp\/v2\/comments?post=9044850"}],"wp:featuredmedia":[{"embeddable":true,"href":"https:\/\/www.fitness-flohmarkt.ch\/fr\/wp-json\/wp\/v2\/media\/9065406"}],"wp:attachment":[{"href":"https:\/\/www.fitness-flohmarkt.ch\/fr\/wp-json\/wp\/v2\/media?parent=9044850"}],"wp:term":[{"taxonomy":"product_brand","embeddable":true,"href":"https:\/\/www.fitness-flohmarkt.ch\/fr\/wp-json\/wp\/v2\/product_brand?post=9044850"},{"taxonomy":"product_cat","embeddable":true,"href":"https:\/\/www.fitness-flohmarkt.ch\/fr\/wp-json\/wp\/v2\/product_cat?post=9044850"},{"taxonomy":"product_tag","embeddable":true,"href":"https:\/\/www.fitness-flohmarkt.ch\/fr\/wp-json\/wp\/v2\/product_tag?post=9044850"}],"curies":[{"name":"wp","href":"https:\/\/api.w.org\/{rel}","templated":true}]}}