{"id":9044848,"date":"2025-09-02T14:11:20","date_gmt":"2025-09-02T12:11:20","guid":{"rendered":"https:\/\/www.fitness-flohmarkt.ch\/produkt\/realleader-usa-kneeling-curl-ld-2002\/"},"modified":"2026-04-21T16:55:59","modified_gmt":"2026-04-21T14:55:59","slug":"realleader-kneeling-curl-ld-2002","status":"publish","type":"product","link":"https:\/\/www.fitness-flohmarkt.ch\/fr\/produkt\/realleader-kneeling-curl-ld-2002\/","title":{"rendered":"RealLeader Curl Kneeling | LD-2002"},"content":{"rendered":"<h3>RealLeader Curl Kneeling LD-2002<\/h3>\n<p>Cette machine de flexion des jambes \u00e0 genoux permet aux utilisateurs d'isoler une jambe de mani\u00e8re optimale avec un genouill\u00e8re qui glisse de gauche \u00e0 droite. Elle est bien rembourr\u00e9e sur toute sa longueur avec des coussinets pour les genoux, des coussinets pour les cuisses, des coussinets pour les coudes et des coussinets pour les tibias. Des poign\u00e9es en haut offrent un soutien pendant le mouvement. Le chargement du poids se fait avec des disques d'halt\u00e8res des deux c\u00f4t\u00e9s de la machine et est livr\u00e9 avec un espace de rangement suppl\u00e9mentaire pour la machine.<\/p>\n<ul>\n<li><span class=\"elementor-icon-list-text\">Dimensions : 1200 x 1650 x 1350 mm<\/span><\/li>\n<li><span class=\"elementor-icon-list-text\">Poids net : 141 kg<\/span><\/li>\n<\/ul>\n<p><strong>Couleur :<\/strong> Cadre noir mat, sellerie noire avec coutures noires<\/p>\n<p><strong>LD Line :<\/strong> Appareils de fitness bien pens\u00e9s avec un design ergonomique pour des mouvements physiologiquement optimaux. La s\u00e9rie LD offre une stimulation musculaire confortable et cibl\u00e9e avec des composants r\u00e9glables tels que les coussins de poitrine, les hauteurs d'assise et les angles de prise en main. Construite \u00e0 partir de robustes profil\u00e9s tubulaires en acier de 80 x 40 x 3 mm, la s\u00e9rie LD est durable, stable et adaptable \u00e0 diff\u00e9rents utilisateurs.<\/p>","protected":false},"excerpt":{"rendered":"<p>RealLeader USA Kneeling Curl LD-2002 - Machine de flexion des jambes \u00e0 genoux pour une isolation optimale des jambes avec un rembourrage pour les genoux qui glisse lat\u00e9ralement. Rembourrage sur toute la longueur des genoux, des cuisses, des coudes et des tibias, poign\u00e9es sup\u00e9rieures pour le soutien. Chargement des disques d'halt\u00e8res des deux c\u00f4t\u00e9s avec espace de rangement suppl\u00e9mentaire. Design ergonomique pour des mouvements physiologiquement optimaux. 120 x 165 x 135 cm, 141 kg. Cadre noir mat, rembourrage noir.<\/p>","protected":false},"featured_media":9065405,"comment_status":"closed","ping_status":"closed","template":"","meta":{"_acf_changed":false,"_gspb_post_css":""},"product_brand":[1054],"product_cat":[342],"product_tag":[],"class_list":{"0":"post-9044848","1":"product","2":"type-product","3":"status-publish","4":"has-post-thumbnail","6":"product_brand-realleader","7":"product_cat-plate-loaded","8":"product_shipping_class-nicht-stapelbar","10":"first","11":"instock","12":"sale","13":"taxable","14":"shipping-taxable","15":"purchasable","16":"product-type-simple"},"bundled_by":[],"bundle_stock_status":"instock","bundle_stock_quantity":1,"bundle_virtual":false,"bundle_layout":"","bundle_add_to_cart_form_location":"","bundle_editable_in_cart":false,"bundle_sold_individually_context":"","bundle_item_grouping":"","bundle_min_size":"","bundle_max_size":"","bundle_price":[],"bundled_items":[],"bundle_sell_ids":[],"acf":[],"df_price":3490,"df_sale_price":3490,"df_regular_price":4490,"df_image_link":"https:\/\/www.fitness-flohmarkt.ch\/wp-content\/uploads\/HSPRO-2002_1462x1096-4_1080x1080_ret-3-300x300.avif","_links":{"self":[{"href":"https:\/\/www.fitness-flohmarkt.ch\/fr\/wp-json\/wp\/v2\/product\/9044848","targetHints":{"allow":["GET"]}}],"collection":[{"href":"https:\/\/www.fitness-flohmarkt.ch\/fr\/wp-json\/wp\/v2\/product"}],"about":[{"href":"https:\/\/www.fitness-flohmarkt.ch\/fr\/wp-json\/wp\/v2\/types\/product"}],"replies":[{"embeddable":true,"href":"https:\/\/www.fitness-flohmarkt.ch\/fr\/wp-json\/wp\/v2\/comments?post=9044848"}],"wp:featuredmedia":[{"embeddable":true,"href":"https:\/\/www.fitness-flohmarkt.ch\/fr\/wp-json\/wp\/v2\/media\/9065405"}],"wp:attachment":[{"href":"https:\/\/www.fitness-flohmarkt.ch\/fr\/wp-json\/wp\/v2\/media?parent=9044848"}],"wp:term":[{"taxonomy":"product_brand","embeddable":true,"href":"https:\/\/www.fitness-flohmarkt.ch\/fr\/wp-json\/wp\/v2\/product_brand?post=9044848"},{"taxonomy":"product_cat","embeddable":true,"href":"https:\/\/www.fitness-flohmarkt.ch\/fr\/wp-json\/wp\/v2\/product_cat?post=9044848"},{"taxonomy":"product_tag","embeddable":true,"href":"https:\/\/www.fitness-flohmarkt.ch\/fr\/wp-json\/wp\/v2\/product_tag?post=9044848"}],"curies":[{"name":"wp","href":"https:\/\/api.w.org\/{rel}","templated":true}]}}