{"id":9044840,"date":"2025-09-02T14:10:56","date_gmt":"2025-09-02T12:10:56","guid":{"rendered":"https:\/\/www.fitness-flohmarkt.ch\/produkt\/realleader-usa-glute-drive-ld-2008\/"},"modified":"2026-04-21T16:33:45","modified_gmt":"2026-04-21T14:33:45","slug":"realleader-glute-drive-ld-2008","status":"publish","type":"product","link":"https:\/\/www.fitness-flohmarkt.ch\/fr\/produkt\/realleader-glute-drive-ld-2008\/","title":{"rendered":"RealLeader Glute Kickback | LD-2008"},"content":{"rendered":"<h3>RealLeader Glute Drive LD-2008<\/h3>\n<p>Cette robuste machine \u00e0 kickback pour les muscles fessiers est bien rembourr\u00e9e sur toute sa longueur. Elle dispose de poign\u00e9es pour te soutenir pendant l'exercice et d'un repose-pieds qui tourne doucement pour une trajectoire de mouvement plus naturelle. Elle est charg\u00e9e sur le c\u00f4t\u00e9 de la machine avec des disques de poids.<\/p>\n<ul>\n<li><span class=\"elementor-icon-list-text\">Dimensions : 1330 x 1120 x 1580 mm<\/span><\/li>\n<li><span class=\"elementor-icon-list-text\">Poids net : 160 kg<\/span><\/li>\n<\/ul>\n<p><strong>Deux options de couleurs :<\/strong><\/p>\n<ul>\n<li>Cadre noir mat, sellerie noire avec coutures noires<\/li>\n<li>Cadre noir mat, sellerie en fibre de carbone avec coutures noires<\/li>\n<\/ul>\n<p><strong>LD Line :<\/strong> Appareils de fitness bien pens\u00e9s avec un design ergonomique pour des mouvements physiologiquement optimaux. La s\u00e9rie LD offre une stimulation musculaire confortable et cibl\u00e9e avec des composants r\u00e9glables tels que les coussins de poitrine, les hauteurs d'assise et les angles de prise en main. Construite \u00e0 partir de robustes profil\u00e9s tubulaires en acier de 80 x 40 x 3 mm, la s\u00e9rie LD est durable, stable et adaptable \u00e0 diff\u00e9rents utilisateurs.<\/p>","protected":false},"excerpt":{"rendered":"<div class=\"grid-cols-1 grid gap-2.5 [&amp;_&gt;_*]:min-w-0 !gap-3.5\">\n<p class=\"whitespace-normal break-words\">RealLeader Glute Drive LD-2008 &#8211; Robuste Ges\u00e4ssmuskel-Kickback-Maschine mit durchgehender Polsterung. St\u00fctzgriffe f\u00fcr sichere \u00dcbung, sanft rotierende Fussplatte f\u00fcr nat\u00fcrliche Bewegung, seitliche Gewichtsscheiben-Beladung. Ergonomisches Design f\u00fcr physiologisch optimale Bewegungen. 133 x 112 x 158 cm, 160 kg. In zwei Farboptionen erh\u00e4ltlich.<\/p>\n<\/div>\n","protected":false},"featured_media":9065361,"comment_status":"closed","ping_status":"closed","template":"","meta":{"_acf_changed":false,"_gspb_post_css":""},"product_brand":[1054],"product_cat":[342],"product_tag":[],"class_list":{"0":"post-9044840","1":"product","2":"type-product","3":"status-publish","4":"has-post-thumbnail","6":"product_brand-realleader","7":"product_cat-plate-loaded","8":"product_shipping_class-nicht-stapelbar","9":"pa_farbe-matt-schwarz-carbon-fiber","10":"pa_farbe-matt-schwarz-schwarz","12":"first","13":"outofstock","14":"sale","15":"taxable","16":"shipping-taxable","17":"purchasable","18":"product-type-variable"},"bundled_by":[],"bundle_stock_status":"outofstock","bundle_stock_quantity":0,"bundle_virtual":false,"bundle_layout":"","bundle_add_to_cart_form_location":"","bundle_editable_in_cart":false,"bundle_sold_individually_context":"","bundle_item_grouping":"","bundle_min_size":"","bundle_max_size":"","bundle_price":[],"bundled_items":[],"bundle_sell_ids":[],"acf":[],"df_price":2490,"df_sale_price":"","df_regular_price":2490,"df_image_link":"https:\/\/www.fitness-flohmarkt.ch\/wp-content\/uploads\/HSPRO-2008-scaled-3_1080x1080-1_ret-13-300x300.avif","_links":{"self":[{"href":"https:\/\/www.fitness-flohmarkt.ch\/fr\/wp-json\/wp\/v2\/product\/9044840","targetHints":{"allow":["GET"]}}],"collection":[{"href":"https:\/\/www.fitness-flohmarkt.ch\/fr\/wp-json\/wp\/v2\/product"}],"about":[{"href":"https:\/\/www.fitness-flohmarkt.ch\/fr\/wp-json\/wp\/v2\/types\/product"}],"replies":[{"embeddable":true,"href":"https:\/\/www.fitness-flohmarkt.ch\/fr\/wp-json\/wp\/v2\/comments?post=9044840"}],"wp:featuredmedia":[{"embeddable":true,"href":"https:\/\/www.fitness-flohmarkt.ch\/fr\/wp-json\/wp\/v2\/media\/9065361"}],"wp:attachment":[{"href":"https:\/\/www.fitness-flohmarkt.ch\/fr\/wp-json\/wp\/v2\/media?parent=9044840"}],"wp:term":[{"taxonomy":"product_brand","embeddable":true,"href":"https:\/\/www.fitness-flohmarkt.ch\/fr\/wp-json\/wp\/v2\/product_brand?post=9044840"},{"taxonomy":"product_cat","embeddable":true,"href":"https:\/\/www.fitness-flohmarkt.ch\/fr\/wp-json\/wp\/v2\/product_cat?post=9044840"},{"taxonomy":"product_tag","embeddable":true,"href":"https:\/\/www.fitness-flohmarkt.ch\/fr\/wp-json\/wp\/v2\/product_tag?post=9044840"}],"curies":[{"name":"wp","href":"https:\/\/api.w.org\/{rel}","templated":true}]}}