{"id":9044832,"date":"2025-09-02T14:10:23","date_gmt":"2025-09-02T12:10:23","guid":{"rendered":"https:\/\/www.fitness-flohmarkt.ch\/produkt\/realleader-usa-plate-rack-fw-2016\/"},"modified":"2026-03-01T23:38:12","modified_gmt":"2026-03-01T22:38:12","slug":"realleader-plateau-rack-fw-2016","status":"publish","type":"product","link":"https:\/\/www.fitness-flohmarkt.ch\/fr\/produkt\/realleader-plate-rack-fw-2016\/","title":{"rendered":"RealLeader Plate Rack | FW-2016"},"content":{"rendered":"<h3>RealLeader Plate Rack FW-2016<\/h3>\n<p>Cette \u00e9tag\u00e8re pour disques d'halt\u00e8res offre 8 sections pour un stockage g\u00e9n\u00e9reux des disques dans un minimum d'espace. Robuste, stable et id\u00e9al pour toute salle de sport.<\/p>\n<ul>\n<li><span class=\"elementor-icon-list-text\">Dimensions : 840 x 650 x 1000 mm<\/span><\/li>\n<li><span class=\"elementor-icon-list-text\">Poids net : 28 kg<\/span><\/li>\n<\/ul>\n<p><strong>Couleur :<\/strong> Cadre noir mat<\/p>\n<p><strong>FW Line : <\/strong>Design Few Screws (peu de vis). Con\u00e7u avec un minimum de vis pour une apparence de qualit\u00e9, durable et \u00e9l\u00e9gante, r\u00e9duisant ainsi l'usure et la d\u00e9t\u00e9rioration.<\/p>","protected":false},"excerpt":{"rendered":"<p>RealLeader USA Plate Rack FW-2016 - \u00e9tag\u00e8re pour disques d'halt\u00e8res avec 8 sections pour un stockage g\u00e9n\u00e9reux des disques avec un encombrement minimal. Robuste et stable, id\u00e9al pour toute salle de gym. Design Few Screws avec un minimum de vis pour une apparence de qualit\u00e9 et durable. 84 x 65 x 100 cm, 28 kg. Cadre noir mat.<\/p>","protected":false},"featured_media":9056510,"comment_status":"closed","ping_status":"closed","template":"","meta":{"_acf_changed":false,"_gspb_post_css":""},"product_brand":[1054],"product_cat":[332],"product_tag":[],"class_list":{"0":"post-9044832","1":"product","2":"type-product","3":"status-publish","4":"has-post-thumbnail","6":"product_brand-realleader","7":"product_cat-hantelstaender","8":"product_shipping_class-nicht-stapelbar","10":"first","11":"outofstock","12":"sale","13":"taxable","14":"shipping-taxable","15":"purchasable","16":"product-type-simple"},"bundled_by":[],"bundle_stock_status":"outofstock","bundle_stock_quantity":0,"bundle_virtual":false,"bundle_layout":"","bundle_add_to_cart_form_location":"","bundle_editable_in_cart":false,"bundle_sold_individually_context":"","bundle_item_grouping":"","bundle_min_size":"","bundle_max_size":"","bundle_price":[],"bundled_items":[],"bundle_sell_ids":[],"acf":[],"df_price":390,"df_sale_price":390,"df_regular_price":490,"df_image_link":"https:\/\/www.fitness-flohmarkt.ch\/wp-content\/uploads\/FW-2016_1200x1323-1-600x662_1080x1080_ret-1-8-300x300.png","_links":{"self":[{"href":"https:\/\/www.fitness-flohmarkt.ch\/fr\/wp-json\/wp\/v2\/product\/9044832","targetHints":{"allow":["GET"]}}],"collection":[{"href":"https:\/\/www.fitness-flohmarkt.ch\/fr\/wp-json\/wp\/v2\/product"}],"about":[{"href":"https:\/\/www.fitness-flohmarkt.ch\/fr\/wp-json\/wp\/v2\/types\/product"}],"replies":[{"embeddable":true,"href":"https:\/\/www.fitness-flohmarkt.ch\/fr\/wp-json\/wp\/v2\/comments?post=9044832"}],"wp:featuredmedia":[{"embeddable":true,"href":"https:\/\/www.fitness-flohmarkt.ch\/fr\/wp-json\/wp\/v2\/media\/9056510"}],"wp:attachment":[{"href":"https:\/\/www.fitness-flohmarkt.ch\/fr\/wp-json\/wp\/v2\/media?parent=9044832"}],"wp:term":[{"taxonomy":"product_brand","embeddable":true,"href":"https:\/\/www.fitness-flohmarkt.ch\/fr\/wp-json\/wp\/v2\/product_brand?post=9044832"},{"taxonomy":"product_cat","embeddable":true,"href":"https:\/\/www.fitness-flohmarkt.ch\/fr\/wp-json\/wp\/v2\/product_cat?post=9044832"},{"taxonomy":"product_tag","embeddable":true,"href":"https:\/\/www.fitness-flohmarkt.ch\/fr\/wp-json\/wp\/v2\/product_tag?post=9044832"}],"curies":[{"name":"wp","href":"https:\/\/api.w.org\/{rel}","templated":true}]}}