{"id":9044818,"date":"2025-09-02T10:50:27","date_gmt":"2025-09-02T08:50:27","guid":{"rendered":"https:\/\/www.fitness-flohmarkt.ch\/produkt\/realleader-usa-high-row-ld-1006\/"},"modified":"2026-04-21T16:56:39","modified_gmt":"2026-04-21T14:56:39","slug":"realleader-high-row-ld-1006","status":"publish","type":"product","link":"https:\/\/www.fitness-flohmarkt.ch\/fr\/produkt\/realleader-high-row-ld-1006\/","title":{"rendered":"RealLeader High Row | LD-1006"},"content":{"rendered":"<h3>RealLeader High Row | LD-1006<\/h3>\n<p>Cette machine robuste High Row dispose de plusieurs fonctions r\u00e9glables : Le levier sous le si\u00e8ge permet d'ajuster la hauteur, les rembourrages des cuisses et de la poitrine peuvent \u00e9galement \u00eatre ajust\u00e9s selon les souhaits de l'utilisateur. Elle a des poign\u00e9es de soutien suppl\u00e9mentaires (par exemple pour les pulldowns \u00e0 un bras) et des p\u00e9dales avec des poign\u00e9es solides pour le maintien. La machine se charge de disques d'halt\u00e8res des deux c\u00f4t\u00e9s et dispose d'un espace de rangement pour des disques de poids suppl\u00e9mentaires.<\/p>\n<ul>\n<li><span class=\"elementor-icon-list-text\">Dimensions : 2000 x 900 x 2050 mm<\/span><\/li>\n<li><span class=\"elementor-icon-list-text\">Poids net : 196 kg<\/span><\/li>\n<\/ul>\n<p><strong>Couleur :<\/strong> Cadre noir mat, sellerie noire avec coutures noires<\/p>\n<p><strong>LD Line :<\/strong> Appareils de fitness bien pens\u00e9s avec un design ergonomique pour des mouvements physiologiquement optimaux. La s\u00e9rie LD offre une stimulation musculaire confortable et cibl\u00e9e avec des composants r\u00e9glables tels que les coussins de poitrine, les hauteurs d'assise et les angles de prise en main. Construite \u00e0 partir de robustes profil\u00e9s tubulaires en acier de 80 x 40 x 3 mm, la s\u00e9rie LD est durable, stable et adaptable \u00e0 diff\u00e9rents utilisateurs.<\/p>","protected":false},"excerpt":{"rendered":"<p>RealLeader USA High Row LD-1006 - Machine robuste High Row avec si\u00e8ge r\u00e9glable en hauteur, coussinets ajustables pour les cuisses et la poitrine. Poign\u00e9es de soutien suppl\u00e9mentaires pour les pulldowns \u00e0 un bras, p\u00e9dales avec poign\u00e9es solides, chargement des disques d'halt\u00e8res des deux c\u00f4t\u00e9s avec espace de rangement. Design ergonomique pour des mouvements physiologiquement optimaux. 200 x 90 x 205 cm, 196 kg. Cadre noir mat, rembourrage noir.<\/p>","protected":false},"featured_media":9065408,"comment_status":"closed","ping_status":"closed","template":"","meta":{"_acf_changed":false,"_gspb_post_css":""},"product_brand":[1054],"product_cat":[342],"product_tag":[],"class_list":{"0":"post-9044818","1":"product","2":"type-product","3":"status-publish","4":"has-post-thumbnail","6":"product_brand-realleader","7":"product_cat-plate-loaded","8":"product_shipping_class-nicht-stapelbar","10":"first","11":"outofstock","12":"sale","13":"taxable","14":"shipping-taxable","15":"purchasable","16":"product-type-simple"},"bundled_by":[],"bundle_stock_status":"outofstock","bundle_stock_quantity":0,"bundle_virtual":false,"bundle_layout":"","bundle_add_to_cart_form_location":"","bundle_editable_in_cart":false,"bundle_sold_individually_context":"","bundle_item_grouping":"","bundle_min_size":"","bundle_max_size":"","bundle_price":[],"bundled_items":[],"bundle_sell_ids":[],"acf":[],"df_price":3990,"df_sale_price":3990,"df_regular_price":4990,"df_image_link":"https:\/\/www.fitness-flohmarkt.ch\/wp-content\/uploads\/HSPRO-1006_2_1462x1096-4_1080x1080_ret-4-300x300.avif","_links":{"self":[{"href":"https:\/\/www.fitness-flohmarkt.ch\/fr\/wp-json\/wp\/v2\/product\/9044818","targetHints":{"allow":["GET"]}}],"collection":[{"href":"https:\/\/www.fitness-flohmarkt.ch\/fr\/wp-json\/wp\/v2\/product"}],"about":[{"href":"https:\/\/www.fitness-flohmarkt.ch\/fr\/wp-json\/wp\/v2\/types\/product"}],"replies":[{"embeddable":true,"href":"https:\/\/www.fitness-flohmarkt.ch\/fr\/wp-json\/wp\/v2\/comments?post=9044818"}],"wp:featuredmedia":[{"embeddable":true,"href":"https:\/\/www.fitness-flohmarkt.ch\/fr\/wp-json\/wp\/v2\/media\/9065408"}],"wp:attachment":[{"href":"https:\/\/www.fitness-flohmarkt.ch\/fr\/wp-json\/wp\/v2\/media?parent=9044818"}],"wp:term":[{"taxonomy":"product_brand","embeddable":true,"href":"https:\/\/www.fitness-flohmarkt.ch\/fr\/wp-json\/wp\/v2\/product_brand?post=9044818"},{"taxonomy":"product_cat","embeddable":true,"href":"https:\/\/www.fitness-flohmarkt.ch\/fr\/wp-json\/wp\/v2\/product_cat?post=9044818"},{"taxonomy":"product_tag","embeddable":true,"href":"https:\/\/www.fitness-flohmarkt.ch\/fr\/wp-json\/wp\/v2\/product_tag?post=9044818"}],"curies":[{"name":"wp","href":"https:\/\/api.w.org\/{rel}","templated":true}]}}