{"id":9044816,"date":"2025-09-02T10:50:21","date_gmt":"2025-09-02T08:50:21","guid":{"rendered":"https:\/\/www.fitness-flohmarkt.ch\/produkt\/realleader-usa-dual-bench-smith-machine-ld-1007\/"},"modified":"2026-04-21T16:35:09","modified_gmt":"2026-04-21T14:35:09","slug":"realleader-dual-bench-smith-machine-ld-1007","status":"publish","type":"product","link":"https:\/\/www.fitness-flohmarkt.ch\/fr\/produkt\/realleader-dual-bench-smith-machine-ld-1007\/","title":{"rendered":"RealLeader banc double Smith Machine | LD-1007"},"content":{"rendered":"<h3>RealLeader banc double Smith Machine LD-1007<\/h3>\n<p>Cette machine robuste \u00e0 banc plat a une presse convergente sur des glissi\u00e8res pour un mouvement doux et naturel. La machine se charge de disques d'halt\u00e8res des deux c\u00f4t\u00e9s et dispose d'un espace de rangement pour des disques de poids suppl\u00e9mentaires.<\/p>\n<ul>\n<li><span class=\"elementor-icon-list-text\">Dimensions : 2209 x 1867 x 1440 mm<\/span><\/li>\n<li><span class=\"elementor-icon-list-text\">Poids net : 200 kg<\/span><\/li>\n<\/ul>\n<p><strong>Couleur :<\/strong> Cadre noir mat, sellerie noire avec coutures noires<\/p>\n<p><strong>LD Line :<\/strong> Appareils de fitness bien pens\u00e9s avec un design ergonomique pour des mouvements physiologiquement optimaux. La s\u00e9rie LD offre une stimulation musculaire confortable et cibl\u00e9e avec des composants r\u00e9glables tels que les coussins de poitrine, les hauteurs d'assise et les angles de prise en main. Construite \u00e0 partir de robustes profil\u00e9s tubulaires en acier de 80 x 40 x 3 mm, la s\u00e9rie LD est durable, stable et adaptable \u00e0 diff\u00e9rents utilisateurs.<\/p>","protected":false},"excerpt":{"rendered":"<p>RealLeader USA Dual Bench Smith Machine LD-1007 - Machine robuste \u00e0 banc plat avec presse convergente sur glissi\u00e8res pour un mouvement doux et naturel. Chargement des disques d'halt\u00e8res des deux c\u00f4t\u00e9s avec espace de rangement pour des disques de poids suppl\u00e9mentaires. Design ergonomique pour des mouvements physiologiquement optimaux. 221 x 187 x 144 cm, 200 kg. Cadre noir mat, rembourrage noir.<\/p>","protected":false},"featured_media":9065367,"comment_status":"closed","ping_status":"closed","template":"","meta":{"_acf_changed":false,"_gspb_post_css":""},"product_brand":[1054],"product_cat":[342],"product_tag":[],"class_list":{"0":"post-9044816","1":"product","2":"type-product","3":"status-publish","4":"has-post-thumbnail","6":"product_brand-realleader","7":"product_cat-plate-loaded","8":"product_shipping_class-nicht-stapelbar","10":"first","11":"instock","12":"sale","13":"taxable","14":"shipping-taxable","15":"purchasable","16":"product-type-simple"},"bundled_by":[],"bundle_stock_status":"instock","bundle_stock_quantity":2,"bundle_virtual":false,"bundle_layout":"","bundle_add_to_cart_form_location":"","bundle_editable_in_cart":false,"bundle_sold_individually_context":"","bundle_item_grouping":"","bundle_min_size":"","bundle_max_size":"","bundle_price":[],"bundled_items":[],"bundle_sell_ids":[],"acf":[],"df_price":3990,"df_sale_price":3990,"df_regular_price":4990,"df_image_link":"https:\/\/www.fitness-flohmarkt.ch\/wp-content\/uploads\/HSPRO-1007_1462x1096-2-600x449_1080x1080_ret-7-300x300.avif","_links":{"self":[{"href":"https:\/\/www.fitness-flohmarkt.ch\/fr\/wp-json\/wp\/v2\/product\/9044816","targetHints":{"allow":["GET"]}}],"collection":[{"href":"https:\/\/www.fitness-flohmarkt.ch\/fr\/wp-json\/wp\/v2\/product"}],"about":[{"href":"https:\/\/www.fitness-flohmarkt.ch\/fr\/wp-json\/wp\/v2\/types\/product"}],"replies":[{"embeddable":true,"href":"https:\/\/www.fitness-flohmarkt.ch\/fr\/wp-json\/wp\/v2\/comments?post=9044816"}],"wp:featuredmedia":[{"embeddable":true,"href":"https:\/\/www.fitness-flohmarkt.ch\/fr\/wp-json\/wp\/v2\/media\/9065367"}],"wp:attachment":[{"href":"https:\/\/www.fitness-flohmarkt.ch\/fr\/wp-json\/wp\/v2\/media?parent=9044816"}],"wp:term":[{"taxonomy":"product_brand","embeddable":true,"href":"https:\/\/www.fitness-flohmarkt.ch\/fr\/wp-json\/wp\/v2\/product_brand?post=9044816"},{"taxonomy":"product_cat","embeddable":true,"href":"https:\/\/www.fitness-flohmarkt.ch\/fr\/wp-json\/wp\/v2\/product_cat?post=9044816"},{"taxonomy":"product_tag","embeddable":true,"href":"https:\/\/www.fitness-flohmarkt.ch\/fr\/wp-json\/wp\/v2\/product_tag?post=9044816"}],"curies":[{"name":"wp","href":"https:\/\/api.w.org\/{rel}","templated":true}]}}