{"id":9044779,"date":"2025-09-02T10:30:23","date_gmt":"2025-09-02T08:30:23","guid":{"rendered":"https:\/\/www.fitness-flohmarkt.ch\/produkt\/realleader-usa-chest-press-ld-1001\/"},"modified":"2026-04-21T16:35:38","modified_gmt":"2026-04-21T14:35:38","slug":"realleader-chest-press-ld-1001","status":"publish","type":"product","link":"https:\/\/www.fitness-flohmarkt.ch\/fr\/produkt\/realleader-chest-press-ld-1001\/","title":{"rendered":"Presse \u00e0 poitrine RealLeader | LD-1001"},"content":{"rendered":"<h3 data-start=\"0\" data-end=\"159\">RealLeader Chest Press | LD-1001<\/h3>\n<div>\n<div class=\"grid-cols-1 grid gap-2.5 [&amp;_&gt;_*]:min-w-0\">\n<p class=\"whitespace-normal break-words\">Diese robuste Brustpresse verf\u00fcgt \u00fcber konvergierende Arme f\u00fcr eine nat\u00fcrlichere Bewegungsbahn. Ein Hebel unter dem Sitz passt sich an die K\u00f6rpergr\u00f6sse des Benutzers an. Das Fusspedal darunter hilft bei der Sicherheitssperre f\u00fcr das Starten\/Beenden der Bewegung. Die Maschine wird mit Hantelscheiben auf beiden Seiten beladen.<\/p>\n<\/div>\n<\/div>\n<ul>\n<li><span class=\"elementor-icon-list-text\">Dimensionen: 1350 x 1550 x 1830 mm<\/span><\/li>\n<li><span class=\"elementor-icon-list-text\">Nettogewicht: 153 kg<\/span><\/li>\n<\/ul>\n<p><strong>Farbe:<\/strong> Rahmen matt Schwarz, Polster Schwarz mit schwarzen N\u00e4hten<\/p>\n<p><strong>LD Line:<\/strong> Durchdachte Fitnessger\u00e4te mit ergonomischem Design f\u00fcr physiologisch optimale Bewegungen. Die LD-Serie bietet komfortable, zielgerichtete Muskelstimulation mit verstellbaren Komponenten wie Brustpolstern, Sitzh\u00f6hen und Griffwinkeln. Gebaut aus robusten 80 x 40 x 3 mm Stahlrohrprofilen ist die LD-Serie langlebig, stabil und f\u00fcr verschiedene Benutzer anpassbar.<\/p>\n","protected":false},"excerpt":{"rendered":"<p>RealLeader USA Chest Press LD-1001 - presse \u00e0 poitrine robuste avec bras convergents pour une trajectoire de mouvement naturelle. Si\u00e8ge r\u00e9glable par levier, p\u00e9dale de s\u00e9curit\u00e9 au d\u00e9marrage\/arr\u00eat, chargement des disques d'halt\u00e8res des deux c\u00f4t\u00e9s. Design ergonomique pour des mouvements physiologiquement optimaux. 135 x 155 x 183 cm, 153 kg. Cadre noir mat, rembourrage noir.<\/p>","protected":false},"featured_media":9065369,"comment_status":"closed","ping_status":"closed","template":"","meta":{"_acf_changed":false,"_gspb_post_css":""},"product_brand":[1054],"product_cat":[342],"product_tag":[],"class_list":{"0":"post-9044779","1":"product","2":"type-product","3":"status-publish","4":"has-post-thumbnail","6":"product_brand-realleader","7":"product_cat-plate-loaded","8":"product_shipping_class-nicht-stapelbar","10":"first","11":"instock","12":"sale","13":"taxable","14":"shipping-taxable","15":"purchasable","16":"product-type-simple"},"bundled_by":[],"bundle_stock_status":"instock","bundle_stock_quantity":1,"bundle_virtual":false,"bundle_layout":"","bundle_add_to_cart_form_location":"","bundle_editable_in_cart":false,"bundle_sold_individually_context":"","bundle_item_grouping":"","bundle_min_size":"","bundle_max_size":"","bundle_price":[],"bundled_items":[],"bundle_sell_ids":[],"acf":[],"df_price":3990,"df_sale_price":3990,"df_regular_price":4990,"df_image_link":"https:\/\/www.fitness-flohmarkt.ch\/wp-content\/uploads\/HSPRO-1001_935x700-3_1080x1080-5-300x300.avif","_links":{"self":[{"href":"https:\/\/www.fitness-flohmarkt.ch\/fr\/wp-json\/wp\/v2\/product\/9044779","targetHints":{"allow":["GET"]}}],"collection":[{"href":"https:\/\/www.fitness-flohmarkt.ch\/fr\/wp-json\/wp\/v2\/product"}],"about":[{"href":"https:\/\/www.fitness-flohmarkt.ch\/fr\/wp-json\/wp\/v2\/types\/product"}],"replies":[{"embeddable":true,"href":"https:\/\/www.fitness-flohmarkt.ch\/fr\/wp-json\/wp\/v2\/comments?post=9044779"}],"wp:featuredmedia":[{"embeddable":true,"href":"https:\/\/www.fitness-flohmarkt.ch\/fr\/wp-json\/wp\/v2\/media\/9065369"}],"wp:attachment":[{"href":"https:\/\/www.fitness-flohmarkt.ch\/fr\/wp-json\/wp\/v2\/media?parent=9044779"}],"wp:term":[{"taxonomy":"product_brand","embeddable":true,"href":"https:\/\/www.fitness-flohmarkt.ch\/fr\/wp-json\/wp\/v2\/product_brand?post=9044779"},{"taxonomy":"product_cat","embeddable":true,"href":"https:\/\/www.fitness-flohmarkt.ch\/fr\/wp-json\/wp\/v2\/product_cat?post=9044779"},{"taxonomy":"product_tag","embeddable":true,"href":"https:\/\/www.fitness-flohmarkt.ch\/fr\/wp-json\/wp\/v2\/product_tag?post=9044779"}],"curies":[{"name":"wp","href":"https:\/\/api.w.org\/{rel}","templated":true}]}}