{"id":9044777,"date":"2025-09-02T10:30:17","date_gmt":"2025-09-02T08:30:17","guid":{"rendered":"https:\/\/www.fitness-flohmarkt.ch\/produkt\/realleader-usa-back-extension-ab-crunch-pf-1005\/"},"modified":"2026-04-21T16:57:12","modified_gmt":"2026-04-21T14:57:12","slug":"realleader-back-extension-ab-crunch-pf-1005","status":"publish","type":"product","link":"https:\/\/www.fitness-flohmarkt.ch\/fr\/produkt\/realleader-back-extension-ab-crunch-pf-1005\/","title":{"rendered":"RealLeader Back Extension Ab Crunch Combo | PF-1005"},"content":{"rendered":"<h3 data-start=\"0\" data-end=\"159\">Extension arri\u00e8re RealLeader\/Ab Crunch PF-1005<\/h3>\n<p>Cette machine a un double objectif et entra\u00eene \u00e0 la fois le dos et le tronc. Des leviers sur le bras de la machine permettent aux utilisateurs d'ajuster la position de d\u00e9part\/s\u00e9lection d'exercices. Elle est bien rembourr\u00e9e sur toute sa longueur pour un confort optimal pendant le mouvement. Elle dispose de p\u00e9dales et de poign\u00e9es des deux c\u00f4t\u00e9s de la chaise pour te soutenir pendant l'exercice. Le poids se r\u00e8gle \u00e0 l'aide d'une goupille sur une pile de poids.<\/p>\n<ul>\n<li><span class=\"elementor-icon-list-text\">Dimensions : 1230 x 932 x 1515 mm<\/span><\/li>\n<li><span class=\"elementor-icon-list-text\">Poids net : 134 kg<\/span><\/li>\n<li><span class=\"elementor-icon-list-text\">Pile de poids : 218 lbs\/99 kg<\/span><\/li>\n<\/ul>\n<p><strong>Couleur :<\/strong> Cadre noir mat, sellerie noire avec coutures noires<\/p>\n<p><strong>PF Line :<\/strong> La solution de fitness \u00e0 double fonction peu encombrante (2-en-1) avec une simple plateforme d'empilement de poids. Ergonomiquement con\u00e7u pour une position d'entra\u00eenement confortable et r\u00e9glable, test\u00e9 par des bodybuilders de renomm\u00e9e mondiale. Construction de haute qualit\u00e9 selon les principes ergonomiques et kin\u00e9siologiques pour une s\u00e9rie professionnelle.<\/p>","protected":false},"excerpt":{"rendered":"<p>RealLeader USA Back Extension\/Ab Crunch PF-1005 - Machine \u00e0 double fonction pour l'entra\u00eenement du dos et du tronc. Levier pour la position de d\u00e9part\/s\u00e9lection des exercices, rembourrage sur toute la longueur, p\u00e9dales et poign\u00e9es lat\u00e9rales pour le soutien, pile de poids de 99 kg avec syst\u00e8me de goupilles. Solution 2 en 1 peu encombrante selon les principes ergonomiques. 123 x 93 x 152 cm, 134 kg. Cadre noir mat, rembourrage noir.<\/p>","protected":false},"featured_media":9065410,"comment_status":"closed","ping_status":"closed","template":"","meta":{"_acf_changed":false,"_gspb_post_css":""},"product_brand":[1054],"product_cat":[310],"product_tag":[],"class_list":{"0":"post-9044777","1":"product","2":"type-product","3":"status-publish","4":"has-post-thumbnail","6":"product_brand-realleader","7":"product_cat-steckgewichte","8":"product_shipping_class-nicht-stapelbar","10":"first","11":"outofstock","12":"sale","13":"taxable","14":"shipping-taxable","15":"purchasable","16":"product-type-simple"},"bundled_by":[],"bundle_stock_status":"outofstock","bundle_stock_quantity":0,"bundle_virtual":false,"bundle_layout":"","bundle_add_to_cart_form_location":"","bundle_editable_in_cart":false,"bundle_sold_individually_context":"","bundle_item_grouping":"","bundle_min_size":"","bundle_max_size":"","bundle_price":[],"bundled_items":[],"bundle_sell_ids":[],"acf":[],"df_price":2990,"df_sale_price":2990,"df_regular_price":3990,"df_image_link":"https:\/\/www.fitness-flohmarkt.ch\/wp-content\/uploads\/1005xin-5_1080x1080_ret-5-300x300.avif","_links":{"self":[{"href":"https:\/\/www.fitness-flohmarkt.ch\/fr\/wp-json\/wp\/v2\/product\/9044777","targetHints":{"allow":["GET"]}}],"collection":[{"href":"https:\/\/www.fitness-flohmarkt.ch\/fr\/wp-json\/wp\/v2\/product"}],"about":[{"href":"https:\/\/www.fitness-flohmarkt.ch\/fr\/wp-json\/wp\/v2\/types\/product"}],"replies":[{"embeddable":true,"href":"https:\/\/www.fitness-flohmarkt.ch\/fr\/wp-json\/wp\/v2\/comments?post=9044777"}],"wp:featuredmedia":[{"embeddable":true,"href":"https:\/\/www.fitness-flohmarkt.ch\/fr\/wp-json\/wp\/v2\/media\/9065410"}],"wp:attachment":[{"href":"https:\/\/www.fitness-flohmarkt.ch\/fr\/wp-json\/wp\/v2\/media?parent=9044777"}],"wp:term":[{"taxonomy":"product_brand","embeddable":true,"href":"https:\/\/www.fitness-flohmarkt.ch\/fr\/wp-json\/wp\/v2\/product_brand?post=9044777"},{"taxonomy":"product_cat","embeddable":true,"href":"https:\/\/www.fitness-flohmarkt.ch\/fr\/wp-json\/wp\/v2\/product_cat?post=9044777"},{"taxonomy":"product_tag","embeddable":true,"href":"https:\/\/www.fitness-flohmarkt.ch\/fr\/wp-json\/wp\/v2\/product_tag?post=9044777"}],"curies":[{"name":"wp","href":"https:\/\/api.w.org\/{rel}","templated":true}]}}