{"id":9044775,"date":"2025-09-02T10:30:10","date_gmt":"2025-09-02T08:30:10","guid":{"rendered":"https:\/\/www.fitness-flohmarkt.ch\/produkt\/realleader-usa-iso-lateral-leg-press-rs-1023\/"},"modified":"2026-04-21T16:56:53","modified_gmt":"2026-04-21T14:56:53","slug":"realleader-iso-pression-laterale-sur-la-jambe-rs-1023","status":"publish","type":"product","link":"https:\/\/www.fitness-flohmarkt.ch\/fr\/produkt\/realleader-iso-lateral-leg-press-rs-1023\/","title":{"rendered":"RealLeader Iso presse jambes lat\u00e9rales | RS-1023"},"content":{"rendered":"<h3 data-start=\"0\" data-end=\"159\">RealLeader Iso presse jambes lat\u00e9rales | RS-1023<\/h3>\n<p>Cette robuste machine \u00e0 presser les jambes dispose d'une chaise r\u00e9glable qui peut changer \u00e0 la fois son angle et sa distance par rapport aux repose-pieds. Elle se d\u00e9place dans une trajectoire naturelle et convient aussi bien \u00e0 l'entra\u00eenement des deux jambes ensemble qu'isol\u00e9ment. Chaque c\u00f4t\u00e9 de la machine peut \u00eatre charg\u00e9 ind\u00e9pendamment avec des disques de poids \u00e0 l'arri\u00e8re.<\/p>\n<ul>\n<li><span class=\"elementor-icon-list-text\">Dimensions : 1335 x 1895 x 1475 mm<\/span><\/li>\n<li><span class=\"elementor-icon-list-text\">Poids net : 194 kg<\/span><\/li>\n<\/ul>\n<p><strong>Couleur :<\/strong> Cadre noir mat, sellerie noire avec coutures noires<\/p>\n<p><strong>RS Line :<\/strong> Des appareils robustes et puissants pour les champions de bodybuilding et les professionnels du fitness. La s\u00e9rie RS Plate Loaded a un design ergonomique parfait avec des arcs et des angles optimaux pour la physiologie humaine de l'entra\u00eenement. Construite en tubes d'acier de 80 x 40 x 3 mm, la s\u00e9rie RS est forte, stable et robuste.<\/p>","protected":false},"excerpt":{"rendered":"<p>RealLeader USA Iso Lateral Leg Press RS-1023 - Machine robuste pour presser les jambes avec chaise r\u00e9glable pour l'angle et la distance par rapport aux repose-pieds. Trajectoire naturelle pour l'entra\u00eenement des jambes des deux c\u00f4t\u00e9s ou de mani\u00e8re isol\u00e9e, chargement ind\u00e9pendant des disques de poids de chaque c\u00f4t\u00e9. Design ergonomique avec des arcs et des angles optimaux. 134 x 190 x 148 cm, 194 kg. Cadre noir mat, coussins noirs.<\/p>","protected":false},"featured_media":9065409,"comment_status":"closed","ping_status":"closed","template":"","meta":{"_acf_changed":false,"_gspb_post_css":""},"product_brand":[1054],"product_cat":[342],"product_tag":[],"class_list":{"0":"post-9044775","1":"product","2":"type-product","3":"status-publish","4":"has-post-thumbnail","6":"product_brand-realleader","7":"product_cat-plate-loaded","8":"product_shipping_class-nicht-stapelbar","10":"first","11":"instock","12":"sale","13":"taxable","14":"shipping-taxable","15":"purchasable","16":"product-type-simple"},"bundled_by":[],"bundle_stock_status":"instock","bundle_stock_quantity":1,"bundle_virtual":false,"bundle_layout":"","bundle_add_to_cart_form_location":"","bundle_editable_in_cart":false,"bundle_sold_individually_context":"","bundle_item_grouping":"","bundle_min_size":"","bundle_max_size":"","bundle_price":[],"bundled_items":[],"bundle_sell_ids":[],"acf":[],"df_price":2990,"df_sale_price":2990,"df_regular_price":3990,"df_image_link":"https:\/\/www.fitness-flohmarkt.ch\/wp-content\/uploads\/HS-1023_849x700-4_1080x1080-3-300x300.avif","_links":{"self":[{"href":"https:\/\/www.fitness-flohmarkt.ch\/fr\/wp-json\/wp\/v2\/product\/9044775","targetHints":{"allow":["GET"]}}],"collection":[{"href":"https:\/\/www.fitness-flohmarkt.ch\/fr\/wp-json\/wp\/v2\/product"}],"about":[{"href":"https:\/\/www.fitness-flohmarkt.ch\/fr\/wp-json\/wp\/v2\/types\/product"}],"replies":[{"embeddable":true,"href":"https:\/\/www.fitness-flohmarkt.ch\/fr\/wp-json\/wp\/v2\/comments?post=9044775"}],"wp:featuredmedia":[{"embeddable":true,"href":"https:\/\/www.fitness-flohmarkt.ch\/fr\/wp-json\/wp\/v2\/media\/9065409"}],"wp:attachment":[{"href":"https:\/\/www.fitness-flohmarkt.ch\/fr\/wp-json\/wp\/v2\/media?parent=9044775"}],"wp:term":[{"taxonomy":"product_brand","embeddable":true,"href":"https:\/\/www.fitness-flohmarkt.ch\/fr\/wp-json\/wp\/v2\/product_brand?post=9044775"},{"taxonomy":"product_cat","embeddable":true,"href":"https:\/\/www.fitness-flohmarkt.ch\/fr\/wp-json\/wp\/v2\/product_cat?post=9044775"},{"taxonomy":"product_tag","embeddable":true,"href":"https:\/\/www.fitness-flohmarkt.ch\/fr\/wp-json\/wp\/v2\/product_tag?post=9044775"}],"curies":[{"name":"wp","href":"https:\/\/api.w.org\/{rel}","templated":true}]}}