{"id":9044771,"date":"2025-09-02T10:10:48","date_gmt":"2025-09-02T08:10:48","guid":{"rendered":"https:\/\/www.fitness-flohmarkt.ch\/produkt\/realleader-usa-leg-extension-m2-1005\/"},"modified":"2026-04-21T16:58:51","modified_gmt":"2026-04-21T14:58:51","slug":"realleader-extension-de-jambe-m2-1005","status":"publish","type":"product","link":"https:\/\/www.fitness-flohmarkt.ch\/fr\/produkt\/realleader-leg-extension-m2-1005\/","title":{"rendered":"Extension de jambe RealLeader | M2-1005"},"content":{"rendered":"<h3>Extension de jambe RealLeader M2-1005<\/h3>\n<p>Cette machine \u00e0 \u00e9tirer les jambes dispose de plusieurs fonctions r\u00e9glables : Le si\u00e8ge peut \u00eatre ajust\u00e9 \u00e0 la taille souhait\u00e9e de l'utilisateur, tout comme le coussin pour les pieds. Le levier \u00e0 droite du si\u00e8ge, au niveau de l'articulation du genou, ajuste la position de d\u00e9part de l'exercice et permet \u00e0 l'utilisateur de se lever confortablement apr\u00e8s l'entra\u00eenement. Le poids se r\u00e8gle \u00e0 l'aide d'une goupille sur une pile de poids.<\/p>\n<ul>\n<li><span class=\"elementor-icon-list-text\">Dimensions : 1255 x 180 x 1615 mm<\/span><\/li>\n<li><span class=\"elementor-icon-list-text\">Poids net : 153 kg<\/span><\/li>\n<li><span class=\"elementor-icon-list-text\">Pile de poids : 293 lbs\/133 kg<\/span><\/li>\n<\/ul>\n<p><strong>Couleur :<\/strong> Cadre noir mat, sellerie noire avec coutures noires<\/p>\n<p><strong>M2 Line :<\/strong> L'option fitness ultime avec un m\u00e9canisme cach\u00e9 \u00e0 deux poulies. Ergonomiquement con\u00e7u pour des mouvements physiologiquement naturels, fabriqu\u00e9 \u00e0 partir d'un robuste profil\u00e9 en acier de 50 x 100 x 3 mm. Rev\u00eatement en poudre de haute qualit\u00e9 et soudures pour une s\u00e9rie professionnelle attrayante.<\/p>","protected":false},"excerpt":{"rendered":"<p>RealLeader USA Leg Extension M2-1005 - Machine d'extension des jambes avec si\u00e8ge r\u00e9glable et coussin pour les pieds. Levier \u00e0 l'articulation du genou pour une position de d\u00e9part et une sortie confortable, pile de poids de 133 kg avec syst\u00e8me de goupilles. Design ergonomique pour des mouvements naturels. 126 x 180 x 162 cm, 153 kg. Cadre noir mat, coussins noirs.<\/p>","protected":false},"featured_media":9065417,"comment_status":"closed","ping_status":"closed","template":"","meta":{"_acf_changed":false,"_gspb_post_css":""},"product_brand":[1054],"product_cat":[310],"product_tag":[],"class_list":{"0":"post-9044771","1":"product","2":"type-product","3":"status-publish","4":"has-post-thumbnail","6":"product_brand-realleader","7":"product_cat-steckgewichte","8":"product_shipping_class-nicht-stapelbar","10":"first","11":"instock","12":"sale","13":"taxable","14":"shipping-taxable","15":"purchasable","16":"product-type-simple"},"bundled_by":[],"bundle_stock_status":"instock","bundle_stock_quantity":3,"bundle_virtual":false,"bundle_layout":"","bundle_add_to_cart_form_location":"","bundle_editable_in_cart":false,"bundle_sold_individually_context":"","bundle_item_grouping":"","bundle_min_size":"","bundle_max_size":"","bundle_price":[],"bundled_items":[],"bundle_sell_ids":[],"acf":[],"df_price":2990,"df_sale_price":2990,"df_regular_price":3990,"df_image_link":"https:\/\/www.fitness-flohmarkt.ch\/wp-content\/uploads\/M2-1005-scaled-5-600x648_1080x1080_ret-5-300x300.avif","_links":{"self":[{"href":"https:\/\/www.fitness-flohmarkt.ch\/fr\/wp-json\/wp\/v2\/product\/9044771","targetHints":{"allow":["GET"]}}],"collection":[{"href":"https:\/\/www.fitness-flohmarkt.ch\/fr\/wp-json\/wp\/v2\/product"}],"about":[{"href":"https:\/\/www.fitness-flohmarkt.ch\/fr\/wp-json\/wp\/v2\/types\/product"}],"replies":[{"embeddable":true,"href":"https:\/\/www.fitness-flohmarkt.ch\/fr\/wp-json\/wp\/v2\/comments?post=9044771"}],"wp:featuredmedia":[{"embeddable":true,"href":"https:\/\/www.fitness-flohmarkt.ch\/fr\/wp-json\/wp\/v2\/media\/9065417"}],"wp:attachment":[{"href":"https:\/\/www.fitness-flohmarkt.ch\/fr\/wp-json\/wp\/v2\/media?parent=9044771"}],"wp:term":[{"taxonomy":"product_brand","embeddable":true,"href":"https:\/\/www.fitness-flohmarkt.ch\/fr\/wp-json\/wp\/v2\/product_brand?post=9044771"},{"taxonomy":"product_cat","embeddable":true,"href":"https:\/\/www.fitness-flohmarkt.ch\/fr\/wp-json\/wp\/v2\/product_cat?post=9044771"},{"taxonomy":"product_tag","embeddable":true,"href":"https:\/\/www.fitness-flohmarkt.ch\/fr\/wp-json\/wp\/v2\/product_tag?post=9044771"}],"curies":[{"name":"wp","href":"https:\/\/api.w.org\/{rel}","templated":true}]}}