{"id":9044769,"date":"2025-09-02T10:10:41","date_gmt":"2025-09-02T08:10:41","guid":{"rendered":"https:\/\/www.fitness-flohmarkt.ch\/produkt\/realleader-usa-shoulder-press-m2-1007\/"},"modified":"2026-04-21T16:58:38","modified_gmt":"2026-04-21T14:58:38","slug":"realleader-shoulder-press-m2-1007","status":"publish","type":"product","link":"https:\/\/www.fitness-flohmarkt.ch\/fr\/produkt\/realleader-shoulder-press-m2-1007\/","title":{"rendered":"Presse d'\u00e9paule RealLeader | M2-1007"},"content":{"rendered":"<h3 data-start=\"0\" data-end=\"159\">Presse d'\u00e9paule RealLeader M2-1007<\/h3>\n<p>Cette presse \u00e0 \u00e9paules dispose d'un si\u00e8ge r\u00e9glable en hauteur pour l'utilisateur. Elle est \u00e9quip\u00e9e de poign\u00e9es coud\u00e9es qui permettent une prise neutre ou sup\u00e9rieure. Elle est bien rembourr\u00e9e, durable et offre un mouvement r\u00e9gulier. Le poids se r\u00e8gle \u00e0 l'aide d'une goupille sur un empilement de poids.<\/p>\n<ul>\n<li><span class=\"elementor-icon-list-text\">Dimensions : 1455 x 1685 x 1515 mm<\/span><\/li>\n<li><span class=\"elementor-icon-list-text\">Poids net : 172 kg<\/span><\/li>\n<li><span class=\"elementor-icon-list-text\">Pile de poids : 218 lbs\/99 kg<\/span><\/li>\n<\/ul>\n<p><strong>Couleur :<\/strong> Cadre noir mat, sellerie noire avec coutures noires<\/p>\n<p><strong>M2 Line :<\/strong> L'option fitness ultime avec un m\u00e9canisme cach\u00e9 \u00e0 deux poulies. Ergonomiquement con\u00e7u pour des mouvements physiologiquement naturels, fabriqu\u00e9 \u00e0 partir d'un robuste profil\u00e9 en acier de 50 x 100 x 3 mm. Rev\u00eatement en poudre de haute qualit\u00e9 et soudures pour une s\u00e9rie professionnelle attrayante.<\/p>","protected":false},"excerpt":{"rendered":"<p>RealLeader USA Shoulder Press M2-1007 - Presse d'\u00e9paule professionnelle avec si\u00e8ge r\u00e9glable en hauteur et poign\u00e9es coud\u00e9es. Design ergonomique pour des mouvements naturels, pile de poids de 99 kg avec syst\u00e8me de goupilles. 146 x 169 x 152 cm, 172 kg. Cadre noir mat, rembourrage noir.<\/p>","protected":false},"featured_media":9065416,"comment_status":"closed","ping_status":"closed","template":"","meta":{"_acf_changed":false,"_gspb_post_css":""},"product_brand":[1054],"product_cat":[310],"product_tag":[],"class_list":{"0":"post-9044769","1":"product","2":"type-product","3":"status-publish","4":"has-post-thumbnail","6":"product_brand-realleader","7":"product_cat-steckgewichte","8":"product_shipping_class-nicht-stapelbar","10":"first","11":"outofstock","12":"sale","13":"taxable","14":"shipping-taxable","15":"purchasable","16":"product-type-simple"},"bundled_by":[],"bundle_stock_status":"outofstock","bundle_stock_quantity":0,"bundle_virtual":false,"bundle_layout":"","bundle_add_to_cart_form_location":"","bundle_editable_in_cart":false,"bundle_sold_individually_context":"","bundle_item_grouping":"","bundle_min_size":"","bundle_max_size":"","bundle_price":[],"bundled_items":[],"bundle_sell_ids":[],"acf":[],"df_price":2990,"df_sale_price":2990,"df_regular_price":3990,"df_image_link":"https:\/\/www.fitness-flohmarkt.ch\/wp-content\/uploads\/M2-1007-Schulterpresse-scaled-1-3_1080x1080_ret-5-300x300.avif","_links":{"self":[{"href":"https:\/\/www.fitness-flohmarkt.ch\/fr\/wp-json\/wp\/v2\/product\/9044769","targetHints":{"allow":["GET"]}}],"collection":[{"href":"https:\/\/www.fitness-flohmarkt.ch\/fr\/wp-json\/wp\/v2\/product"}],"about":[{"href":"https:\/\/www.fitness-flohmarkt.ch\/fr\/wp-json\/wp\/v2\/types\/product"}],"replies":[{"embeddable":true,"href":"https:\/\/www.fitness-flohmarkt.ch\/fr\/wp-json\/wp\/v2\/comments?post=9044769"}],"wp:featuredmedia":[{"embeddable":true,"href":"https:\/\/www.fitness-flohmarkt.ch\/fr\/wp-json\/wp\/v2\/media\/9065416"}],"wp:attachment":[{"href":"https:\/\/www.fitness-flohmarkt.ch\/fr\/wp-json\/wp\/v2\/media?parent=9044769"}],"wp:term":[{"taxonomy":"product_brand","embeddable":true,"href":"https:\/\/www.fitness-flohmarkt.ch\/fr\/wp-json\/wp\/v2\/product_brand?post=9044769"},{"taxonomy":"product_cat","embeddable":true,"href":"https:\/\/www.fitness-flohmarkt.ch\/fr\/wp-json\/wp\/v2\/product_cat?post=9044769"},{"taxonomy":"product_tag","embeddable":true,"href":"https:\/\/www.fitness-flohmarkt.ch\/fr\/wp-json\/wp\/v2\/product_tag?post=9044769"}],"curies":[{"name":"wp","href":"https:\/\/api.w.org\/{rel}","templated":true}]}}