{"id":9044767,"date":"2025-09-02T10:10:34","date_gmt":"2025-09-02T08:10:34","guid":{"rendered":"https:\/\/www.fitness-flohmarkt.ch\/produkt\/realleader-usa-seated-leg-press-m2-1009\/"},"modified":"2026-04-21T16:58:24","modified_gmt":"2026-04-21T14:58:24","slug":"realleader-presse-jambes-assises-m2-1009","status":"publish","type":"product","link":"https:\/\/www.fitness-flohmarkt.ch\/fr\/produkt\/realleader-seated-leg-press-m2-1009\/","title":{"rendered":"Presse \u00e0 jambes assises RealLeader | M2-1009"},"content":{"rendered":"<h3>Presse \u00e0 jambes assises RealLeader M2-1009<\/h3>\n<p>Cette presse \u00e0 jambes horizontale dispose d'un repose-pieds fixe - o\u00f9 la r\u00e9sistance pousse le si\u00e8ge vers l'arri\u00e8re. Cette machine a des leviers pour contr\u00f4ler la profondeur d'assise, ce qui permet un ajustement facile \u00e0 la mobilit\u00e9 de l'utilisateur et augmente la s\u00e9curit\u00e9 lors de l'utilisation et de la sortie de la machine. Le poids se r\u00e8gle \u00e0 l'aide d'une goupille sur un empilement de poids.<\/p>\n<ul>\n<li><span class=\"elementor-icon-list-text\">Dimensions : 1945 x 1010 x 1715 mm<\/span><\/li>\n<li><span class=\"elementor-icon-list-text\">Poids net : 256 kg<\/span><\/li>\n<li><span class=\"elementor-icon-list-text\">Pile de poids : 293 lbs\/133 kg<\/span><\/li>\n<\/ul>\n<p><strong>Couleur :<\/strong> Cadre noir mat, sellerie noire avec coutures noires<\/p>\n<p><strong>M2 Line :<\/strong> L'option fitness ultime avec un m\u00e9canisme cach\u00e9 \u00e0 deux poulies. Ergonomiquement con\u00e7u pour des mouvements physiologiquement naturels, fabriqu\u00e9 \u00e0 partir d'un robuste profil\u00e9 en acier de 50 x 100 x 3 mm. Rev\u00eatement en poudre de haute qualit\u00e9 et soudures pour une s\u00e9rie professionnelle attrayante.<\/p>","protected":false},"excerpt":{"rendered":"<p>RealLeader USA Seated Leg Press M2-1009 - presse jambes horizontale avec repose-pieds fixe et si\u00e8ge mobile. Levier de contr\u00f4le de la profondeur d'assise pour une adaptation et une s\u00e9curit\u00e9 optimales, pile de poids de 133 kg avec syst\u00e8me de goupilles. Design ergonomique pour des mouvements naturels. 195 x 101 x 172 cm, 256 kg. Cadre noir mat, rembourrage noir.<\/p>","protected":false},"featured_media":9065415,"comment_status":"closed","ping_status":"closed","template":"","meta":{"_acf_changed":false,"_gspb_post_css":""},"product_brand":[1054],"product_cat":[310],"product_tag":[],"class_list":{"0":"post-9044767","1":"product","2":"type-product","3":"status-publish","4":"has-post-thumbnail","6":"product_brand-realleader","7":"product_cat-steckgewichte","8":"product_shipping_class-nicht-stapelbar","10":"first","11":"outofstock","12":"sale","13":"taxable","14":"shipping-taxable","15":"purchasable","16":"product-type-simple"},"bundled_by":[],"bundle_stock_status":"outofstock","bundle_stock_quantity":0,"bundle_virtual":false,"bundle_layout":"","bundle_add_to_cart_form_location":"","bundle_editable_in_cart":false,"bundle_sold_individually_context":"","bundle_item_grouping":"","bundle_min_size":"","bundle_max_size":"","bundle_price":[],"bundled_items":[],"bundle_sell_ids":[],"acf":[],"df_price":3990,"df_sale_price":3990,"df_regular_price":4990,"df_image_link":"https:\/\/www.fitness-flohmarkt.ch\/wp-content\/uploads\/M2-1009xin-5_1080x1080_ret-8-300x300.avif","_links":{"self":[{"href":"https:\/\/www.fitness-flohmarkt.ch\/fr\/wp-json\/wp\/v2\/product\/9044767","targetHints":{"allow":["GET"]}}],"collection":[{"href":"https:\/\/www.fitness-flohmarkt.ch\/fr\/wp-json\/wp\/v2\/product"}],"about":[{"href":"https:\/\/www.fitness-flohmarkt.ch\/fr\/wp-json\/wp\/v2\/types\/product"}],"replies":[{"embeddable":true,"href":"https:\/\/www.fitness-flohmarkt.ch\/fr\/wp-json\/wp\/v2\/comments?post=9044767"}],"wp:featuredmedia":[{"embeddable":true,"href":"https:\/\/www.fitness-flohmarkt.ch\/fr\/wp-json\/wp\/v2\/media\/9065415"}],"wp:attachment":[{"href":"https:\/\/www.fitness-flohmarkt.ch\/fr\/wp-json\/wp\/v2\/media?parent=9044767"}],"wp:term":[{"taxonomy":"product_brand","embeddable":true,"href":"https:\/\/www.fitness-flohmarkt.ch\/fr\/wp-json\/wp\/v2\/product_brand?post=9044767"},{"taxonomy":"product_cat","embeddable":true,"href":"https:\/\/www.fitness-flohmarkt.ch\/fr\/wp-json\/wp\/v2\/product_cat?post=9044767"},{"taxonomy":"product_tag","embeddable":true,"href":"https:\/\/www.fitness-flohmarkt.ch\/fr\/wp-json\/wp\/v2\/product_tag?post=9044767"}],"curies":[{"name":"wp","href":"https:\/\/api.w.org\/{rel}","templated":true}]}}