{"id":9044761,"date":"2025-09-02T10:10:15","date_gmt":"2025-09-02T08:10:15","guid":{"rendered":"https:\/\/www.fitness-flohmarkt.ch\/produkt\/realleader-usa-chin-dip-assist-m2-1020\/"},"modified":"2026-04-21T16:35:52","modified_gmt":"2026-04-21T14:35:52","slug":"realleader-chin-dip-assist-m2-1020","status":"publish","type":"product","link":"https:\/\/www.fitness-flohmarkt.ch\/fr\/produkt\/realleader-chin-dip-assist-m2-1020\/","title":{"rendered":"RealLeader Chin Dip Assist | M2-1020"},"content":{"rendered":"<h3>RealLeader Chin Dip Assist M2-1020<\/h3>\n<p>Cette machine permet une double fonction pour les tractions et les dips assist\u00e9s. Cette machine est ajustable gr\u00e2ce \u00e0 un levier sous le 'si\u00e8ge d'appui' pour enlever le soutien, ainsi qu'\u00e0 des poign\u00e9es de dips qui tournent vers l'int\u00e9rieur\/l'ext\u00e9rieur selon la pr\u00e9f\u00e9rence de l'utilisateur. Plusieurs poign\u00e9es de traction permettent aux utilisateurs de s'entra\u00eener aux tractions sous diff\u00e9rents angles. Le niveau de soutien se r\u00e8gle \u00e0 l'aide d'une goupille sur une pile de poids.<\/p>\n<ul>\n<li><span class=\"elementor-icon-list-text\">Dimensions : 1278 x 1202 x 2208 mm<\/span><\/li>\n<li><span class=\"elementor-icon-list-text\">Poids net : 210 kg<\/span><\/li>\n<li><span class=\"elementor-icon-list-text\">Pile de poids : 263 lbs\/119 kg<\/span><\/li>\n<\/ul>\n<p><strong>Couleur :<\/strong> Cadre noir mat, sellerie noire avec coutures noires<\/p>\n<p><strong>M2 Line :<\/strong> L'option fitness ultime avec un m\u00e9canisme cach\u00e9 \u00e0 deux poulies. Ergonomiquement con\u00e7u pour des mouvements physiologiquement naturels, fabriqu\u00e9 \u00e0 partir d'un robuste profil\u00e9 en acier de 50 x 100 x 3 mm. Rev\u00eatement en poudre de haute qualit\u00e9 et soudures pour une s\u00e9rie professionnelle attrayante.<\/p>","protected":false},"excerpt":{"rendered":"<p>RealLeader USA Chin Dip Assist M2-1020 - Machine \u00e0 double fonction pour les tractions et les dips assist\u00e9s. Si\u00e8ge d'appui r\u00e9glable, poign\u00e9es de dips rotatives et plusieurs poign\u00e9es de tractions pour diff\u00e9rents angles, pile de poids de 119 kg pour le niveau de soutien. Design ergonomique pour des mouvements naturels. 128 x 120 x 221 cm, 210 kg. Cadre noir mat, coussins noirs.<\/p>","protected":false},"featured_media":9065370,"comment_status":"closed","ping_status":"closed","template":"","meta":{"_acf_changed":false,"_gspb_post_css":""},"product_brand":[1054],"product_cat":[310],"product_tag":[],"class_list":{"0":"post-9044761","1":"product","2":"type-product","3":"status-publish","4":"has-post-thumbnail","6":"product_brand-realleader","7":"product_cat-steckgewichte","8":"product_shipping_class-nicht-stapelbar","10":"first","11":"outofstock","12":"sale","13":"taxable","14":"shipping-taxable","15":"purchasable","16":"product-type-simple"},"bundled_by":[],"bundle_stock_status":"outofstock","bundle_stock_quantity":0,"bundle_virtual":false,"bundle_layout":"","bundle_add_to_cart_form_location":"","bundle_editable_in_cart":false,"bundle_sold_individually_context":"","bundle_item_grouping":"","bundle_min_size":"","bundle_max_size":"","bundle_price":[],"bundled_items":[],"bundle_sell_ids":[],"acf":[],"df_price":2990,"df_sale_price":2990,"df_regular_price":3990,"df_image_link":"https:\/\/www.fitness-flohmarkt.ch\/wp-content\/uploads\/20xin-3-600x600_1080x1080_ret-7-300x300.avif","_links":{"self":[{"href":"https:\/\/www.fitness-flohmarkt.ch\/fr\/wp-json\/wp\/v2\/product\/9044761","targetHints":{"allow":["GET"]}}],"collection":[{"href":"https:\/\/www.fitness-flohmarkt.ch\/fr\/wp-json\/wp\/v2\/product"}],"about":[{"href":"https:\/\/www.fitness-flohmarkt.ch\/fr\/wp-json\/wp\/v2\/types\/product"}],"replies":[{"embeddable":true,"href":"https:\/\/www.fitness-flohmarkt.ch\/fr\/wp-json\/wp\/v2\/comments?post=9044761"}],"wp:featuredmedia":[{"embeddable":true,"href":"https:\/\/www.fitness-flohmarkt.ch\/fr\/wp-json\/wp\/v2\/media\/9065370"}],"wp:attachment":[{"href":"https:\/\/www.fitness-flohmarkt.ch\/fr\/wp-json\/wp\/v2\/media?parent=9044761"}],"wp:term":[{"taxonomy":"product_brand","embeddable":true,"href":"https:\/\/www.fitness-flohmarkt.ch\/fr\/wp-json\/wp\/v2\/product_brand?post=9044761"},{"taxonomy":"product_cat","embeddable":true,"href":"https:\/\/www.fitness-flohmarkt.ch\/fr\/wp-json\/wp\/v2\/product_cat?post=9044761"},{"taxonomy":"product_tag","embeddable":true,"href":"https:\/\/www.fitness-flohmarkt.ch\/fr\/wp-json\/wp\/v2\/product_tag?post=9044761"}],"curies":[{"name":"wp","href":"https:\/\/api.w.org\/{rel}","templated":true}]}}