{"id":9044759,"date":"2025-09-02T10:10:09","date_gmt":"2025-09-02T08:10:09","guid":{"rendered":"https:\/\/www.fitness-flohmarkt.ch\/produkt\/realleader-usa-glute-machine-m2-1022\/"},"modified":"2026-04-21T16:57:40","modified_gmt":"2026-04-21T14:57:40","slug":"realleader-glute-machine-m2-1022","status":"publish","type":"product","link":"https:\/\/www.fitness-flohmarkt.ch\/fr\/produkt\/realleader-glute-machine-m2-1022\/","title":{"rendered":"RealLeader Glute Machine | M2-1022"},"content":{"rendered":"<h3>RealLeader Glute Machine M2-1022<\/h3>\n<p>Cette machine pour les muscles fessiers permet \u00e0 l'utilisateur d'effectuer des 'kick-backs' debout. Elle dispose d'un coussin de poitrine et de poign\u00e9es pour le soutien et d'un repose-pieds qui tourne doucement pour un mouvement plus naturel. Le poids se r\u00e8gle \u00e0 l'aide d'une goupille sur une pile de poids.<\/p>\n<ul>\n<li><span class=\"elementor-icon-list-text\">Dimensions : 1310 x 1108 x 1595 mm<\/span><\/li>\n<li><span class=\"elementor-icon-list-text\">Poids net : 155 kg<\/span><\/li>\n<li><span class=\"elementor-icon-list-text\">Pile de poids : 174 lbs\/79 kg<\/span><\/li>\n<\/ul>\n<p><strong>Couleur :<\/strong> Cadre noir mat, sellerie noire avec coutures noires<\/p>\n<p><strong>M2 Line :<\/strong> L'option fitness ultime avec un m\u00e9canisme cach\u00e9 \u00e0 deux poulies. Ergonomiquement con\u00e7u pour des mouvements physiologiquement naturels, fabriqu\u00e9 \u00e0 partir d'un robuste profil\u00e9 en acier de 50 x 100 x 3 mm. Rev\u00eatement en poudre de haute qualit\u00e9 et soudures pour une s\u00e9rie professionnelle attrayante.<\/p>","protected":false},"excerpt":{"rendered":"<p>RealLeader USA Glute Machine M2-1022 - Machine pour les muscles fessiers pour les kick-backs debout. Rembourrage de poitrine et poign\u00e9es pour le soutien, repose-pieds tournant doucement pour un mouvement naturel, pile de poids de 79 kg avec syst\u00e8me de goupilles. Design ergonomique pour des mouvements naturels. 131 x 111 x 160 cm, 155 kg. Cadre noir mat, coussins noirs.<\/p>","protected":false},"featured_media":9065412,"comment_status":"closed","ping_status":"closed","template":"","meta":{"_acf_changed":false,"_gspb_post_css":""},"product_brand":[1054],"product_cat":[310],"product_tag":[],"class_list":{"0":"post-9044759","1":"product","2":"type-product","3":"status-publish","4":"has-post-thumbnail","6":"product_brand-realleader","7":"product_cat-steckgewichte","8":"product_shipping_class-nicht-stapelbar","10":"first","11":"outofstock","12":"sale","13":"taxable","14":"shipping-taxable","15":"purchasable","16":"product-type-simple"},"bundled_by":[],"bundle_stock_status":"outofstock","bundle_stock_quantity":0,"bundle_virtual":false,"bundle_layout":"","bundle_add_to_cart_form_location":"","bundle_editable_in_cart":false,"bundle_sold_individually_context":"","bundle_item_grouping":"","bundle_min_size":"","bundle_max_size":"","bundle_price":[],"bundled_items":[],"bundle_sell_ids":[],"acf":[],"df_price":2990,"df_sale_price":2990,"df_regular_price":3990,"df_image_link":"https:\/\/www.fitness-flohmarkt.ch\/wp-content\/uploads\/Realleader-Exercise-Machine-Gym-Equipment-M2-1022-3_1080x1080_ret-5-300x300.avif","_links":{"self":[{"href":"https:\/\/www.fitness-flohmarkt.ch\/fr\/wp-json\/wp\/v2\/product\/9044759","targetHints":{"allow":["GET"]}}],"collection":[{"href":"https:\/\/www.fitness-flohmarkt.ch\/fr\/wp-json\/wp\/v2\/product"}],"about":[{"href":"https:\/\/www.fitness-flohmarkt.ch\/fr\/wp-json\/wp\/v2\/types\/product"}],"replies":[{"embeddable":true,"href":"https:\/\/www.fitness-flohmarkt.ch\/fr\/wp-json\/wp\/v2\/comments?post=9044759"}],"wp:featuredmedia":[{"embeddable":true,"href":"https:\/\/www.fitness-flohmarkt.ch\/fr\/wp-json\/wp\/v2\/media\/9065412"}],"wp:attachment":[{"href":"https:\/\/www.fitness-flohmarkt.ch\/fr\/wp-json\/wp\/v2\/media?parent=9044759"}],"wp:term":[{"taxonomy":"product_brand","embeddable":true,"href":"https:\/\/www.fitness-flohmarkt.ch\/fr\/wp-json\/wp\/v2\/product_brand?post=9044759"},{"taxonomy":"product_cat","embeddable":true,"href":"https:\/\/www.fitness-flohmarkt.ch\/fr\/wp-json\/wp\/v2\/product_cat?post=9044759"},{"taxonomy":"product_tag","embeddable":true,"href":"https:\/\/www.fitness-flohmarkt.ch\/fr\/wp-json\/wp\/v2\/product_tag?post=9044759"}],"curies":[{"name":"wp","href":"https:\/\/api.w.org\/{rel}","templated":true}]}}