{"id":9044756,"date":"2025-09-02T09:50:09","date_gmt":"2025-09-02T07:50:09","guid":{"rendered":"https:\/\/www.fitness-flohmarkt.ch\/produkt\/realleader-usa-chest-press-m2-1001\/"},"modified":"2026-04-21T16:36:06","modified_gmt":"2026-04-21T14:36:06","slug":"realleader-chest-press-m2-1001","status":"publish","type":"product","link":"https:\/\/www.fitness-flohmarkt.ch\/fr\/produkt\/realleader-chest-press-m2-1001\/","title":{"rendered":"Presse \u00e0 poitrine RealLeader | M2-1001"},"content":{"rendered":"<h3 data-start=\"0\" data-end=\"159\">Presse \u00e0 poitrine RealLeader M2-1001<\/h3>\n<p>Cette presse \u00e0 poitrine dispose d'un si\u00e8ge r\u00e9glable et de leviers permettant d'ajuster les poign\u00e9es de pression pour une position de d\u00e9part et d'arriv\u00e9e s\u00fbre. Le poids se r\u00e8gle \u00e0 l'aide d'une goupille sur un empilement de poids.<\/p>\n<ul>\n<li><span class=\"elementor-icon-list-text\">Dimensions : 1343 x 1313 x 1515 mm<\/span><\/li>\n<li><span class=\"elementor-icon-list-text\">Poids net : 188 kg<\/span><\/li>\n<li><span class=\"elementor-icon-list-text\">Pile de poids : 263 lbs\/119 kg<\/span><\/li>\n<\/ul>\n<p><strong>Couleur :<\/strong> Cadre noir mat, sellerie noire avec coutures noires<\/p>\n<p><strong>M2 Line :<\/strong> L'option fitness ultime avec un m\u00e9canisme cach\u00e9 \u00e0 deux poulies. Ergonomiquement con\u00e7u pour des mouvements physiologiquement naturels, fabriqu\u00e9 \u00e0 partir d'un robuste profil\u00e9 en acier de 50 x 100 x 3 mm. Rev\u00eatement en poudre de haute qualit\u00e9 et soudures pour une s\u00e9rie professionnelle attrayante.<\/p>","protected":false},"excerpt":{"rendered":"<p>RealLeader USA Chest Press M2-1001 - Presse poitrine professionnelle avec si\u00e8ge r\u00e9glable et leviers pour ajuster la poign\u00e9e. Position de d\u00e9part\/fin s\u00fbre, pile de poids de 119 kg avec syst\u00e8me de goupilles. Design ergonomique pour des mouvements naturels. 134 x 131 x 152 cm, 188 kg. Cadre noir mat, coussins noirs.<\/p>","protected":false},"featured_media":9065371,"comment_status":"closed","ping_status":"closed","template":"","meta":{"_acf_changed":false,"_gspb_post_css":""},"product_brand":[1054],"product_cat":[310],"product_tag":[],"class_list":{"0":"post-9044756","1":"product","2":"type-product","3":"status-publish","4":"has-post-thumbnail","6":"product_brand-realleader","7":"product_cat-steckgewichte","8":"product_shipping_class-nicht-stapelbar","10":"first","11":"instock","12":"sale","13":"taxable","14":"shipping-taxable","15":"purchasable","16":"product-type-simple"},"bundled_by":[],"bundle_stock_status":"instock","bundle_stock_quantity":1,"bundle_virtual":false,"bundle_layout":"","bundle_add_to_cart_form_location":"","bundle_editable_in_cart":false,"bundle_sold_individually_context":"","bundle_item_grouping":"","bundle_min_size":"","bundle_max_size":"","bundle_price":[],"bundled_items":[],"bundle_sell_ids":[],"acf":[],"df_price":2990,"df_sale_price":2990,"df_regular_price":3990,"df_image_link":"https:\/\/www.fitness-flohmarkt.ch\/wp-content\/uploads\/M2-1001xinxin-10-300x300.avif","_links":{"self":[{"href":"https:\/\/www.fitness-flohmarkt.ch\/fr\/wp-json\/wp\/v2\/product\/9044756","targetHints":{"allow":["GET"]}}],"collection":[{"href":"https:\/\/www.fitness-flohmarkt.ch\/fr\/wp-json\/wp\/v2\/product"}],"about":[{"href":"https:\/\/www.fitness-flohmarkt.ch\/fr\/wp-json\/wp\/v2\/types\/product"}],"replies":[{"embeddable":true,"href":"https:\/\/www.fitness-flohmarkt.ch\/fr\/wp-json\/wp\/v2\/comments?post=9044756"}],"wp:featuredmedia":[{"embeddable":true,"href":"https:\/\/www.fitness-flohmarkt.ch\/fr\/wp-json\/wp\/v2\/media\/9065371"}],"wp:attachment":[{"href":"https:\/\/www.fitness-flohmarkt.ch\/fr\/wp-json\/wp\/v2\/media?parent=9044756"}],"wp:term":[{"taxonomy":"product_brand","embeddable":true,"href":"https:\/\/www.fitness-flohmarkt.ch\/fr\/wp-json\/wp\/v2\/product_brand?post=9044756"},{"taxonomy":"product_cat","embeddable":true,"href":"https:\/\/www.fitness-flohmarkt.ch\/fr\/wp-json\/wp\/v2\/product_cat?post=9044756"},{"taxonomy":"product_tag","embeddable":true,"href":"https:\/\/www.fitness-flohmarkt.ch\/fr\/wp-json\/wp\/v2\/product_tag?post=9044756"}],"curies":[{"name":"wp","href":"https:\/\/api.w.org\/{rel}","templated":true}]}}