{"id":9038431,"date":"2025-07-30T14:10:23","date_gmt":"2025-07-30T12:10:23","guid":{"rendered":"https:\/\/www.fitness-flohmarkt.ch\/produkt\/einhandgriff-offen-kabelzug\/"},"modified":"2026-04-27T17:50:21","modified_gmt":"2026-04-27T15:50:21","slug":"poignee-ouverte-dune-seule-main-tirage-de-cable","status":"publish","type":"product","link":"https:\/\/www.fitness-flohmarkt.ch\/fr\/produkt\/einhandgriff-offen-kabelzug\/","title":{"rendered":"Poign\u00e9e \u00e0 une main ouverte | Poign\u00e9e de traction \u00e0 c\u00e2ble"},"content":{"rendered":"<h3>Poign\u00e9e \u00e0 une main pour le tirage de c\u00e2bles - forme ouverte en acier massif<\/h3>\n<p data-start=\"462\" data-end=\"708\">Une poign\u00e9e fonctionnelle \u00e0 une main pour l'entra\u00eenement au tirant \u00e0 c\u00e2ble. La forme ouverte offre une plus grande libert\u00e9 de mouvement lors des exercices de traction et permet un guidage naturel de la main, notamment lors de mouvements unilat\u00e9raux ou rotatifs.<\/p>\n<p data-start=\"710\" data-end=\"963\">La poign\u00e9e est en acier plein chrom\u00e9, mont\u00e9e sur double roulement \u00e0 billes et dispose d'un manche rotatif. Le moletage permet une prise en main s\u00fbre pendant l'exercice.<\/p>\n<p data-start=\"710\" data-end=\"963\"><strong>Remarque :<\/strong>\u00a0Prix \u00e0 l'unit\u00e9.<\/p>","protected":false},"excerpt":{"rendered":"<p>Poign\u00e9e \u00e0 une main en version ouverte en acier massif - avec articulation pivotante, poign\u00e9e molet\u00e9e et logement pivotant pour une plus grande libert\u00e9 de mouvement.<\/p>","protected":false},"featured_media":9066024,"comment_status":"closed","ping_status":"closed","template":"","meta":{"_acf_changed":false,"_gspb_post_css":""},"product_brand":[1000],"product_cat":[815],"product_tag":[],"class_list":{"0":"post-9038431","1":"product","2":"type-product","3":"status-publish","4":"has-post-thumbnail","6":"product_brand-fitcom","7":"product_cat-griffe-kabelzug","9":"first","10":"instock","11":"taxable","12":"shipping-taxable","13":"purchasable","14":"product-type-simple"},"bundled_by":[],"bundle_stock_status":"instock","bundle_stock_quantity":27,"bundle_virtual":false,"bundle_layout":"","bundle_add_to_cart_form_location":"","bundle_editable_in_cart":false,"bundle_sold_individually_context":"","bundle_item_grouping":"","bundle_min_size":"","bundle_max_size":"","bundle_price":[],"bundled_items":[],"bundle_sell_ids":[],"acf":[],"df_price":15,"df_sale_price":"","df_regular_price":15,"df_image_link":"https:\/\/www.fitness-flohmarkt.ch\/wp-content\/uploads\/71W6rEdwi6L-27-300x266.avif","_links":{"self":[{"href":"https:\/\/www.fitness-flohmarkt.ch\/fr\/wp-json\/wp\/v2\/product\/9038431","targetHints":{"allow":["GET"]}}],"collection":[{"href":"https:\/\/www.fitness-flohmarkt.ch\/fr\/wp-json\/wp\/v2\/product"}],"about":[{"href":"https:\/\/www.fitness-flohmarkt.ch\/fr\/wp-json\/wp\/v2\/types\/product"}],"replies":[{"embeddable":true,"href":"https:\/\/www.fitness-flohmarkt.ch\/fr\/wp-json\/wp\/v2\/comments?post=9038431"}],"wp:featuredmedia":[{"embeddable":true,"href":"https:\/\/www.fitness-flohmarkt.ch\/fr\/wp-json\/wp\/v2\/media\/9066024"}],"wp:attachment":[{"href":"https:\/\/www.fitness-flohmarkt.ch\/fr\/wp-json\/wp\/v2\/media?parent=9038431"}],"wp:term":[{"taxonomy":"product_brand","embeddable":true,"href":"https:\/\/www.fitness-flohmarkt.ch\/fr\/wp-json\/wp\/v2\/product_brand?post=9038431"},{"taxonomy":"product_cat","embeddable":true,"href":"https:\/\/www.fitness-flohmarkt.ch\/fr\/wp-json\/wp\/v2\/product_cat?post=9038431"},{"taxonomy":"product_tag","embeddable":true,"href":"https:\/\/www.fitness-flohmarkt.ch\/fr\/wp-json\/wp\/v2\/product_tag?post=9038431"}],"curies":[{"name":"wp","href":"https:\/\/api.w.org\/{rel}","templated":true}]}}