{"id":9036487,"date":"2025-07-24T15:32:31","date_gmt":"2025-07-24T13:32:31","guid":{"rendered":"https:\/\/www.fitness-flohmarkt.ch\/produkt\/beyond-power-carbonflex-bar-premium-grip-120-cm\/"},"modified":"2026-03-01T23:21:37","modified_gmt":"2026-03-01T22:21:37","slug":"beyond-power-carbonflex-bar-premium-grip-120-cm","status":"publish","type":"product","link":"https:\/\/www.fitness-flohmarkt.ch\/fr\/produkt\/beyond-power-carbonflex-bar-premium-grip-120-cm\/","title":{"rendered":"Barre Beyond Power CarbonFlex | Grip Premium"},"content":{"rendered":"<h3>Beyond Power CarbonFlex Bar with Premium Grip 60 &amp; 120 cm<\/h3>\n<ul class=\"[&amp;:not(:last-child)_ul]:pb-1 [&amp;:not(:last-child)_ol]:pb-1 list-disc space-y-1.5 pl-7\">\n<li class=\"whitespace-normal break-words\">Durchmesser: 28 mm<\/li>\n<li class=\"whitespace-normal break-words\">Gewicht: 0,43 kg \/ 0,52 kg<\/li>\n<li class=\"whitespace-normal break-words\">Tragf\u00e4higkeit: 400 kg<\/li>\n<li class=\"whitespace-normal break-words\">Material: Kohlefaser, Aluminiumlegierung, Titanlegierung, PE<\/li>\n<\/ul>\n","protected":false},"excerpt":{"rendered":"<p>Beyond Power est synonyme d'accessoires d'entra\u00eenement fonctionnels qui se distinguent par leur grande qualit\u00e9 de fabrication, leur facilit\u00e9 d'utilisation et leurs multiples possibilit\u00e9s d'utilisation. Cet appareil de traction \u00e0 c\u00e2ble peut \u00eatre combin\u00e9 de mani\u00e8re appropri\u00e9e avec les poign\u00e9es, les connexions et les extensions du syst\u00e8me Beyond Power.<\/p>","protected":false},"featured_media":9060328,"comment_status":"closed","ping_status":"closed","template":"","meta":{"_acf_changed":false,"_gspb_post_css":""},"product_brand":[1549],"product_cat":[813,319,815,304],"product_tag":[],"class_list":{"0":"post-9036487","1":"product","2":"type-product","3":"status-publish","4":"has-post-thumbnail","6":"product_brand-beyond-power","7":"product_cat-fg-diverse","8":"product_cat-fitness-zubehoer","9":"product_cat-griffe-kabelzug","10":"product_cat-reha-physio","11":"pa_artikel-pro-verkaufseinheit-1x","12":"pa_farbe-schwarz","13":"pa_fitness-zubehoertyp-kabelzuggriff","14":"pa_laenge-120-cm","15":"pa_laenge-60-cm","16":"pa_lieferumfang-1x-kabelzuggriff","17":"pa_material-aluminium","18":"pa_material-carbon","20":"first","21":"outofstock","22":"taxable","23":"shipping-taxable","24":"purchasable","25":"product-type-variable"},"bundled_by":[],"bundle_stock_status":"outofstock","bundle_stock_quantity":0,"bundle_virtual":false,"bundle_layout":"","bundle_add_to_cart_form_location":"","bundle_editable_in_cart":false,"bundle_sold_individually_context":"","bundle_item_grouping":"","bundle_min_size":"","bundle_max_size":"","bundle_price":[],"bundled_items":[],"bundle_sell_ids":[],"acf":[],"df_price":180,"df_sale_price":"","df_regular_price":180,"df_image_link":"https:\/\/www.fitness-flohmarkt.ch\/wp-content\/uploads\/carbonflex-bar-60_1920x1920-43-38-300x300.jpeg","_links":{"self":[{"href":"https:\/\/www.fitness-flohmarkt.ch\/fr\/wp-json\/wp\/v2\/product\/9036487","targetHints":{"allow":["GET"]}}],"collection":[{"href":"https:\/\/www.fitness-flohmarkt.ch\/fr\/wp-json\/wp\/v2\/product"}],"about":[{"href":"https:\/\/www.fitness-flohmarkt.ch\/fr\/wp-json\/wp\/v2\/types\/product"}],"replies":[{"embeddable":true,"href":"https:\/\/www.fitness-flohmarkt.ch\/fr\/wp-json\/wp\/v2\/comments?post=9036487"}],"wp:featuredmedia":[{"embeddable":true,"href":"https:\/\/www.fitness-flohmarkt.ch\/fr\/wp-json\/wp\/v2\/media\/9060328"}],"wp:attachment":[{"href":"https:\/\/www.fitness-flohmarkt.ch\/fr\/wp-json\/wp\/v2\/media?parent=9036487"}],"wp:term":[{"taxonomy":"product_brand","embeddable":true,"href":"https:\/\/www.fitness-flohmarkt.ch\/fr\/wp-json\/wp\/v2\/product_brand?post=9036487"},{"taxonomy":"product_cat","embeddable":true,"href":"https:\/\/www.fitness-flohmarkt.ch\/fr\/wp-json\/wp\/v2\/product_cat?post=9036487"},{"taxonomy":"product_tag","embeddable":true,"href":"https:\/\/www.fitness-flohmarkt.ch\/fr\/wp-json\/wp\/v2\/product_tag?post=9036487"}],"curies":[{"name":"wp","href":"https:\/\/api.w.org\/{rel}","templated":true}]}}