{"id":9036461,"date":"2025-07-24T15:31:53","date_gmt":"2025-07-24T13:31:53","guid":{"rendered":"https:\/\/www.fitness-flohmarkt.ch\/produkt\/beyond-power-functional-rope\/"},"modified":"2026-03-13T16:30:49","modified_gmt":"2026-03-13T15:30:49","slug":"au-dela-du-pouvoir-de-la-corde-fonctionnelle","status":"publish","type":"product","link":"https:\/\/www.fitness-flohmarkt.ch\/fr\/produkt\/beyond-power-functional-rope\/","title":{"rendered":"Beyond Power Functional Rope | Corde pour triceps"},"content":{"rendered":"<h3>Beyond Power Functional Rope<\/h3>\n<p class=\"whitespace-normal break-words\">Wir stellen das v\u00f6llig neue Functional Rope vor, entwickelt um den intensivsten Aktivit\u00e4ten standzuhalten. Seine Vielseitigkeit bietet endlose M\u00f6glichkeiten und erm\u00f6glicht es Ihnen, Ihren K\u00f6rper auf neue und effektive Weise zu fordern.<\/p>\n<ul class=\"[&amp;:not(:last-child)_ul]:pb-1 [&amp;:not(:last-child)_ol]:pb-1 list-disc space-y-1.5 pl-7\">\n<li class=\"whitespace-normal break-words\"><strong>Langlebige Konstruktion:<\/strong> Gefertigt aus strapazierf\u00e4higem Nylon und einer polierten 17-4 Edelstahl-Befestigung ist das Functional Rope f\u00fcr Flexibilit\u00e4t und Stabilit\u00e4t w\u00e4hrend intensiver Trainingseinheiten konzipiert.<\/li>\n<li class=\"whitespace-normal break-words\"><strong>Vielseitige L\u00e4ngenoptionen:<\/strong> Kommt sowohl in 1m als auch 2m L\u00e4nge und bietet sofort einsatzbereite Vielseitigkeit f\u00fcr massgeschneiderte Routinen, die Ihren spezifischen Bed\u00fcrfnissen entsprechen.<\/li>\n<li class=\"whitespace-normal break-words\"><strong>Umfassendes \u00dcbungsspektrum:<\/strong> Von Trizeps-Liegest\u00fctzen bis zu Bizeps-Curls, Gesichtsz\u00fcgen, Druckbewegungen nach unten, Lat-Pulldowns, Crunches und mehr &#8211; das Functional Rope erm\u00f6glicht eine vollst\u00e4ndige Bewegungspalette f\u00fcr alle Level. Zus\u00e4tzlich erlaubt das Functional Rope Rotationsbewegungen und verbessert die Rumpfstabilit\u00e4t w\u00e4hrend der \u00dcbungen.<\/li>\n<li class=\"whitespace-normal break-words\"><strong>Optimale Muskelaktivierung:<\/strong> Entwickelt mit optimaler Handpositionierung zur Reduzierung der Belastung wichtiger Muskelgruppen f\u00f6rdert das Functional Rope gezielte Muskelaktivierung und effektive Trainingseinheiten.<\/li>\n<\/ul>\n<p><strong>Hinweis:<\/strong> Farbe der Rope schwarz.<\/p>\n","protected":false},"excerpt":{"rendered":"<p>Beyond Power est synonyme d'accessoires d'entra\u00eenement fonctionnels qui se distinguent par leur grande qualit\u00e9 de fabrication, leur facilit\u00e9 d'utilisation et leurs multiples possibilit\u00e9s d'utilisation. Cet appareil de traction \u00e0 c\u00e2ble peut \u00eatre combin\u00e9 de mani\u00e8re appropri\u00e9e avec les poign\u00e9es, les connexions et les extensions du syst\u00e8me Beyond Power.<\/p>","protected":false},"featured_media":9062631,"comment_status":"closed","ping_status":"closed","template":"","meta":{"_acf_changed":false,"_gspb_post_css":""},"product_brand":[1549],"product_cat":[813,319,815,304],"product_tag":[],"class_list":{"0":"post-9036461","1":"product","2":"type-product","3":"status-publish","4":"has-post-thumbnail","6":"product_brand-beyond-power","7":"product_cat-fg-diverse","8":"product_cat-fitness-zubehoer","9":"product_cat-griffe-kabelzug","10":"product_cat-reha-physio","11":"pa_artikel-pro-verkaufseinheit-1x","12":"pa_farbe-schwarz","13":"pa_fitness-zubehoertyp-kabelzuggriff","14":"pa_lieferumfang-1x-kabelzuggriff","16":"first","17":"instock","18":"taxable","19":"shipping-taxable","20":"purchasable","21":"product-type-simple"},"bundled_by":[],"bundle_stock_status":"instock","bundle_stock_quantity":13,"bundle_virtual":false,"bundle_layout":"","bundle_add_to_cart_form_location":"","bundle_editable_in_cart":false,"bundle_sold_individually_context":"","bundle_item_grouping":"","bundle_min_size":"","bundle_max_size":"","bundle_price":[],"bundled_items":[],"bundle_sell_ids":[],"acf":[],"df_price":80,"df_sale_price":"","df_regular_price":80,"df_image_link":"https:\/\/www.fitness-flohmarkt.ch\/wp-content\/uploads\/20250620-151132_1-18-300x300.jpeg","_links":{"self":[{"href":"https:\/\/www.fitness-flohmarkt.ch\/fr\/wp-json\/wp\/v2\/product\/9036461","targetHints":{"allow":["GET"]}}],"collection":[{"href":"https:\/\/www.fitness-flohmarkt.ch\/fr\/wp-json\/wp\/v2\/product"}],"about":[{"href":"https:\/\/www.fitness-flohmarkt.ch\/fr\/wp-json\/wp\/v2\/types\/product"}],"replies":[{"embeddable":true,"href":"https:\/\/www.fitness-flohmarkt.ch\/fr\/wp-json\/wp\/v2\/comments?post=9036461"}],"wp:featuredmedia":[{"embeddable":true,"href":"https:\/\/www.fitness-flohmarkt.ch\/fr\/wp-json\/wp\/v2\/media\/9062631"}],"wp:attachment":[{"href":"https:\/\/www.fitness-flohmarkt.ch\/fr\/wp-json\/wp\/v2\/media?parent=9036461"}],"wp:term":[{"taxonomy":"product_brand","embeddable":true,"href":"https:\/\/www.fitness-flohmarkt.ch\/fr\/wp-json\/wp\/v2\/product_brand?post=9036461"},{"taxonomy":"product_cat","embeddable":true,"href":"https:\/\/www.fitness-flohmarkt.ch\/fr\/wp-json\/wp\/v2\/product_cat?post=9036461"},{"taxonomy":"product_tag","embeddable":true,"href":"https:\/\/www.fitness-flohmarkt.ch\/fr\/wp-json\/wp\/v2\/product_tag?post=9036461"}],"curies":[{"name":"wp","href":"https:\/\/api.w.org\/{rel}","templated":true}]}}