{"id":9036444,"date":"2025-07-24T15:31:33","date_gmt":"2025-07-24T13:31:33","guid":{"rendered":"https:\/\/www.fitness-flohmarkt.ch\/produkt\/beyond-power-cable-connector-replacement-kit-reparaturset\/"},"modified":"2026-03-01T23:36:45","modified_gmt":"2026-03-01T22:36:45","slug":"beyond-power-cable-connector-replacement-kit-kit-de-reparation","status":"publish","type":"product","link":"https:\/\/www.fitness-flohmarkt.ch\/fr\/produkt\/beyond-power-cable-connector-replacement-kit-reparaturset\/","title":{"rendered":"Beyond Power Cable Connector Replacement Kit | Pi\u00e8ce de rechange Connecteur de c\u00e2ble"},"content":{"rendered":"<h3>Kit de remplacement du connecteur du c\u00e2ble d'alimentation Beyond<\/h3>\n<p>Pi\u00e8ce de rechange pour la connexion du c\u00e2ble.<\/p>","protected":false},"excerpt":{"rendered":"<p>Beyond Power est synonyme d'accessoires d'entra\u00eenement fonctionnels qui se distinguent par leur grande qualit\u00e9 de fabrication, leur facilit\u00e9 d'utilisation et leurs multiples possibilit\u00e9s d'utilisation. Cet appareil de traction \u00e0 c\u00e2ble peut \u00eatre combin\u00e9 de mani\u00e8re appropri\u00e9e avec les poign\u00e9es, les connexions et les extensions du syst\u00e8me Beyond Power.<\/p>","protected":false},"featured_media":9054673,"comment_status":"closed","ping_status":"closed","template":"","meta":{"_acf_changed":false,"_gspb_post_css":""},"product_brand":[1549],"product_cat":[813,319,304],"product_tag":[],"class_list":{"0":"post-9036444","1":"product","2":"type-product","3":"status-publish","4":"has-post-thumbnail","6":"product_brand-beyond-power","7":"product_cat-fg-diverse","8":"product_cat-fitness-zubehoer","9":"product_cat-reha-physio","10":"pa_artikel-pro-verkaufseinheit-1x","11":"pa_farbe-weiss","12":"pa_fitness-zubehoertyp-ersatzartikel","13":"pa_lieferumfang-1x-ersatzseil","15":"first","16":"instock","17":"taxable","18":"shipping-taxable","19":"purchasable","20":"product-type-simple"},"bundled_by":[],"bundle_stock_status":"instock","bundle_stock_quantity":5,"bundle_virtual":false,"bundle_layout":"","bundle_add_to_cart_form_location":"","bundle_editable_in_cart":false,"bundle_sold_individually_context":"","bundle_item_grouping":"","bundle_min_size":"","bundle_max_size":"","bundle_price":[],"bundled_items":[],"bundle_sell_ids":[],"acf":[],"df_price":35,"df_sale_price":"","df_regular_price":35,"df_image_link":"https:\/\/www.fitness-flohmarkt.ch\/wp-content\/uploads\/Bildschirmfoto-2025-07-24-um-13.37.53-15-300x300.png","_links":{"self":[{"href":"https:\/\/www.fitness-flohmarkt.ch\/fr\/wp-json\/wp\/v2\/product\/9036444","targetHints":{"allow":["GET"]}}],"collection":[{"href":"https:\/\/www.fitness-flohmarkt.ch\/fr\/wp-json\/wp\/v2\/product"}],"about":[{"href":"https:\/\/www.fitness-flohmarkt.ch\/fr\/wp-json\/wp\/v2\/types\/product"}],"replies":[{"embeddable":true,"href":"https:\/\/www.fitness-flohmarkt.ch\/fr\/wp-json\/wp\/v2\/comments?post=9036444"}],"wp:featuredmedia":[{"embeddable":true,"href":"https:\/\/www.fitness-flohmarkt.ch\/fr\/wp-json\/wp\/v2\/media\/9054673"}],"wp:attachment":[{"href":"https:\/\/www.fitness-flohmarkt.ch\/fr\/wp-json\/wp\/v2\/media?parent=9036444"}],"wp:term":[{"taxonomy":"product_brand","embeddable":true,"href":"https:\/\/www.fitness-flohmarkt.ch\/fr\/wp-json\/wp\/v2\/product_brand?post=9036444"},{"taxonomy":"product_cat","embeddable":true,"href":"https:\/\/www.fitness-flohmarkt.ch\/fr\/wp-json\/wp\/v2\/product_cat?post=9036444"},{"taxonomy":"product_tag","embeddable":true,"href":"https:\/\/www.fitness-flohmarkt.ch\/fr\/wp-json\/wp\/v2\/product_tag?post=9036444"}],"curies":[{"name":"wp","href":"https:\/\/api.w.org\/{rel}","templated":true}]}}