{"id":9036399,"date":"2025-07-24T15:11:33","date_gmt":"2025-07-24T13:11:33","guid":{"rendered":"https:\/\/www.fitness-flohmarkt.ch\/produkt\/beyond-power-ankle-strap-fussmanschette\/"},"modified":"2026-04-17T00:11:46","modified_gmt":"2026-04-16T22:11:46","slug":"beyond-power-ankle-strap-bracelet-de-cheville","status":"publish","type":"product","link":"https:\/\/www.fitness-flohmarkt.ch\/fr\/produkt\/beyond-power-ankle-strap-fussmanschette\/","title":{"rendered":"Beyond Power Ankle Strap | Brassard pour pied"},"content":{"rendered":"<h3 data-start=\"52\" data-end=\"68\">Beyond Power sangle de cheville<\/h3>\n<ul data-start=\"70\" data-end=\"729\" data-is-last-node=\"\" data-is-only-node=\"\">\n<li data-start=\"70\" data-end=\"254\">\n<p data-start=\"72\" data-end=\"254\"><strong data-start=\"72\" data-end=\"98\">Confort individuel :<\/strong> Profite d'un confort in\u00e9gal\u00e9 gr\u00e2ce au design enti\u00e8rement r\u00e9glable des chevill\u00e8res Beyond Power - pour un maintien s\u00fbr quelle que soit ta taille.<\/p>\n<\/li>\n<li data-start=\"255\" data-end=\"396\">\n<p data-start=\"257\" data-end=\"396\"><strong data-start=\"257\" data-end=\"283\">Une utilisation polyvalente :<\/strong> \u00c9largis ton entra\u00eenement avec de nombreux exercices comme les glute kickbacks, les lev\u00e9es de jambes ou les pas chass\u00e9s \u00e0 la poulie.<\/p>\n<\/li>\n<li data-start=\"397\" data-end=\"577\">\n<p data-start=\"399\" data-end=\"577\"><strong data-start=\"399\" data-end=\"432\">Durabilit\u00e9 et stabilit\u00e9 :<\/strong> Finition soign\u00e9e avec des coutures renforc\u00e9es, des doubles anneaux en D et des fermetures robustes - pour une r\u00e9sistance et une stabilit\u00e9 durablement \u00e9lev\u00e9es.<\/p>\n<\/li>\n<li data-start=\"578\" data-end=\"729\" data-is-last-node=\"\">\n<p data-start=\"580\" data-end=\"729\" data-is-last-node=\"\"><strong data-start=\"580\" data-end=\"607\">Plus de puissance d'entra\u00eenement :<\/strong> Optimise ton entra\u00eenement du bas du corps avec les chevill\u00e8res Beyond Power - pour des entra\u00eenements efficaces avec un maximum de contr\u00f4le.<\/p>\n<\/li>\n<\/ul>","protected":false},"excerpt":{"rendered":"<p>Beyond Power est synonyme d'accessoires d'entra\u00eenement fonctionnels qui se distinguent par leur grande qualit\u00e9 de fabrication, leur facilit\u00e9 d'utilisation et leurs multiples possibilit\u00e9s d'utilisation. Cet appareil de traction \u00e0 c\u00e2ble peut \u00eatre combin\u00e9 de mani\u00e8re appropri\u00e9e avec les poign\u00e9es, les connexions et les extensions du syst\u00e8me Beyond Power.<\/p>","protected":false},"featured_media":9064854,"comment_status":"closed","ping_status":"closed","template":"","meta":{"_acf_changed":false,"_gspb_post_css":""},"product_brand":[1549],"product_cat":[813,319,815,304],"product_tag":[],"class_list":{"0":"post-9036399","1":"product","2":"type-product","3":"status-publish","4":"has-post-thumbnail","6":"product_brand-beyond-power","7":"product_cat-fg-diverse","8":"product_cat-fitness-zubehoer","9":"product_cat-griffe-kabelzug","10":"product_cat-reha-physio","11":"pa_artikel-pro-verkaufseinheit-2x","12":"pa_farbe-schwarz","13":"pa_fitness-zubehoertyp-kabelzuggriff","14":"pa_lieferumfang-2x-kabelzuggriff","16":"first","17":"instock","18":"taxable","19":"shipping-taxable","20":"purchasable","21":"product-type-simple"},"bundled_by":[],"bundle_stock_status":"instock","bundle_stock_quantity":12,"bundle_virtual":false,"bundle_layout":"","bundle_add_to_cart_form_location":"","bundle_editable_in_cart":false,"bundle_sold_individually_context":"","bundle_item_grouping":"","bundle_min_size":"","bundle_max_size":"","bundle_price":[],"bundled_items":[],"bundle_sell_ids":[],"acf":[],"df_price":65,"df_sale_price":"","df_regular_price":65,"df_image_link":"https:\/\/www.fitness-flohmarkt.ch\/wp-content\/uploads\/beyond-power-fumanschette_1920x1920-30-300x225.avif","_links":{"self":[{"href":"https:\/\/www.fitness-flohmarkt.ch\/fr\/wp-json\/wp\/v2\/product\/9036399","targetHints":{"allow":["GET"]}}],"collection":[{"href":"https:\/\/www.fitness-flohmarkt.ch\/fr\/wp-json\/wp\/v2\/product"}],"about":[{"href":"https:\/\/www.fitness-flohmarkt.ch\/fr\/wp-json\/wp\/v2\/types\/product"}],"replies":[{"embeddable":true,"href":"https:\/\/www.fitness-flohmarkt.ch\/fr\/wp-json\/wp\/v2\/comments?post=9036399"}],"wp:featuredmedia":[{"embeddable":true,"href":"https:\/\/www.fitness-flohmarkt.ch\/fr\/wp-json\/wp\/v2\/media\/9064854"}],"wp:attachment":[{"href":"https:\/\/www.fitness-flohmarkt.ch\/fr\/wp-json\/wp\/v2\/media?parent=9036399"}],"wp:term":[{"taxonomy":"product_brand","embeddable":true,"href":"https:\/\/www.fitness-flohmarkt.ch\/fr\/wp-json\/wp\/v2\/product_brand?post=9036399"},{"taxonomy":"product_cat","embeddable":true,"href":"https:\/\/www.fitness-flohmarkt.ch\/fr\/wp-json\/wp\/v2\/product_cat?post=9036399"},{"taxonomy":"product_tag","embeddable":true,"href":"https:\/\/www.fitness-flohmarkt.ch\/fr\/wp-json\/wp\/v2\/product_tag?post=9036399"}],"curies":[{"name":"wp","href":"https:\/\/api.w.org\/{rel}","templated":true}]}}