{"id":9036390,"date":"2025-07-24T15:11:13","date_gmt":"2025-07-24T13:11:13","guid":{"rendered":"https:\/\/www.fitness-flohmarkt.ch\/produkt\/beyond-power-basic-handle-kabelzug-griff\/"},"modified":"2026-04-17T00:11:10","modified_gmt":"2026-04-16T22:11:10","slug":"beyond-power-basic-handle-poignee-de-traction-de-cable","status":"publish","type":"product","link":"https:\/\/www.fitness-flohmarkt.ch\/fr\/produkt\/beyond-power-basic-handle-kabelzug-griff\/","title":{"rendered":"Beyond Power Basic Handle | Poign\u00e9e de traction \u00e0 c\u00e2ble"},"content":{"rendered":"<h3 data-start=\"56\" data-end=\"72\">Poign\u00e9e de base Beyond Power<\/h3>\n<ul data-start=\"74\" data-end=\"369\" data-is-last-node=\"\" data-is-only-node=\"\">\n<li data-start=\"74\" data-end=\"122\">\n<p data-start=\"76\" data-end=\"122\"><strong data-start=\"76\" data-end=\"103\">Capacit\u00e9 de charge maximale :<\/strong> 400 kg (880 lbs)<\/p>\n<\/li>\n<li data-start=\"123\" data-end=\"158\">\n<p data-start=\"125\" data-end=\"158\"><strong data-start=\"125\" data-end=\"137\">Poids :<\/strong> 0,24 kg (0,52 lbs)<\/p>\n<\/li>\n<li data-start=\"159\" data-end=\"204\">\n<p data-start=\"161\" data-end=\"204\"><strong data-start=\"161\" data-end=\"174\">mat\u00e9riel :<\/strong> caoutchouc, tissu composite, acier<\/p>\n<\/li>\n<li data-start=\"205\" data-end=\"277\">\n<p data-start=\"207\" data-end=\"277\"><strong data-start=\"207\" data-end=\"235\">Dimensions de l'emballage (LxlxH) :<\/strong> 64 x 64 x 176 mm (2,5 x 2,5 x 6,9 pouces)<\/p>\n<\/li>\n<li data-start=\"278\" data-end=\"369\" data-is-last-node=\"\">\n<p data-start=\"280\" data-end=\"369\" data-is-last-node=\"\"><strong data-start=\"280\" data-end=\"297\">Contenu de la livraison :<\/strong> Mousqueton inclus pour une fixation facile aux stations de traction de c\u00e2bles<\/p>\n<\/li>\n<\/ul>","protected":false},"excerpt":{"rendered":"<p>Beyond Power est synonyme d'accessoires d'entra\u00eenement fonctionnels qui se distinguent par leur grande qualit\u00e9 de fabrication, leur facilit\u00e9 d'utilisation et leurs multiples possibilit\u00e9s d'utilisation. Cet appareil de traction \u00e0 c\u00e2ble peut \u00eatre combin\u00e9 de mani\u00e8re appropri\u00e9e avec les poign\u00e9es, les connexions et les extensions du syst\u00e8me Beyond Power.<\/p>","protected":false},"featured_media":9064852,"comment_status":"closed","ping_status":"closed","template":"","meta":{"_acf_changed":false,"_gspb_post_css":""},"product_brand":[1549],"product_cat":[813,319,815,304],"product_tag":[],"class_list":{"0":"post-9036390","1":"product","2":"type-product","3":"status-publish","4":"has-post-thumbnail","6":"product_brand-beyond-power","7":"product_cat-fg-diverse","8":"product_cat-fitness-zubehoer","9":"product_cat-griffe-kabelzug","10":"product_cat-reha-physio","11":"pa_artikel-pro-verkaufseinheit-1x","12":"pa_farbe-schwarz","13":"pa_fitness-zubehoertyp-kabelzuggriff","14":"pa_lieferumfang-1x-kabelzuggriff","15":"pa_material-gummi","17":"first","18":"instock","19":"taxable","20":"shipping-taxable","21":"purchasable","22":"product-type-simple"},"bundled_by":[],"bundle_stock_status":"instock","bundle_stock_quantity":24,"bundle_virtual":false,"bundle_layout":"","bundle_add_to_cart_form_location":"","bundle_editable_in_cart":false,"bundle_sold_individually_context":"","bundle_item_grouping":"","bundle_min_size":"","bundle_max_size":"","bundle_price":[],"bundled_items":[],"bundle_sell_ids":[],"acf":[],"df_price":55,"df_sale_price":"","df_regular_price":55,"df_image_link":"https:\/\/www.fitness-flohmarkt.ch\/wp-content\/uploads\/basic-handle_1920x1920-15-21-300x300.avif","_links":{"self":[{"href":"https:\/\/www.fitness-flohmarkt.ch\/fr\/wp-json\/wp\/v2\/product\/9036390","targetHints":{"allow":["GET"]}}],"collection":[{"href":"https:\/\/www.fitness-flohmarkt.ch\/fr\/wp-json\/wp\/v2\/product"}],"about":[{"href":"https:\/\/www.fitness-flohmarkt.ch\/fr\/wp-json\/wp\/v2\/types\/product"}],"replies":[{"embeddable":true,"href":"https:\/\/www.fitness-flohmarkt.ch\/fr\/wp-json\/wp\/v2\/comments?post=9036390"}],"wp:featuredmedia":[{"embeddable":true,"href":"https:\/\/www.fitness-flohmarkt.ch\/fr\/wp-json\/wp\/v2\/media\/9064852"}],"wp:attachment":[{"href":"https:\/\/www.fitness-flohmarkt.ch\/fr\/wp-json\/wp\/v2\/media?parent=9036390"}],"wp:term":[{"taxonomy":"product_brand","embeddable":true,"href":"https:\/\/www.fitness-flohmarkt.ch\/fr\/wp-json\/wp\/v2\/product_brand?post=9036390"},{"taxonomy":"product_cat","embeddable":true,"href":"https:\/\/www.fitness-flohmarkt.ch\/fr\/wp-json\/wp\/v2\/product_cat?post=9036390"},{"taxonomy":"product_tag","embeddable":true,"href":"https:\/\/www.fitness-flohmarkt.ch\/fr\/wp-json\/wp\/v2\/product_tag?post=9036390"}],"curies":[{"name":"wp","href":"https:\/\/api.w.org\/{rel}","templated":true}]}}