{"id":9036368,"date":"2025-07-24T15:10:34","date_gmt":"2025-07-24T13:10:34","guid":{"rendered":"https:\/\/www.fitness-flohmarkt.ch\/produkt\/beyond-power-carbonflex-bar-with-hooks-132-cm\/"},"modified":"2026-04-15T22:11:09","modified_gmt":"2026-04-15T20:11:09","slug":"beyond-power-carbonflex-bar-with-hooks-132-cm","status":"publish","type":"product","link":"https:\/\/www.fitness-flohmarkt.ch\/fr\/produkt\/beyond-power-carbonflex-bar-with-hooks-132-cm\/","title":{"rendered":"Beyond Power CarbonFlex Bar | avec crochets"},"content":{"rendered":"<h3 data-start=\"45\" data-end=\"60\">Barre Beyond Power CarbonFlex avec crochets<\/h3>\n<ul>\n<li data-start=\"79\" data-end=\"116\">\n<p data-start=\"81\" data-end=\"116\"><strong data-start=\"81\" data-end=\"97\">Diam\u00e8tre :<\/strong> 28 mm (1,1 pouce)<\/p>\n<\/li>\n<li data-start=\"117\" data-end=\"151\">\n<p data-start=\"119\" data-end=\"151\"><strong data-start=\"119\" data-end=\"131\">Poids :<\/strong> 0,6 kg (1,32 lbs) \/ 0,9 kg (1,93 lbs)<\/p>\n<\/li>\n<li data-start=\"152\" data-end=\"191\">\n<p data-start=\"154\" data-end=\"191\"><strong data-start=\"154\" data-end=\"172\">Capacit\u00e9 de charge :<\/strong> 400 kg (882 lbs)<\/p>\n<\/li>\n<li data-start=\"192\" data-end=\"255\">\n<p data-start=\"194\" data-end=\"255\"><strong data-start=\"194\" data-end=\"207\">mat\u00e9riel :<\/strong> Fibre de carbone, alliage d'aluminium, alliage de titane<\/p>\n<\/li>\n<\/ul>","protected":false},"excerpt":{"rendered":"<p>Beyond Power est synonyme d'accessoires d'entra\u00eenement fonctionnels qui se distinguent par leur grande qualit\u00e9 de fabrication, leur facilit\u00e9 d'utilisation et leurs multiples possibilit\u00e9s d'utilisation. Cet appareil de traction \u00e0 c\u00e2ble peut \u00eatre combin\u00e9 de mani\u00e8re appropri\u00e9e avec les poign\u00e9es, les connexions et les extensions du syst\u00e8me Beyond Power.<\/p>","protected":false},"featured_media":9064761,"comment_status":"closed","ping_status":"closed","template":"","meta":{"_acf_changed":false,"_gspb_post_css":""},"product_brand":[1549],"product_cat":[813,319,815,304],"product_tag":[],"class_list":{"0":"post-9036368","1":"product","2":"type-product","3":"status-publish","4":"has-post-thumbnail","6":"product_brand-beyond-power","7":"product_cat-fg-diverse","8":"product_cat-fitness-zubehoer","9":"product_cat-griffe-kabelzug","10":"product_cat-reha-physio","11":"product_shipping_class-hantelstange","12":"pa_artikel-pro-verkaufseinheit-1x","13":"pa_farbe-schwarz","14":"pa_fitness-zubehoertyp-kabelzuggriff","15":"pa_laenge-132-cm","16":"pa_laenge-91-cm","17":"pa_lieferumfang-1x-kabelzuggriff","18":"pa_material-aluminium","19":"pa_material-carbon","21":"first","22":"outofstock","23":"taxable","24":"shipping-taxable","25":"purchasable","26":"product-type-variable"},"bundled_by":[],"bundle_stock_status":"outofstock","bundle_stock_quantity":0,"bundle_virtual":false,"bundle_layout":"","bundle_add_to_cart_form_location":"","bundle_editable_in_cart":false,"bundle_sold_individually_context":"","bundle_item_grouping":"","bundle_min_size":"","bundle_max_size":"","bundle_price":[],"bundled_items":[],"bundle_sell_ids":[],"acf":[],"df_price":190,"df_sale_price":"","df_regular_price":190,"df_image_link":"https:\/\/www.fitness-flohmarkt.ch\/wp-content\/uploads\/carbonflex_bar_with_hooks_2_1920x1920-36-15-300x300.avif","_links":{"self":[{"href":"https:\/\/www.fitness-flohmarkt.ch\/fr\/wp-json\/wp\/v2\/product\/9036368","targetHints":{"allow":["GET"]}}],"collection":[{"href":"https:\/\/www.fitness-flohmarkt.ch\/fr\/wp-json\/wp\/v2\/product"}],"about":[{"href":"https:\/\/www.fitness-flohmarkt.ch\/fr\/wp-json\/wp\/v2\/types\/product"}],"replies":[{"embeddable":true,"href":"https:\/\/www.fitness-flohmarkt.ch\/fr\/wp-json\/wp\/v2\/comments?post=9036368"}],"wp:featuredmedia":[{"embeddable":true,"href":"https:\/\/www.fitness-flohmarkt.ch\/fr\/wp-json\/wp\/v2\/media\/9064761"}],"wp:attachment":[{"href":"https:\/\/www.fitness-flohmarkt.ch\/fr\/wp-json\/wp\/v2\/media?parent=9036368"}],"wp:term":[{"taxonomy":"product_brand","embeddable":true,"href":"https:\/\/www.fitness-flohmarkt.ch\/fr\/wp-json\/wp\/v2\/product_brand?post=9036368"},{"taxonomy":"product_cat","embeddable":true,"href":"https:\/\/www.fitness-flohmarkt.ch\/fr\/wp-json\/wp\/v2\/product_cat?post=9036368"},{"taxonomy":"product_tag","embeddable":true,"href":"https:\/\/www.fitness-flohmarkt.ch\/fr\/wp-json\/wp\/v2\/product_tag?post=9036368"}],"curies":[{"name":"wp","href":"https:\/\/api.w.org\/{rel}","templated":true}]}}