{"id":9036144,"date":"2025-07-23T09:51:05","date_gmt":"2025-07-23T07:51:05","guid":{"rendered":"https:\/\/www.fitness-flohmarkt.ch\/produkt\/atx-foam-bench-schaumstoff-multibox\/"},"modified":"2026-03-03T21:31:01","modified_gmt":"2026-03-03T20:31:01","slug":"atx-foam-bench-mousse-multibox","status":"publish","type":"product","link":"https:\/\/www.fitness-flohmarkt.ch\/fr\/produkt\/atx-foam-bench-schaumstoff-multibox\/","title":{"rendered":"ATX Foam Bench | Mousse Multibox"},"content":{"rendered":"<h3><strong>ATX<sup>\u00ae<\/sup>\u00a0Banc Multi FOAM<\/strong><\/h3>\n<p><strong>Bloc de mousse - Banc \/ Multibox<\/strong><\/p>\n<p><strong>Les ATX<sup>\u00ae<\/sup>\u00a0Foam Bench est un bloc de mousse multifonctionnel fabriqu\u00e9 \u00e0 partir de mousse de haute qualit\u00e9.<\/strong><\/p>\n<p>En raison de sa taille et de sa haute densit\u00e9 de pression, ce bloc peut parfaitement \u00eatre utilis\u00e9 comme banc plat. De nombreux exercices d'halt\u00e8res - de pr\u00e9f\u00e9rence avec des halt\u00e8res courts - sont possibles, comme par exemple : Mouvement \u00e0 la vol\u00e9e, tractions, d\u00e9velopp\u00e9 couch\u00e9 ou hip thrust avec les halt\u00e8res. En outre, le bloc peut \u00eatre utilis\u00e9 comme bo\u00eete de step ou bo\u00eete de saut. En retournant simplement la bo\u00eete, on obtient deux hauteurs de saut diff\u00e9rentes, le bloc de mousse peut \u00eatre d\u00e9plac\u00e9 \/ repositionn\u00e9 rapidement et facilement.<\/p>\n<p>Le noyau interne est en mousse composite tr\u00e8s r\u00e9sistante \u00e0 la pression et \u00e0 l'usure, l'enveloppe est en plastique de haute qualit\u00e9 et est tr\u00e8s facile \u00e0 entretenir.<\/p>\n<p><strong>LES AVANTAGES EN UN COUP D'\u0152IL<\/strong><\/p>\n<ul>\n<li>Bloc de mousse multifonctionnel<\/li>\n<li>Id\u00e9al comme banc plat ou bo\u00eete de saut<\/li>\n<li>Noyau interne en mousse composite de haute qualit\u00e9<\/li>\n<li>Gaine r\u00e9sistante<\/li>\n<li>R\u00e9sistance aux charges lourdes - jusqu'\u00e0 200 kg<\/li>\n<li>Tr\u00e8s pratique, polyvalent, m\u00e9nage le sol et silencieux<\/li>\n<\/ul>","protected":false},"excerpt":{"rendered":"<p>Bloc de mousse multifonctionnel \u00e0 utiliser comme banc plat, step ou box de saut. Le banc ATX\u00ae Multi FOAM Bench est ind\u00e9formable, facile \u00e0 entretenir et peut supporter jusqu'\u00e0 200 kg. Id\u00e9al pour l'entra\u00eenement aux halt\u00e8res, les hip thrusts et les exercices pliom\u00e9triques. Deux hauteurs de saut par simple rotation de la bo\u00eete. Silencieux, n'ab\u00eeme pas le sol et s'utilise de mani\u00e8re flexible.<\/p>","protected":false},"featured_media":9061878,"comment_status":"closed","ping_status":"closed","template":"","meta":{"_acf_changed":false,"_gspb_post_css":""},"product_brand":[1039],"product_cat":[818,813,319,358],"product_tag":[],"class_list":{"0":"post-9036144","1":"product","2":"type-product","3":"status-publish","4":"has-post-thumbnail","6":"product_brand-atx","7":"product_cat-conditioning","8":"product_cat-fg-diverse","9":"product_cat-fitness-zubehoer","10":"product_cat-hantelbaenke","11":"pa_anzahl-hoehenstufen-1162","12":"pa_artikel-pro-verkaufseinheit-1x","13":"pa_breite-30-cm","14":"pa_farbe-schwarz","15":"pa_fitness-zubehoertyp-step-und-sprungboxen","16":"pa_gewicht-17-kg","17":"pa_griffe-nein","18":"pa_hoehe-40-cm","19":"pa_kernmaterial-verbundschaum","20":"pa_laenge-100-cm","21":"pa_lieferumfang-1x-jump-box","22":"pa_max-belastung-200-kg","23":"pa_max-hoehe-100-cm","24":"pa_min-hoehe-30-cm","25":"pa_oberflaeche-nylon","26":"pa_step-sprungboxtyp-plyo-box","28":"first","29":"outofstock","30":"taxable","31":"shipping-taxable","32":"purchasable","33":"product-type-simple"},"bundled_by":[],"bundle_stock_status":"outofstock","bundle_stock_quantity":-1,"bundle_virtual":false,"bundle_layout":"","bundle_add_to_cart_form_location":"","bundle_editable_in_cart":false,"bundle_sold_individually_context":"","bundle_item_grouping":"","bundle_min_size":"","bundle_max_size":"","bundle_price":[],"bundled_items":[],"bundle_sell_ids":[],"acf":[],"df_price":249,"df_sale_price":"","df_regular_price":249,"df_image_link":"https:\/\/www.fitness-flohmarkt.ch\/wp-content\/uploads\/atx-fob-100_01-19-300x300.webp","_links":{"self":[{"href":"https:\/\/www.fitness-flohmarkt.ch\/fr\/wp-json\/wp\/v2\/product\/9036144","targetHints":{"allow":["GET"]}}],"collection":[{"href":"https:\/\/www.fitness-flohmarkt.ch\/fr\/wp-json\/wp\/v2\/product"}],"about":[{"href":"https:\/\/www.fitness-flohmarkt.ch\/fr\/wp-json\/wp\/v2\/types\/product"}],"replies":[{"embeddable":true,"href":"https:\/\/www.fitness-flohmarkt.ch\/fr\/wp-json\/wp\/v2\/comments?post=9036144"}],"wp:featuredmedia":[{"embeddable":true,"href":"https:\/\/www.fitness-flohmarkt.ch\/fr\/wp-json\/wp\/v2\/media\/9061878"}],"wp:attachment":[{"href":"https:\/\/www.fitness-flohmarkt.ch\/fr\/wp-json\/wp\/v2\/media?parent=9036144"}],"wp:term":[{"taxonomy":"product_brand","embeddable":true,"href":"https:\/\/www.fitness-flohmarkt.ch\/fr\/wp-json\/wp\/v2\/product_brand?post=9036144"},{"taxonomy":"product_cat","embeddable":true,"href":"https:\/\/www.fitness-flohmarkt.ch\/fr\/wp-json\/wp\/v2\/product_cat?post=9036144"},{"taxonomy":"product_tag","embeddable":true,"href":"https:\/\/www.fitness-flohmarkt.ch\/fr\/wp-json\/wp\/v2\/product_tag?post=9036144"}],"curies":[{"name":"wp","href":"https:\/\/api.w.org\/{rel}","templated":true}]}}