{"id":9036121,"date":"2025-07-23T09:30:55","date_gmt":"2025-07-23T07:30:55","guid":{"rendered":"https:\/\/www.fitness-flohmarkt.ch\/produkt\/atx-interval-digitaler-timer-medium-mit-akku-ladegeraet\/"},"modified":"2026-03-01T23:36:11","modified_gmt":"2026-03-01T22:36:11","slug":"atx-interval-digital-timer-medium-avec-chargeur-de-batterie","status":"publish","type":"product","link":"https:\/\/www.fitness-flohmarkt.ch\/fr\/produkt\/atx-interval-digitaler-timer-medium-mit-akku-ladegeraet\/","title":{"rendered":"ATX Interval Minuteur num\u00e9rique moyen | avec batterie &amp; chargeur"},"content":{"rendered":"<h3>ATX\u00ae Interval Timer - Medium - avec batterie et chargeur<\/h3>\n<p>Minuteur \u00e0 intervalles programmable pour les gymnases, les clubs et les associations sportives<\/p>\n<p>Le minuteur d'intervalles ATX\u00ae propose diff\u00e9rents intervalles pr\u00e9d\u00e9finis et auto-programmables pour ton entra\u00eenement sur mesure. L'\u00e9cran LED clair comme du cristal affiche l'heure en rouge et des informations suppl\u00e9mentaires, comme le nombre de tours, en vert avec des chiffres de 4,5 cm de haut qui sont faciles \u00e0 lire m\u00eame de loin. Les chiffres verts sont \u00e9galement plus visibles que les chiffres bleus des minuteries comparables, et le verre d\u00e9poli sp\u00e9cial emp\u00eache les reflets g\u00eanants sur l'\u00e9cran.<\/p>\n<p>Il est possible d'enregistrer jusqu'\u00e0 10 programmes personnalis\u00e9s sur le minuteur, en r\u00e9glant le nombre de tours, le temps d'entra\u00eenement et le temps de pause selon tes besoins. Tu peux aussi utiliser les fonctions de compte \u00e0 rebours et de countup, une fonction chronom\u00e8tre ou l'un des minuteurs pr\u00e9d\u00e9finis comme Tabata et Fight Gone Bad. Le minuteur peut \u00eatre facilement contr\u00f4l\u00e9 et programm\u00e9 avec la t\u00e9l\u00e9commande fournie. Lorsqu'il n'est pas utilis\u00e9, le minuteur peut \u00eatre d\u00e9sactiv\u00e9 ou affich\u00e9 comme une horloge.<\/p>\n<p>Le minuteur d'intervalle dispose d'une batterie int\u00e9gr\u00e9e qui peut \u00eatre recharg\u00e9e avec le chargeur et le c\u00e2ble de chargement inclus. Le minuteur peut \u00e9galement \u00eatre recharg\u00e9 via une banque d'alimentation 5V (non incluse).<\/p>\n<h3>R\u00e9sum\u00e9 des caract\u00e9ristiques<\/h3>\n<ul>\n<li>minuteur num\u00e9rique \u00e0 intervalles avec diff\u00e9rents programmes et affichages<\/li>\n<li>Pr\u00e9sentation \u00e0 6 chiffres avec des chiffres de 4,5 cm de haut qui peuvent \u00eatre lus \u00e0 plusieurs centaines de m\u00e8tres.<\/li>\n<li>le verre d\u00e9poli sp\u00e9cial emp\u00eache les reflets g\u00eanants sur l'\u00e9cran<\/li>\n<li>Bo\u00eetier robuste en aluminium qui peut \u00eatre fix\u00e9 au mur<\/li>\n<li>minuterie \u00e0 intervalles avec temps d'entra\u00eenement, temps de pause et nombre de tours programmables<\/li>\n<li>il est possible d'enregistrer jusqu'\u00e0 10 programmes d\u00e9finis par l'utilisateur<\/li>\n<li>Addition et compte \u00e0 rebours \u00e0 partir d'un temps d\u00e9fini entre 00:00 et 99:59<\/li>\n<li>Fonction chronom\u00e8tre avec une pr\u00e9cision de 1\/100 de seconde<\/li>\n<li>diff\u00e9rents minuteurs pr\u00e9d\u00e9finis, dont Tabata et Fight Gone Bad<\/li>\n<li>compte \u00e0 rebours optionnel de 10 secondes avant le lancement d'un programme<\/li>\n<li>Bip fort pour indiquer le d\u00e9but, la fin, les pauses et les changements<\/li>\n<\/ul>","protected":false},"excerpt":{"rendered":"<p>Minuteur \u00e0 intervalles ATX programmable avec \u00e9cran LED et batterie pour une utilisation en studio ou en club. Affiche l'heure, les tours et les phases d'entra\u00eenement de mani\u00e8re bien lisible. Enregistre jusqu'\u00e0 10 programmes personnalis\u00e9s et propose des modes pr\u00e9d\u00e9finis comme Tabata. Avec t\u00e9l\u00e9commande, fonction chronom\u00e8tre, compte \u00e0 rebours et signal sonore puissant pour le d\u00e9but, la fin et les pauses.<\/p>","protected":false},"featured_media":9059815,"comment_status":"closed","ping_status":"closed","template":"","meta":{"_acf_changed":false,"_gspb_post_css":""},"product_brand":[1039],"product_cat":[819],"product_tag":[],"class_list":{"0":"post-9036121","1":"product","2":"type-product","3":"status-publish","4":"has-post-thumbnail","6":"product_brand-atx","7":"product_cat-digital-timer","8":"pa_artikel-pro-verkaufseinheit-1x","9":"pa_breite-10-cm","10":"pa_farbe-schwarz","11":"pa_fitness-zubehoertyp-digital-timer","12":"pa_gewicht-2-kg","13":"pa_hoehe-5-cm","14":"pa_laenge-31-cm","15":"pa_lieferumfang-1x-bedienungsanleitung","16":"pa_lieferumfang-1x-digital-timer","17":"pa_lieferumfang-1x-ladekabel","18":"pa_lieferumfang-1x-remote","19":"pa_material-aluminium","20":"pa_material-glas","22":"first","23":"instock","24":"taxable","25":"shipping-taxable","26":"purchasable","27":"product-type-simple"},"bundled_by":[],"bundle_stock_status":"instock","bundle_stock_quantity":11,"bundle_virtual":false,"bundle_layout":"","bundle_add_to_cart_form_location":"","bundle_editable_in_cart":false,"bundle_sold_individually_context":"","bundle_item_grouping":"","bundle_min_size":"","bundle_max_size":"","bundle_price":[],"bundled_items":[],"bundle_sell_ids":[],"acf":[],"df_price":179,"df_sale_price":"","df_regular_price":179,"df_image_link":"https:\/\/www.fitness-flohmarkt.ch\/wp-content\/uploads\/atx-tmr-20_01_neu-25-300x300.webp","_links":{"self":[{"href":"https:\/\/www.fitness-flohmarkt.ch\/fr\/wp-json\/wp\/v2\/product\/9036121","targetHints":{"allow":["GET"]}}],"collection":[{"href":"https:\/\/www.fitness-flohmarkt.ch\/fr\/wp-json\/wp\/v2\/product"}],"about":[{"href":"https:\/\/www.fitness-flohmarkt.ch\/fr\/wp-json\/wp\/v2\/types\/product"}],"replies":[{"embeddable":true,"href":"https:\/\/www.fitness-flohmarkt.ch\/fr\/wp-json\/wp\/v2\/comments?post=9036121"}],"wp:featuredmedia":[{"embeddable":true,"href":"https:\/\/www.fitness-flohmarkt.ch\/fr\/wp-json\/wp\/v2\/media\/9059815"}],"wp:attachment":[{"href":"https:\/\/www.fitness-flohmarkt.ch\/fr\/wp-json\/wp\/v2\/media?parent=9036121"}],"wp:term":[{"taxonomy":"product_brand","embeddable":true,"href":"https:\/\/www.fitness-flohmarkt.ch\/fr\/wp-json\/wp\/v2\/product_brand?post=9036121"},{"taxonomy":"product_cat","embeddable":true,"href":"https:\/\/www.fitness-flohmarkt.ch\/fr\/wp-json\/wp\/v2\/product_cat?post=9036121"},{"taxonomy":"product_tag","embeddable":true,"href":"https:\/\/www.fitness-flohmarkt.ch\/fr\/wp-json\/wp\/v2\/product_tag?post=9036121"}],"curies":[{"name":"wp","href":"https:\/\/api.w.org\/{rel}","templated":true}]}}