{"id":9033482,"date":"2025-07-14T13:50:52","date_gmt":"2025-07-14T11:50:52","guid":{"rendered":"https:\/\/www.fitness-flohmarkt.ch\/produkt\/fitcum-urethane-dumbbells-polyurethan-kurzhantel\/"},"modified":"2026-03-30T13:44:51","modified_gmt":"2026-03-30T11:44:51","slug":"fitcum-urethane-dumbbells-halteres-courts-en-polyurethane","status":"publish","type":"product","link":"https:\/\/www.fitness-flohmarkt.ch\/fr\/produkt\/fitcum-urethane-dumbbells-polyurethan-kurzhantel\/","title":{"rendered":"Fitcom Urethane Dumbbells | Halt\u00e8re court en polyur\u00e9thane"},"content":{"rendered":"<h3 data-start=\"351\" data-end=\"498\"><strong data-start=\"388\" data-end=\"498\">Ensembles d'halt\u00e8res courts en ur\u00e9thane Fitcom - halt\u00e8res de studio de haute qualit\u00e9 en six variantes pour un entra\u00eenement de musculation intensif<\/strong><\/h3>\n<p data-start=\"500\" data-end=\"953\">Les ensembles d'halt\u00e8res courts en ur\u00e9thane Fitcom sont disponibles en cinq variantes d'ensembles graduels et offrent ainsi une solution flexible pour les exigences d'entra\u00eenement les plus diverses. Gr\u00e2ce \u00e0 la gaine en polyur\u00e9thane de haute qualit\u00e9 (CPU), les halt\u00e8res sont particuli\u00e8rement durables, r\u00e9sistants aux rayures et \u00e0 l'abrasion - et absolument inodores. Ils conviennent donc parfaitement \u00e0 l'utilisation dans des environnements de fitness professionnels ainsi que dans les gymnases \u00e0 domicile exigeants.<\/p>\n<p data-start=\"955\" data-end=\"1264\">Les poign\u00e9es confortables et ergonomiques tiennent bien en main et garantissent un maniement stable et agr\u00e9able, m\u00eame en cas d'intensit\u00e9 d'entra\u00eenement \u00e9lev\u00e9e. Que ce soit pour l'entra\u00eenement fonctionnel, la musculation classique ou les formats d'entra\u00eenement en circuit, les halt\u00e8res Fitcom convainquent par leur qualit\u00e9 et leur fonctionnalit\u00e9.<\/p>\n<p data-start=\"1266\" data-end=\"1368\">Tous les kits sont disponibles en incr\u00e9ments pratiques de 2 ou 2,5 kg et couvrent diff\u00e9rentes gammes de poids :<\/p>\n<ul data-start=\"1370\" data-end=\"1708\">\n<li data-start=\"1370\" data-end=\"1426\">\n<p data-start=\"1372\" data-end=\"1426\">2,5 \u00e0 25 kg (10 paires d'halt\u00e8res), pas de 2,5 kg, poids total 275 kg<\/p>\n<\/li>\n<li data-start=\"1427\" data-end=\"1481\">\n<p data-start=\"1429\" data-end=\"1481\">2 \u00e0 20 kg (10 paires d'halt\u00e8res), pas de 2 kg, poids total 220 kg<\/p>\n<\/li>\n<li data-start=\"1537\" data-end=\"1594\">\n<p data-start=\"1539\" data-end=\"1594\">12,5 \u00e0 35 kg (10 paires d'halt\u00e8res), pas de 2,5 kg, poids total 475 kg<\/p>\n<\/li>\n<li data-start=\"1595\" data-end=\"1650\">\n<p data-start=\"1597\" data-end=\"1650\">22 \u00e0 40 kg (10 paires d'halt\u00e8res), pas de 2 kg, poids total 620 kg<\/p>\n<\/li>\n<li data-start=\"1651\" data-end=\"1708\">\n<p data-start=\"1653\" data-end=\"1708\">27,5 \u00e0 50 kg (10 paires d'halt\u00e8res), pas de 2,5 kg, poids total 775 kg<\/p>\n<\/li>\n<\/ul>\n<p data-start=\"1710\" data-end=\"1867\" data-is-last-node=\"\" data-is-only-node=\"\"><strong>Remarque :<\/strong> Les supports pour halt\u00e8res sont disponibles s\u00e9par\u00e9ment. Assortis \u00e0 ce produit : Support pour halt\u00e8res courts Fitcom F-64175 (10 fois) et support pour halt\u00e8res courts Premium F-17471 (10 fois).<\/p>","protected":false},"excerpt":{"rendered":"<p>Ensembles d'halt\u00e8res courts en ur\u00e9thane Fitcom : halt\u00e8res durables et sans odeur pour un entra\u00eenement exigeant. Les halt\u00e8res courts en ur\u00e9thane Fitcom sont dot\u00e9s d'une gaine en polyur\u00e9thane (CPU) r\u00e9sistante et inodore et disposent de poign\u00e9es ergonomiques confortables pour une prise en main s\u00fbre. Disponible en incr\u00e9ments de 2,5 kg de 2 \u00e0 50 kg.<\/p>","protected":false},"featured_media":9063678,"comment_status":"closed","ping_status":"closed","template":"","meta":{"_acf_changed":false,"_gspb_post_css":""},"product_brand":[1000],"product_cat":[302],"product_tag":[],"class_list":{"0":"post-9033482","1":"product","2":"type-product","3":"status-publish","4":"has-post-thumbnail","6":"product_brand-fitcom","7":"product_cat-kompakthanteln","8":"pa_anzahl-hanteln-20x","9":"pa_artikel-pro-verkaufseinheit-10x","10":"pa_ergonomischer-griff-ja","11":"pa_farbe-schwarz","12":"pa_hanteltyp-kurzhantel","13":"pa_kernmaterial-gusseisen","14":"pa_lieferumfang-10x-kurzhantel","15":"pa_oberflaeche-cpu","16":"pa_set-12-5-bis-35-kg","17":"pa_set-2-bis-20-kg","18":"pa_set-2-5-bis-25-kg","19":"pa_set-22-bis-40-kg","20":"pa_set-27-5-bis-50-kg","21":"pa_staendertyp-hantelstaender","22":"pa_verstellbar-nein","24":"first","25":"instock","26":"taxable","27":"shipping-taxable","28":"purchasable","29":"product-type-variable"},"bundled_by":[],"bundle_stock_status":"instock","bundle_stock_quantity":null,"bundle_virtual":false,"bundle_layout":"","bundle_add_to_cart_form_location":"","bundle_editable_in_cart":false,"bundle_sold_individually_context":"","bundle_item_grouping":"","bundle_min_size":"","bundle_max_size":"","bundle_price":[],"bundled_items":[],"bundle_sell_ids":[],"acf":[],"df_price":1100,"df_sale_price":"","df_regular_price":1100,"df_image_link":"https:\/\/www.fitness-flohmarkt.ch\/wp-content\/uploads\/web_Kurzhanteln-2-5-25kg-1-17_1080x1080-18-300x300.png","_links":{"self":[{"href":"https:\/\/www.fitness-flohmarkt.ch\/fr\/wp-json\/wp\/v2\/product\/9033482","targetHints":{"allow":["GET"]}}],"collection":[{"href":"https:\/\/www.fitness-flohmarkt.ch\/fr\/wp-json\/wp\/v2\/product"}],"about":[{"href":"https:\/\/www.fitness-flohmarkt.ch\/fr\/wp-json\/wp\/v2\/types\/product"}],"replies":[{"embeddable":true,"href":"https:\/\/www.fitness-flohmarkt.ch\/fr\/wp-json\/wp\/v2\/comments?post=9033482"}],"wp:featuredmedia":[{"embeddable":true,"href":"https:\/\/www.fitness-flohmarkt.ch\/fr\/wp-json\/wp\/v2\/media\/9063678"}],"wp:attachment":[{"href":"https:\/\/www.fitness-flohmarkt.ch\/fr\/wp-json\/wp\/v2\/media?parent=9033482"}],"wp:term":[{"taxonomy":"product_brand","embeddable":true,"href":"https:\/\/www.fitness-flohmarkt.ch\/fr\/wp-json\/wp\/v2\/product_brand?post=9033482"},{"taxonomy":"product_cat","embeddable":true,"href":"https:\/\/www.fitness-flohmarkt.ch\/fr\/wp-json\/wp\/v2\/product_cat?post=9033482"},{"taxonomy":"product_tag","embeddable":true,"href":"https:\/\/www.fitness-flohmarkt.ch\/fr\/wp-json\/wp\/v2\/product_tag?post=9033482"}],"curies":[{"name":"wp","href":"https:\/\/api.w.org\/{rel}","templated":true}]}}