{"id":9033444,"date":"2025-07-14T11:30:20","date_gmt":"2025-07-14T09:30:20","guid":{"rendered":"https:\/\/www.fitness-flohmarkt.ch\/produkt\/tyre-flip-180-grad-reifen\/"},"modified":"2026-03-01T23:18:21","modified_gmt":"2026-03-01T22:18:21","slug":"tyre-flip-180-degres-pneus","status":"publish","type":"product","link":"https:\/\/www.fitness-flohmarkt.ch\/fr\/produkt\/tyre-flip-180-grad-reifen\/","title":{"rendered":"Tyre Flip 180 degr\u00e9s | Pneus"},"content":{"rendered":"<h3>Tyre Flip 180 - Entra\u00eenement fonctionnel bas\u00e9 sur les pneus dans un format compact<\/h3>\n<p data-start=\"417\" data-end=\"821\">Le Tyre Flip 180 apporte le fameux entra\u00eenement sur pneus dans un environnement d'entra\u00eenement contr\u00f4l\u00e9 et s\u00fbr, sans pour autant renoncer \u00e0 l'efficacit\u00e9 ou \u00e0 la polyvalence. L'appareil a \u00e9t\u00e9 sp\u00e9cialement con\u00e7u pour une utilisation professionnelle dans le domaine fonctionnel et athl\u00e9tique et offre la possibilit\u00e9 de r\u00e9aliser des mouvements de flip classiques ainsi qu'une multitude d'autres exercices dans un espace r\u00e9duit.<\/p>\n<p data-start=\"823\" data-end=\"1193\">Gr\u00e2ce \u00e0 l'ajustement int\u00e9gr\u00e9 du poids, la r\u00e9sistance \u00e0 l'entra\u00eenement peut \u00eatre r\u00e9gl\u00e9e de mani\u00e8re flexible, ce qui permet de solliciter de mani\u00e8re cibl\u00e9e aussi bien les d\u00e9butants que les sportifs confirm\u00e9s. Le m\u00e9canisme stable assure une ex\u00e9cution r\u00e9guli\u00e8re des mouvements, ce qui minimise le risque de blessure et permet en m\u00eame temps un entra\u00eenement intensif et complet.<\/p>\n<p data-start=\"1195\" data-end=\"1576\" data-is-last-node=\"\" data-is-only-node=\"\">Gr\u00e2ce \u00e0 sa construction compacte, le Tyre Flip 180 est particuli\u00e8rement adapt\u00e9 aux studios o\u00f9 l'espace est limit\u00e9 et s'int\u00e8gre facilement dans les concepts d'entra\u00eenement existants. Que ce soit pour augmenter la force rapide, pour favoriser la stabilit\u00e9 du tronc ou comme \u00e9l\u00e9ment dans un circuit d'entra\u00eenement, cet appareil d'entra\u00eenement allie fonction, s\u00e9curit\u00e9 et efficacit\u00e9 dans un concept moderne.<\/p>\n<p data-start=\"1195\" data-end=\"1576\" data-is-last-node=\"\" data-is-only-node=\"\"><strong>Remarque :<\/strong> Les disques de poids ne sont pas inclus dans la livraison.<\/p>","protected":false},"excerpt":{"rendered":"<p>Le Tyre Flip 180 combine les avantages de l'entra\u00eenement classique sur pneus avec un design peu encombrant et adapt\u00e9 aux studios. L'adaptation int\u00e9gr\u00e9e du poids permet des exercices polyvalents pour am\u00e9liorer la force, le dynamisme et l'endurance - id\u00e9al pour un entra\u00eenement fonctionnel sans grand besoin d'espace.<\/p>","protected":false},"featured_media":9057366,"comment_status":"closed","ping_status":"closed","template":"","meta":{"_acf_changed":false,"_gspb_post_css":""},"product_brand":[1000],"product_cat":[818,813,823],"product_tag":[],"class_list":{"0":"post-9033444","1":"product","2":"type-product","3":"status-publish","4":"has-post-thumbnail","6":"product_brand-fitcom","7":"product_cat-conditioning","8":"product_cat-fg-diverse","9":"product_cat-strongman","10":"product_shipping_class-nicht-stapelbar","12":"first","13":"instock","14":"taxable","15":"shipping-taxable","16":"purchasable","17":"product-type-simple"},"bundled_by":[],"bundle_stock_status":"instock","bundle_stock_quantity":4,"bundle_virtual":false,"bundle_layout":"","bundle_add_to_cart_form_location":"","bundle_editable_in_cart":false,"bundle_sold_individually_context":"","bundle_item_grouping":"","bundle_min_size":"","bundle_max_size":"","bundle_price":[],"bundled_items":[],"bundle_sell_ids":[],"acf":[],"df_price":890,"df_sale_price":"","df_regular_price":890,"df_image_link":"https:\/\/www.fitness-flohmarkt.ch\/wp-content\/uploads\/Reifen_7-4-300x300.jpg","_links":{"self":[{"href":"https:\/\/www.fitness-flohmarkt.ch\/fr\/wp-json\/wp\/v2\/product\/9033444","targetHints":{"allow":["GET"]}}],"collection":[{"href":"https:\/\/www.fitness-flohmarkt.ch\/fr\/wp-json\/wp\/v2\/product"}],"about":[{"href":"https:\/\/www.fitness-flohmarkt.ch\/fr\/wp-json\/wp\/v2\/types\/product"}],"replies":[{"embeddable":true,"href":"https:\/\/www.fitness-flohmarkt.ch\/fr\/wp-json\/wp\/v2\/comments?post=9033444"}],"wp:featuredmedia":[{"embeddable":true,"href":"https:\/\/www.fitness-flohmarkt.ch\/fr\/wp-json\/wp\/v2\/media\/9057366"}],"wp:attachment":[{"href":"https:\/\/www.fitness-flohmarkt.ch\/fr\/wp-json\/wp\/v2\/media?parent=9033444"}],"wp:term":[{"taxonomy":"product_brand","embeddable":true,"href":"https:\/\/www.fitness-flohmarkt.ch\/fr\/wp-json\/wp\/v2\/product_brand?post=9033444"},{"taxonomy":"product_cat","embeddable":true,"href":"https:\/\/www.fitness-flohmarkt.ch\/fr\/wp-json\/wp\/v2\/product_cat?post=9033444"},{"taxonomy":"product_tag","embeddable":true,"href":"https:\/\/www.fitness-flohmarkt.ch\/fr\/wp-json\/wp\/v2\/product_tag?post=9033444"}],"curies":[{"name":"wp","href":"https:\/\/api.w.org\/{rel}","templated":true}]}}