{"id":9031258,"date":"2025-06-20T15:30:54","date_gmt":"2025-06-20T13:30:54","guid":{"rendered":"https:\/\/www.fitness-flohmarkt.ch\/produkt\/atx-resistance-power-sled-schlitten\/"},"modified":"2026-03-01T23:35:18","modified_gmt":"2026-03-01T22:35:18","slug":"traineau-atx-resistance-power-sled","status":"publish","type":"product","link":"https:\/\/www.fitness-flohmarkt.ch\/fr\/produkt\/atx-resistance-power-sled-schlitten\/","title":{"rendered":"ATX Resistance Power Sled | Luge"},"content":{"rendered":"<h3 data-start=\"139\" data-end=\"175\"><strong data-start=\"143\" data-end=\"173\">ATX\u00ae Resistance Power Sled - pour un entra\u00eenement Push &amp; Pull exigeant \u00e0 l'int\u00e9rieur et \u00e0 l'ext\u00e9rieur<\/strong><\/h3>\n<p data-start=\"307\" data-end=\"676\">L'ATX\u00ae Resistance Power Sled offre une intensit\u00e9 d'entra\u00eenement maximale sans utilisation obligatoire de poids suppl\u00e9mentaires - gr\u00e2ce \u00e0 un syst\u00e8me de r\u00e9sistance magn\u00e9tique innovant \u00e0 8 niveaux. Il est donc id\u00e9al aussi bien pour les d\u00e9butants que pour les athl\u00e8tes ambitieux. Le chargement de poids avec des disques d'halt\u00e8res est optionnel et sert principalement \u00e0 optimiser le contact avec le sol.<\/p>\n<p data-start=\"678\" data-end=\"1077\">Les robustes accessoires coulissants se montent rapidement et facilement en deux largeurs de poign\u00e9e diff\u00e9rentes (50 cm et 37,5 cm) - pour une manipulation adapt\u00e9e \u00e0 chacun. De plus, la luge est \u00e9quip\u00e9e d'\u0153illets solides \u00e0 l'avant et \u00e0 l'arri\u00e8re pour attacher des cordes de traction ou des syst\u00e8mes de harnais de mani\u00e8re flexible. La sangle de traction fournie (environ 160 cm) avec un mousqueton permet d'\u00eatre imm\u00e9diatement pr\u00eat \u00e0 l'emploi.<\/p>\n<p data-start=\"1079\" data-end=\"1303\">Gr\u00e2ce aux grandes roues \u00e0 air r\u00e9sistantes (\u00d8 26 cm), la luge fonctionne sur presque toutes les surfaces, que ce soit \u00e0 la gym, sur l'asphalte ou le gazon artificiel. L'arceau frontal pliable permet de gagner de la place lors du rangement.<\/p>\n<p data-start=\"1305\" data-end=\"1459\">Un appareil d'entra\u00eenement polyvalent qui fait passer tout entra\u00eenement fonctionnel au niveau sup\u00e9rieur, que ce soit pour augmenter la force, l'endurance ou l'explosivit\u00e9.<\/p>\n<h4 data-start=\"1466\" data-end=\"1490\">En un coup d'\u0153il :<\/h4>\n<ul data-start=\"1491\" data-end=\"2144\">\n<li data-start=\"1491\" data-end=\"1586\">\n<p data-start=\"1493\" data-end=\"1586\">Puissant syst\u00e8me de r\u00e9sistance magn\u00e9tique \u00e0 8 niveaux - pas besoin de poids suppl\u00e9mentaires<\/p>\n<\/li>\n<li data-start=\"1587\" data-end=\"1674\">\n<p data-start=\"1589\" data-end=\"1674\">Grandes roues pneumatiques (\u00d8 26 cm) - pour un d\u00e9placement stable sur les surfaces les plus diverses<\/p>\n<\/li>\n<li data-start=\"1675\" data-end=\"1753\">\n<p data-start=\"1677\" data-end=\"1753\">Utilisable \u00e0 l'int\u00e9rieur &amp; \u00e0 l'ext\u00e9rieur - pas besoin de surface sp\u00e9ciale au sol<\/p>\n<\/li>\n<li data-start=\"1754\" data-end=\"1797\">\n<p data-start=\"1756\" data-end=\"1797\">Deux largeurs de poign\u00e9e : 50 cm et 37,5 cm<\/p>\n<\/li>\n<li data-start=\"1798\" data-end=\"1872\">\n<p data-start=\"1800\" data-end=\"1872\">Anneaux de traction \u00e0 l'avant et \u00e0 l'arri\u00e8re - id\u00e9al pour diff\u00e9rentes variantes de traction<\/p>\n<\/li>\n<li data-start=\"1873\" data-end=\"1933\">\n<p data-start=\"1875\" data-end=\"1933\">Arceau frontal rabattable - pour un rangement peu encombrant<\/p>\n<\/li>\n<li data-start=\"1934\" data-end=\"1995\">\n<p data-start=\"1936\" data-end=\"1995\">Strap de traction (160 cm) avec mousqueton inclus<\/p>\n<\/li>\n<li data-start=\"1996\" data-end=\"2038\">\n<p data-start=\"1998\" data-end=\"2038\">Pompe \u00e0 air multifonctionnelle incluse<\/p>\n<\/li>\n<li data-start=\"2039\" data-end=\"2083\">\n<p data-start=\"2041\" data-end=\"2083\">Pin de chargement pour le lestage optionnel<\/p>\n<\/li>\n<li data-start=\"2084\" data-end=\"2144\">\n<p data-start=\"2086\" data-end=\"2144\">Poids propre \u00e9lev\u00e9 de 41 kg - pour une stabilit\u00e9 optimale<\/p>\n<\/li>\n<\/ul>","protected":false},"excerpt":{"rendered":"<p>L'ATX\u00ae Resistance Power Sled est une luge de r\u00e9sistance polyvalente avec un syst\u00e8me de freinage magn\u00e9tique \u00e0 8 niveaux - id\u00e9ale pour les entra\u00eenements de pouss\u00e9e et de traction \u00e0 l'int\u00e9rieur et \u00e0 l'ext\u00e9rieur. Aucune surface sp\u00e9ciale n'est n\u00e9cessaire, y compris la sangle de traction, les pneus pneumatiques et les poign\u00e9es \u00e0 largeur variable.<\/p>","protected":false},"featured_media":9055168,"comment_status":"closed","ping_status":"closed","template":"","meta":{"_acf_changed":false,"_gspb_post_css":""},"product_brand":[1039],"product_cat":[818,823],"product_tag":[],"class_list":{"0":"post-9031258","1":"product","2":"type-product","3":"status-publish","4":"has-post-thumbnail","6":"product_brand-atx","7":"product_cat-conditioning","8":"product_cat-strongman","9":"pa_artikel-pro-verkaufseinheit-1x","10":"pa_breite-80-cm","11":"pa_farbe-schwarz","12":"pa_gewicht-41-kg","13":"pa_hoehe-110-cm","14":"pa_kraftstationtyp-gewichtsschlitten","15":"pa_laenge-115-cm","16":"pa_lieferumfang-1x-gewichtsschlitten","17":"pa_material-stahl","18":"pa_transportrollen-ja","19":"pa_verstellbar-ja","21":"first","22":"outofstock","23":"taxable","24":"shipping-taxable","25":"purchasable","26":"product-type-simple"},"bundled_by":[],"bundle_stock_status":"outofstock","bundle_stock_quantity":0,"bundle_virtual":false,"bundle_layout":"","bundle_add_to_cart_form_location":"","bundle_editable_in_cart":false,"bundle_sold_individually_context":"","bundle_item_grouping":"","bundle_min_size":"","bundle_max_size":"","bundle_price":[],"bundled_items":[],"bundle_sell_ids":[],"acf":[],"df_price":845,"df_sale_price":"","df_regular_price":845,"df_image_link":"https:\/\/www.fitness-flohmarkt.ch\/wp-content\/uploads\/atx-rst-500_06-28-300x300.jpeg","_links":{"self":[{"href":"https:\/\/www.fitness-flohmarkt.ch\/fr\/wp-json\/wp\/v2\/product\/9031258","targetHints":{"allow":["GET"]}}],"collection":[{"href":"https:\/\/www.fitness-flohmarkt.ch\/fr\/wp-json\/wp\/v2\/product"}],"about":[{"href":"https:\/\/www.fitness-flohmarkt.ch\/fr\/wp-json\/wp\/v2\/types\/product"}],"replies":[{"embeddable":true,"href":"https:\/\/www.fitness-flohmarkt.ch\/fr\/wp-json\/wp\/v2\/comments?post=9031258"}],"wp:featuredmedia":[{"embeddable":true,"href":"https:\/\/www.fitness-flohmarkt.ch\/fr\/wp-json\/wp\/v2\/media\/9055168"}],"wp:attachment":[{"href":"https:\/\/www.fitness-flohmarkt.ch\/fr\/wp-json\/wp\/v2\/media?parent=9031258"}],"wp:term":[{"taxonomy":"product_brand","embeddable":true,"href":"https:\/\/www.fitness-flohmarkt.ch\/fr\/wp-json\/wp\/v2\/product_brand?post=9031258"},{"taxonomy":"product_cat","embeddable":true,"href":"https:\/\/www.fitness-flohmarkt.ch\/fr\/wp-json\/wp\/v2\/product_cat?post=9031258"},{"taxonomy":"product_tag","embeddable":true,"href":"https:\/\/www.fitness-flohmarkt.ch\/fr\/wp-json\/wp\/v2\/product_tag?post=9031258"}],"curies":[{"name":"wp","href":"https:\/\/api.w.org\/{rel}","templated":true}]}}