{"id":9031180,"date":"2025-06-20T11:36:19","date_gmt":"2025-06-20T09:36:19","guid":{"rendered":"https:\/\/www.fitness-flohmarkt.ch\/produkt\/fat-grips-grey-pair-10x5cm\/"},"modified":"2026-05-11T10:30:06","modified_gmt":"2026-05-11T08:30:06","slug":"fat-grips-grey-pair-10x5cm","status":"publish","type":"product","link":"https:\/\/www.fitness-flohmarkt.ch\/fr\/produkt\/fat-grips-grey-pair-10x5cm\/","title":{"rendered":"Fat Gripz | Paire de poign\u00e9es d'halt\u00e8res"},"content":{"rendered":"<h3 data-start=\"248\" data-end=\"333\"><strong data-start=\"248\" data-end=\"333\">Fat Gripz - pour une meilleure prise en main, une activation musculaire et un entra\u00eenement de musculation plus efficace<\/strong><\/h3>\n<p data-start=\"335\" data-end=\"694\">Les Fat Gripz sont des manchons en caoutchouc antid\u00e9rapants au format 10 x 5 cm qui se fixent facilement sur les barres d'halt\u00e8res, les kettlebells ou les poign\u00e9es de traction. Gr\u00e2ce \u00e0 leur fente int\u00e9rieure, elles se montent rapidement et en toute s\u00e9curit\u00e9. R\u00e9sultat : le diam\u00e8tre de la poign\u00e9e des appareils d'entra\u00eenement est doubl\u00e9 - et donc la sollicitation des avant-bras, des mains et des muscles de la poign\u00e9e.<\/p>\n<p data-start=\"696\" data-end=\"1051\">L'entra\u00eenement avec des poign\u00e9es plus \u00e9paisses active des groupes de muscles suppl\u00e9mentaires, augmente la tension dans toute la zone des bras et peut aider \u00e0 am\u00e9liorer les points faibles typiques comme le manque de force de pr\u00e9hension. En particulier pour les exercices de traction comme le soulev\u00e9 de terre, le rowing ou les tractions, cela renforce non seulement la force de pr\u00e9hension mais aussi la coordination musculaire.<\/p>\n<p data-start=\"1053\" data-end=\"1366\">Fabriqu\u00e9s en caoutchouc durable de haute qualit\u00e9, les Fat Gripz offrent une grande stabilit\u00e9 de forme - m\u00eame en cas d'utilisation intensive. Ils conviennent aussi bien aux sportifs amateurs ambitieux qu'aux sports de comp\u00e9tition, \u00e0 l'entra\u00eenement fonctionnel et au CrossFit. La couleur bleue assure une bonne visibilit\u00e9 pendant l'entra\u00eenement.<\/p>\n<p data-start=\"1368\" data-end=\"1396\"><strong data-start=\"1368\" data-end=\"1380\">Remarque :<\/strong> Prix par paire.<\/p>","protected":false},"excerpt":{"rendered":"<p>Fat Gripz en caoutchouc, 10 x 5 cm, en bleu - pour une meilleure force de pr\u00e9hension et une activation de l'avant-bras. Conviennent pour les halt\u00e8res, les kettlebells et les poign\u00e9es de traction. Augmentent le diam\u00e8tre de la barre et intensifient l'entra\u00eenement de force.<\/p>","protected":false},"featured_media":9031168,"comment_status":"closed","ping_status":"closed","template":"","meta":{"_acf_changed":false,"_gspb_post_css":""},"product_brand":[1000],"product_cat":[319,620],"product_tag":[],"class_list":{"0":"post-9031180","1":"product","2":"type-product","3":"status-publish","4":"has-post-thumbnail","6":"product_brand-fitcom","7":"product_cat-fitness-zubehoer","8":"product_cat-hg-zubehoer","9":"pa_artikel-pro-verkaufseinheit-2x","10":"pa_durchmesser-5-cm","11":"pa_farbe-blau","12":"pa_fitness-zubehoertyp-handtrainer","13":"pa_handtrainertyp-diverses","14":"pa_laenge-10-cm","15":"pa_lieferumfang-2x-fat-gripz","16":"pa_material-gummi","18":"first","19":"instock","20":"taxable","21":"shipping-taxable","22":"purchasable","23":"product-type-simple"},"bundled_by":[],"bundle_stock_status":"instock","bundle_stock_quantity":48,"bundle_virtual":false,"bundle_layout":"","bundle_add_to_cart_form_location":"","bundle_editable_in_cart":false,"bundle_sold_individually_context":"","bundle_item_grouping":"","bundle_min_size":"","bundle_max_size":"","bundle_price":[],"bundled_items":[],"bundle_sell_ids":[],"acf":[],"df_price":15,"df_sale_price":"","df_regular_price":15,"df_image_link":"https:\/\/www.fitness-flohmarkt.ch\/wp-content\/uploads\/71_web-1-300x300.png","_links":{"self":[{"href":"https:\/\/www.fitness-flohmarkt.ch\/fr\/wp-json\/wp\/v2\/product\/9031180","targetHints":{"allow":["GET"]}}],"collection":[{"href":"https:\/\/www.fitness-flohmarkt.ch\/fr\/wp-json\/wp\/v2\/product"}],"about":[{"href":"https:\/\/www.fitness-flohmarkt.ch\/fr\/wp-json\/wp\/v2\/types\/product"}],"replies":[{"embeddable":true,"href":"https:\/\/www.fitness-flohmarkt.ch\/fr\/wp-json\/wp\/v2\/comments?post=9031180"}],"wp:featuredmedia":[{"embeddable":true,"href":"https:\/\/www.fitness-flohmarkt.ch\/fr\/wp-json\/wp\/v2\/media\/9031168"}],"wp:attachment":[{"href":"https:\/\/www.fitness-flohmarkt.ch\/fr\/wp-json\/wp\/v2\/media?parent=9031180"}],"wp:term":[{"taxonomy":"product_brand","embeddable":true,"href":"https:\/\/www.fitness-flohmarkt.ch\/fr\/wp-json\/wp\/v2\/product_brand?post=9031180"},{"taxonomy":"product_cat","embeddable":true,"href":"https:\/\/www.fitness-flohmarkt.ch\/fr\/wp-json\/wp\/v2\/product_cat?post=9031180"},{"taxonomy":"product_tag","embeddable":true,"href":"https:\/\/www.fitness-flohmarkt.ch\/fr\/wp-json\/wp\/v2\/product_tag?post=9031180"}],"curies":[{"name":"wp","href":"https:\/\/api.w.org\/{rel}","templated":true}]}}