{"id":9030607,"date":"2025-06-18T17:10:24","date_gmt":"2025-06-18T15:10:24","guid":{"rendered":"https:\/\/www.fitness-flohmarkt.ch\/produkt\/beyond-power-bar-mount-stangenbefestigung\/"},"modified":"2026-05-11T13:53:06","modified_gmt":"2026-05-11T11:53:06","slug":"beyond-power-bar-mount-fixation-de-barre","status":"publish","type":"product","link":"https:\/\/www.fitness-flohmarkt.ch\/fr\/produkt\/beyond-power-bar-mount-stangenbefestigung\/","title":{"rendered":"Beyond Power Bar Mount | Fixation de barre"},"content":{"rendered":"<h3 data-start=\"88\" data-end=\"480\">Beyond Power Fixed Bar Mount<\/h3>\n<p data-start=\"88\" data-end=\"480\">Le Bar Mount a \u00e9t\u00e9 sp\u00e9cialement con\u00e7u pour le montage flexible du VOLTRA I sur des barres rondes - et convainc par sa construction robuste et son utilisation intuitive. Gr\u00e2ce au m\u00e9canisme de serrage solide, l'appareil peut \u00eatre fix\u00e9 en toute s\u00e9curit\u00e9 \u00e0 n'importe quelle barre d'un diam\u00e8tre de 2,54 \u00e0 5,08 cm - id\u00e9al pour les barres de traction, les traverses ou autres points de fixation ronds dans l'espace d'entra\u00eenement.<\/p>\n<p data-start=\"482\" data-end=\"807\">Une fois mont\u00e9, le Bar Mount est fiable et permet un entra\u00eenement polyvalent \u00e0 presque tous les endroits - sans rack suppl\u00e9mentaire. La VOLTRA I devient ainsi une v\u00e9ritable machine polyvalente pour les exercices de traction \u00e0 la corde les plus divers.<\/p>","protected":false},"excerpt":{"rendered":"<p>Beyond Power est synonyme d'accessoires d'entra\u00eenement fonctionnels qui se distinguent par leur grande qualit\u00e9 de fabrication, leur facilit\u00e9 d'utilisation et leurs multiples possibilit\u00e9s d'utilisation. Cet appareil de traction \u00e0 c\u00e2ble peut \u00eatre combin\u00e9 de mani\u00e8re appropri\u00e9e avec les poign\u00e9es, les connexions et les extensions du syst\u00e8me Beyond Power.<\/p>","protected":false},"featured_media":9067237,"comment_status":"closed","ping_status":"closed","template":"","meta":{"_acf_changed":false,"_gspb_post_css":""},"product_brand":[1549],"product_cat":[813,319,304],"product_tag":[],"class_list":{"0":"post-9030607","1":"product","2":"type-product","3":"status-publish","4":"has-post-thumbnail","6":"product_brand-beyond-power","7":"product_cat-fg-diverse","8":"product_cat-fitness-zubehoer","9":"product_cat-reha-physio","10":"pa_artikel-pro-verkaufseinheit-2x","11":"pa_farbe-chrom","12":"pa_fitness-zubehoertyp-rack-attachment","13":"pa_kernmaterial-aluminium","14":"pa_lieferumfang-2x-rack-attachment","16":"first","17":"instock","18":"taxable","19":"shipping-taxable","20":"purchasable","21":"product-type-simple"},"bundled_by":[],"bundle_stock_status":"instock","bundle_stock_quantity":3,"bundle_virtual":false,"bundle_layout":"","bundle_add_to_cart_form_location":"","bundle_editable_in_cart":false,"bundle_sold_individually_context":"","bundle_item_grouping":"","bundle_min_size":"","bundle_max_size":"","bundle_price":[],"bundled_items":[],"bundle_sell_ids":[],"acf":[],"df_price":149,"df_sale_price":"","df_regular_price":149,"df_image_link":"https:\/\/www.fitness-flohmarkt.ch\/wp-content\/uploads\/beyond-power-bar-mount-24-300x300.webp","_links":{"self":[{"href":"https:\/\/www.fitness-flohmarkt.ch\/fr\/wp-json\/wp\/v2\/product\/9030607","targetHints":{"allow":["GET"]}}],"collection":[{"href":"https:\/\/www.fitness-flohmarkt.ch\/fr\/wp-json\/wp\/v2\/product"}],"about":[{"href":"https:\/\/www.fitness-flohmarkt.ch\/fr\/wp-json\/wp\/v2\/types\/product"}],"replies":[{"embeddable":true,"href":"https:\/\/www.fitness-flohmarkt.ch\/fr\/wp-json\/wp\/v2\/comments?post=9030607"}],"wp:featuredmedia":[{"embeddable":true,"href":"https:\/\/www.fitness-flohmarkt.ch\/fr\/wp-json\/wp\/v2\/media\/9067237"}],"wp:attachment":[{"href":"https:\/\/www.fitness-flohmarkt.ch\/fr\/wp-json\/wp\/v2\/media?parent=9030607"}],"wp:term":[{"taxonomy":"product_brand","embeddable":true,"href":"https:\/\/www.fitness-flohmarkt.ch\/fr\/wp-json\/wp\/v2\/product_brand?post=9030607"},{"taxonomy":"product_cat","embeddable":true,"href":"https:\/\/www.fitness-flohmarkt.ch\/fr\/wp-json\/wp\/v2\/product_cat?post=9030607"},{"taxonomy":"product_tag","embeddable":true,"href":"https:\/\/www.fitness-flohmarkt.ch\/fr\/wp-json\/wp\/v2\/product_tag?post=9030607"}],"curies":[{"name":"wp","href":"https:\/\/api.w.org\/{rel}","templated":true}]}}