{"id":9027530,"date":"2025-05-27T11:30:28","date_gmt":"2025-05-27T09:30:28","guid":{"rendered":"https:\/\/www.fitness-flohmarkt.ch\/produkt\/koordinationsring\/"},"modified":"2026-04-20T15:51:34","modified_gmt":"2026-04-20T13:51:34","slug":"anneau-de-coordination","status":"publish","type":"product","link":"https:\/\/www.fitness-flohmarkt.ch\/fr\/produkt\/koordinationsring\/","title":{"rendered":"Anneau de coordination 70 cm | Cerceau de gymnastique"},"content":{"rendered":"<h3 data-start=\"285\" data-end=\"363\"><strong data-start=\"285\" data-end=\"363\">Anneau de coordination 70 cm - appareil d'entra\u00eenement polyvalent pour l'\u00e9cole, le club et les loisirs<\/strong><\/h3>\n<p data-start=\"365\" data-end=\"674\">L'anneau de coordination jaune d'un diam\u00e8tre de 70 cm est id\u00e9al pour une utilisation dans le cadre du sport scolaire et associatif, de la gymnastique pour enfants ou de la r\u00e9\u00e9ducation. Fabriqu\u00e9 en plastique robuste, l'anneau offre de multiples possibilit\u00e9s d'entra\u00eenement pour la coordination, l'\u00e9quilibre, la mobilit\u00e9 et la concentration.<\/p>\n<p data-start=\"676\" data-end=\"1104\">Que ce soit pour la construction de parcours, comme aide \u00e0 la vis\u00e9e lors de jeux de lancer ou comme aide au marquage dans la salle de motricit\u00e9 - l'anneau de coordination est utilisable de mani\u00e8re flexible. Gr\u00e2ce \u00e0 sa couleur voyante et \u00e0 sa construction stable, il convient particuli\u00e8rement bien aux jeux de groupe et aux exercices de motricit\u00e9 avec les enfants. L'anneau peut \u00e9galement \u00eatre utilis\u00e9 lors de l'entra\u00eenement technique ou des jeux de balle pour marquer les zones cibles ou am\u00e9liorer la pr\u00e9cision de la cible.<\/p>\n<p data-start=\"1106\" data-end=\"1241\">Un appareil de sport pratique au caract\u00e8re tr\u00e8s stimulant - pour des utilisations cr\u00e9atives et encourageant le mouvement \u00e0 l'\u00e9cole, dans les associations et pendant les loisirs.<\/p>\n<p data-start=\"1106\" data-end=\"1241\"><strong>Remarque :<\/strong> Prix \u00e0 l'unit\u00e9.<\/p>","protected":false},"excerpt":{"rendered":"<p>Anneau de coordination robuste en plastique, \u00d8 70 cm, en jaune - id\u00e9al pour les exercices de coordination, les jeux de lancer et les parcours dans le sport scolaire et associatif. Utilisable de mani\u00e8re polyvalente pour le jeu, l'entra\u00eenement et la promotion de l'activit\u00e9 physique.<\/p>","protected":false},"featured_media":9027518,"comment_status":"closed","ping_status":"closed","template":"","meta":{"_acf_changed":false,"_gspb_post_css":""},"product_brand":[1000],"product_cat":[818,319],"product_tag":[],"class_list":{"0":"post-9027530","1":"product","2":"type-product","3":"status-publish","4":"has-post-thumbnail","6":"product_brand-fitcom","7":"product_cat-conditioning","8":"product_cat-fitness-zubehoer","9":"pa_artikel-pro-verkaufseinheit-1x","10":"pa_dicke-5-mm","11":"pa_durchmesser-70-cm","12":"pa_farbe-gelb","13":"pa_fitness-zubehoertyp-koordination-agility","14":"pa_lieferumfang-1x-koordinationsring","15":"pa_material-kunststoff","17":"first","18":"instock","19":"taxable","20":"shipping-taxable","21":"purchasable","22":"product-type-simple"},"bundled_by":[],"bundle_stock_status":"instock","bundle_stock_quantity":195,"bundle_virtual":false,"bundle_layout":"","bundle_add_to_cart_form_location":"","bundle_editable_in_cart":false,"bundle_sold_individually_context":"","bundle_item_grouping":"","bundle_min_size":"","bundle_max_size":"","bundle_price":[],"bundled_items":[],"bundle_sell_ids":[],"acf":[],"df_price":8,"df_sale_price":"","df_regular_price":8,"df_image_link":"https:\/\/www.fitness-flohmarkt.ch\/wp-content\/uploads\/Koordinationsring-70cm_2_web-1-300x300.png","_links":{"self":[{"href":"https:\/\/www.fitness-flohmarkt.ch\/fr\/wp-json\/wp\/v2\/product\/9027530","targetHints":{"allow":["GET"]}}],"collection":[{"href":"https:\/\/www.fitness-flohmarkt.ch\/fr\/wp-json\/wp\/v2\/product"}],"about":[{"href":"https:\/\/www.fitness-flohmarkt.ch\/fr\/wp-json\/wp\/v2\/types\/product"}],"replies":[{"embeddable":true,"href":"https:\/\/www.fitness-flohmarkt.ch\/fr\/wp-json\/wp\/v2\/comments?post=9027530"}],"wp:featuredmedia":[{"embeddable":true,"href":"https:\/\/www.fitness-flohmarkt.ch\/fr\/wp-json\/wp\/v2\/media\/9027518"}],"wp:attachment":[{"href":"https:\/\/www.fitness-flohmarkt.ch\/fr\/wp-json\/wp\/v2\/media?parent=9027530"}],"wp:term":[{"taxonomy":"product_brand","embeddable":true,"href":"https:\/\/www.fitness-flohmarkt.ch\/fr\/wp-json\/wp\/v2\/product_brand?post=9027530"},{"taxonomy":"product_cat","embeddable":true,"href":"https:\/\/www.fitness-flohmarkt.ch\/fr\/wp-json\/wp\/v2\/product_cat?post=9027530"},{"taxonomy":"product_tag","embeddable":true,"href":"https:\/\/www.fitness-flohmarkt.ch\/fr\/wp-json\/wp\/v2\/product_tag?post=9027530"}],"curies":[{"name":"wp","href":"https:\/\/api.w.org\/{rel}","templated":true}]}}