{"id":9027442,"date":"2025-05-27T10:30:53","date_gmt":"2025-05-27T08:30:53","guid":{"rendered":"https:\/\/www.fitness-flohmarkt.ch\/produkt\/verstellbare-dumbbell-12-kg\/"},"modified":"2026-03-31T15:41:11","modified_gmt":"2026-03-31T13:41:11","slug":"dumbbell-reglable-12-kg","status":"publish","type":"product","link":"https:\/\/www.fitness-flohmarkt.ch\/fr\/produkt\/verstellbare-dumbbell-12-kg\/","title":{"rendered":"Adjustable Dumbbell 12 kg | Halt\u00e8re court r\u00e9glable"},"content":{"rendered":"<h3 data-start=\"487\" data-end=\"996\"><strong data-start=\"541\" data-end=\"627\">Halt\u00e8re court r\u00e9glable 2-12 kg - compact, flexible et id\u00e9al pour l'entra\u00eenement \u00e0 domicile<\/strong><\/h3>\n<p data-start=\"487\" data-end=\"996\">Cet halt\u00e8re court r\u00e9glable de haute qualit\u00e9 combine fonctionnalit\u00e9 et design peu encombrant et est parfait pour un entra\u00eenement efficace \u00e0 la maison. Avec une plage de poids de 2 \u00e0 12 kg et un total de 6 niveaux s\u00e9lectionnables, l'halt\u00e8re s'adapte facilement et rapidement aux objectifs d'entra\u00eenement individuels - id\u00e9al pour les d\u00e9butants et les avanc\u00e9s.<\/p>\n<p class=\"\" data-start=\"998\" data-end=\"1411\">L'ajustement du poids se fait gr\u00e2ce \u00e0 un syst\u00e8me de rotation facile \u00e0 utiliser : il suffit de tourner la poign\u00e9e, de r\u00e9gler le poids souhait\u00e9 et le tour est jou\u00e9. Gr\u00e2ce au m\u00e9canisme s\u00fbr, le poids reste fix\u00e9 de mani\u00e8re fiable pendant l'entra\u00eenement. La poign\u00e9e caoutchout\u00e9e avec un diam\u00e8tre int\u00e9rieur de 13 cm et un diam\u00e8tre de 36 mm assure une prise antid\u00e9rapante et une manipulation agr\u00e9able.<\/p>\n<p class=\"\" data-start=\"1413\" data-end=\"1686\">Mit kompakten Massen von 31 cm L\u00e4nge, 17 cm Breite und 16 cm H\u00f6he ersetzt das Hantelset mehrere Einzeleinheiten und spart so wertvollen Platz und Kosten. Perfekt f\u00fcr Bizeps, Trizeps, Schultern, R\u00fccken, Brust und Beine \u2013 f\u00fcr ein vielseitiges Ganzk\u00f6rpertraining.<\/p>\n<p class=\"\" data-start=\"1688\" data-end=\"1780\"><strong data-start=\"1688\" data-end=\"1699\">Note<\/strong>: prix \u00e0 l'unit\u00e9.<\/p>","protected":false},"excerpt":{"rendered":"<p>L'halt\u00e8re court r\u00e9glable avec 6 niveaux de poids de 2 \u00e0 12 kg est id\u00e9al pour un entra\u00eenement de musculation peu encombrant. Le m\u00e9canisme de rotation pratique permet d'ajuster rapidement le poids. Avec une poign\u00e9e caoutchout\u00e9e pour une prise s\u00fbre - parfait pour des exercices vari\u00e9s \u00e0 la maison ou au studio.<\/p>","protected":false},"featured_media":9049543,"comment_status":"closed","ping_status":"closed","template":"","meta":{"_acf_changed":false,"_gspb_post_css":""},"product_brand":[1000],"product_cat":[302],"product_tag":[91],"class_list":{"0":"post-9027442","1":"product","2":"type-product","3":"status-publish","4":"has-post-thumbnail","6":"product_brand-fitcom","7":"product_cat-kompakthanteln","8":"product_tag-verstellbar","9":"pa_anzahl-hanteln-1x","10":"pa_artikel-pro-verkaufseinheit-1x","11":"pa_breite-17-cm","12":"pa_ergonomischer-griff-nein","13":"pa_farbe-schwarz","14":"pa_gewicht-12-kg","15":"pa_griffdurchmesser-35-mm","16":"pa_griffinnenmass-13-cm","17":"pa_griffumfang-110-mm","18":"pa_hanteltyp-kurzhantel-verstellbar","19":"pa_hoehe-15-5-cm","20":"pa_kernmaterial-stahl","21":"pa_laenge-31-cm","22":"pa_lieferumfang-1x-hantel","23":"pa_max-gewicht-12-kg","24":"pa_min-gewicht-2-kg","25":"pa_oberflaeche-kunststoff","26":"pa_verstellbar-ja","28":"first","29":"outofstock","30":"taxable","31":"shipping-taxable","32":"purchasable","33":"product-type-simple"},"bundled_by":[],"bundle_stock_status":"outofstock","bundle_stock_quantity":0,"bundle_virtual":false,"bundle_layout":"","bundle_add_to_cart_form_location":"","bundle_editable_in_cart":false,"bundle_sold_individually_context":"","bundle_item_grouping":"","bundle_min_size":"","bundle_max_size":"","bundle_price":[],"bundled_items":[],"bundle_sell_ids":[],"acf":[],"df_price":85,"df_sale_price":"","df_regular_price":85,"df_image_link":"https:\/\/www.fitness-flohmarkt.ch\/wp-content\/uploads\/Verstellbare_Kurzhanteln_1-1-1-300x300.png","_links":{"self":[{"href":"https:\/\/www.fitness-flohmarkt.ch\/fr\/wp-json\/wp\/v2\/product\/9027442","targetHints":{"allow":["GET"]}}],"collection":[{"href":"https:\/\/www.fitness-flohmarkt.ch\/fr\/wp-json\/wp\/v2\/product"}],"about":[{"href":"https:\/\/www.fitness-flohmarkt.ch\/fr\/wp-json\/wp\/v2\/types\/product"}],"replies":[{"embeddable":true,"href":"https:\/\/www.fitness-flohmarkt.ch\/fr\/wp-json\/wp\/v2\/comments?post=9027442"}],"wp:featuredmedia":[{"embeddable":true,"href":"https:\/\/www.fitness-flohmarkt.ch\/fr\/wp-json\/wp\/v2\/media\/9049543"}],"wp:attachment":[{"href":"https:\/\/www.fitness-flohmarkt.ch\/fr\/wp-json\/wp\/v2\/media?parent=9027442"}],"wp:term":[{"taxonomy":"product_brand","embeddable":true,"href":"https:\/\/www.fitness-flohmarkt.ch\/fr\/wp-json\/wp\/v2\/product_brand?post=9027442"},{"taxonomy":"product_cat","embeddable":true,"href":"https:\/\/www.fitness-flohmarkt.ch\/fr\/wp-json\/wp\/v2\/product_cat?post=9027442"},{"taxonomy":"product_tag","embeddable":true,"href":"https:\/\/www.fitness-flohmarkt.ch\/fr\/wp-json\/wp\/v2\/product_tag?post=9027442"}],"curies":[{"name":"wp","href":"https:\/\/api.w.org\/{rel}","templated":true}]}}