{"id":9020298,"date":"2025-05-12T14:30:43","date_gmt":"2025-05-12T12:30:43","guid":{"rendered":"https:\/\/www.fitness-flohmarkt.ch\/produkt\/add-weight-pin-50mm-30050mm\/"},"modified":"2026-03-30T23:10:07","modified_gmt":"2026-03-30T21:10:07","slug":"add-weight-pin-50mm-30050mm","status":"publish","type":"product","link":"https:\/\/www.fitness-flohmarkt.ch\/fr\/produkt\/add-weight-pin-50mm-30050mm\/","title":{"rendered":"Loading Pin | Broche de poids 50 mm"},"content":{"rendered":"<h3 data-start=\"141\" data-end=\"195\"><strong data-start=\"141\" data-end=\"195\">Loading Pin - poids suppl\u00e9mentaire pour l'entra\u00eenement de la force de pr\u00e9hension<\/strong><\/h3>\n<p class=\"\" data-start=\"197\" data-end=\"511\">Le Loading Pin est fabriqu\u00e9 en acier massif et sert de support de poids pour les exercices de force de pr\u00e9hension et de levage. Le logement de 29,5 cm est con\u00e7u pour des disques d'halt\u00e8res avec un trou de 50 mm. L'\u0153illet sup\u00e9rieur permet de relier des poign\u00e9es de traction ou des cordes \u00e0 l'aide d'un mousqueton. Id\u00e9al aussi comme compl\u00e9ment \u00e0 l'entra\u00eeneur pour avant-bras.<\/p>\n<p data-start=\"197\" data-end=\"511\"><strong>Remarque :<\/strong> Mousqueton et entra\u00eeneur d'avant-bras non inclus.<\/p>\n<p><strong>Accessoires compatibles :<\/strong><\/p>\n<ul>\n<li>F-43856 - Entra\u00eeneur pour avant-bras<\/li>\n<li>F-97156 - Mousqueton<\/li>\n<\/ul>\n<p data-start=\"197\" data-end=\"511\">","protected":false},"excerpt":{"rendered":"<p>Loading Pin stable en acier pour disques d'halt\u00e8res avec per\u00e7age de 50 mm. Avec une r\u00e9ception de disque de 29,5 cm, convient pour les exercices de force de pr\u00e9hension et de levage ainsi que comme compl\u00e9ment pour l'entra\u00eeneur d'avant-bras.<\/p>","protected":false},"featured_media":9043381,"comment_status":"open","ping_status":"closed","template":"","meta":{"_acf_changed":false,"_gspb_post_css":""},"product_brand":[1000],"product_cat":[319,342,817],"product_tag":[],"class_list":{"0":"post-9020298","1":"product","2":"type-product","3":"status-publish","4":"has-post-thumbnail","6":"product_brand-fitcom","7":"product_cat-fitness-zubehoer","8":"product_cat-plate-loaded","9":"product_cat-zusatzgewicht","10":"pa_artikel-pro-verkaufseinheit-1x","11":"pa_durchmesser-50-mm","12":"pa_farbe-schwarz","13":"pa_fitness-zubehoertyp-weightlifting","14":"pa_gewicht-1-kg","15":"pa_hoehe-32-cm","16":"pa_lieferumfang-1x-loading-pin","17":"pa_material-stahl-pulverbeschichtet","18":"pa_max-belastung-200-kg","19":"pa_verstellbar-nein","21":"first","22":"instock","23":"taxable","24":"shipping-taxable","25":"purchasable","26":"product-type-simple"},"bundled_by":[],"bundle_stock_status":"instock","bundle_stock_quantity":19,"bundle_virtual":false,"bundle_layout":"","bundle_add_to_cart_form_location":"","bundle_editable_in_cart":false,"bundle_sold_individually_context":"","bundle_item_grouping":"","bundle_min_size":"","bundle_max_size":"","bundle_price":[],"bundled_items":[],"bundle_sell_ids":[],"acf":[],"df_price":15,"df_sale_price":"","df_regular_price":15,"df_image_link":"https:\/\/www.fitness-flohmarkt.ch\/wp-content\/uploads\/63_web-1-300x300.png","_links":{"self":[{"href":"https:\/\/www.fitness-flohmarkt.ch\/fr\/wp-json\/wp\/v2\/product\/9020298","targetHints":{"allow":["GET"]}}],"collection":[{"href":"https:\/\/www.fitness-flohmarkt.ch\/fr\/wp-json\/wp\/v2\/product"}],"about":[{"href":"https:\/\/www.fitness-flohmarkt.ch\/fr\/wp-json\/wp\/v2\/types\/product"}],"replies":[{"embeddable":true,"href":"https:\/\/www.fitness-flohmarkt.ch\/fr\/wp-json\/wp\/v2\/comments?post=9020298"}],"wp:featuredmedia":[{"embeddable":true,"href":"https:\/\/www.fitness-flohmarkt.ch\/fr\/wp-json\/wp\/v2\/media\/9043381"}],"wp:attachment":[{"href":"https:\/\/www.fitness-flohmarkt.ch\/fr\/wp-json\/wp\/v2\/media?parent=9020298"}],"wp:term":[{"taxonomy":"product_brand","embeddable":true,"href":"https:\/\/www.fitness-flohmarkt.ch\/fr\/wp-json\/wp\/v2\/product_brand?post=9020298"},{"taxonomy":"product_cat","embeddable":true,"href":"https:\/\/www.fitness-flohmarkt.ch\/fr\/wp-json\/wp\/v2\/product_cat?post=9020298"},{"taxonomy":"product_tag","embeddable":true,"href":"https:\/\/www.fitness-flohmarkt.ch\/fr\/wp-json\/wp\/v2\/product_tag?post=9020298"}],"curies":[{"name":"wp","href":"https:\/\/api.w.org\/{rel}","templated":true}]}}