{"id":9020211,"date":"2025-05-12T13:30:17","date_gmt":"2025-05-12T11:30:17","guid":{"rendered":"https:\/\/www.fitness-flohmarkt.ch\/produkt\/competition-sled-for-hyrox-gewichtsschlitten\/"},"modified":"2026-05-02T06:51:09","modified_gmt":"2026-05-02T04:51:09","slug":"competition-sled-for-hyrox-weight-slide","status":"publish","type":"product","link":"https:\/\/www.fitness-flohmarkt.ch\/fr\/produkt\/competition-sled-for-hyrox-gewichtsschlitten\/","title":{"rendered":"Competition Sled for Hyrox | Tra\u00eeneau de poids"},"content":{"rendered":"<h3>Competition Power Sled - HYROX Standard<\/h3>\n<p class=\"\" data-start=\"204\" data-end=\"780\">Le Competition Power Sled est adapt\u00e9 aux exigences des comp\u00e9titions HYROX. Il est fabriqu\u00e9 en acier rev\u00eatu par poudre, a un poids propre de 50 kg et dispose d'un support central pour disques d'halt\u00e8res avec une grande capacit\u00e9 de charge. Quatre barres de pr\u00e9hension avec des rep\u00e8res permettent de s'orienter par rapport aux standards de comp\u00e9tition. La construction sym\u00e9trique permet de changer de direction sans devoir changer d'\u00e9quipement. Le tra\u00eeneau peut \u00eatre stock\u00e9 de mani\u00e8re peu encombrante en retirant les poign\u00e9es et peut \u00eatre utilis\u00e9 sur diff\u00e9rents supports. Une option de traction par mousquetonnage est pr\u00e9vue.<\/p>\n<p class=\"\" data-start=\"782\" data-end=\"866\"><strong data-start=\"782\" data-end=\"794\">Remarque :<\/strong> Les disques de poids ne sont pas inclus dans la livraison.<\/p>\n<p data-start=\"782\" data-end=\"866\"><strong>Accessoires compatibles :<br \/>\n<\/strong>- Sled Rope F-74366<br \/>\n- Mousqueton F-97156<br \/>\n- Plaques de pare-chocs de comp\u00e9tition F-55314<br \/>\n- HiTemp Bumper Plates F-57126<\/p>\n<p>&nbsp;<\/p>","protected":false},"excerpt":{"rendered":"<p>Power Sled adapt\u00e9 \u00e0 la comp\u00e9tition pour l'entra\u00eenement HYROX. En acier rev\u00eatu par poudre, avec prise de poids centrale et quatre poign\u00e9es marqu\u00e9es. Changement de direction possible sans transformation. Convient pour les exercices de traction et de pouss\u00e9e sur diff\u00e9rents supports.<\/p>","protected":false},"featured_media":9066443,"comment_status":"closed","ping_status":"closed","template":"","meta":{"_acf_changed":false,"_gspb_post_css":""},"product_brand":[1000],"product_cat":[818,1197,823],"product_tag":[],"class_list":{"0":"post-9020211","1":"product","2":"type-product","3":"status-publish","4":"has-post-thumbnail","6":"product_brand-fitcom","7":"product_cat-conditioning","8":"product_cat-hyrox","9":"product_cat-strongman","10":"pa_artikel-pro-verkaufseinheit-1x","11":"pa_breite-61-cm","12":"pa_farbe-schwarz","13":"pa_fitness-zubehoertyp-weightlifting","14":"pa_gewicht-50-kg","15":"pa_griffdurchmesser-50-mm","16":"pa_griffumfang-157-mm","17":"pa_hoehe-108-cm","18":"pa_kernmaterial-stahl","19":"pa_laenge-109-cm","20":"pa_lieferumfang-1x-gewichtsschlitten","21":"pa_lochdurchmesser-50-mm","22":"pa_max-belastung-150-kg","23":"pa_oberflaeche-pulverbeschichtet","25":"first","26":"outofstock","27":"taxable","28":"shipping-taxable","29":"purchasable","30":"product-type-simple"},"bundled_by":[],"bundle_stock_status":"outofstock","bundle_stock_quantity":0,"bundle_virtual":false,"bundle_layout":"","bundle_add_to_cart_form_location":"","bundle_editable_in_cart":false,"bundle_sold_individually_context":"","bundle_item_grouping":"","bundle_min_size":"","bundle_max_size":"","bundle_price":[],"bundled_items":[],"bundle_sell_ids":[],"acf":[],"df_price":295,"df_sale_price":"","df_regular_price":295,"df_image_link":"https:\/\/www.fitness-flohmarkt.ch\/wp-content\/uploads\/gewichtsschlitte_2-65-300x300.avif","_links":{"self":[{"href":"https:\/\/www.fitness-flohmarkt.ch\/fr\/wp-json\/wp\/v2\/product\/9020211","targetHints":{"allow":["GET"]}}],"collection":[{"href":"https:\/\/www.fitness-flohmarkt.ch\/fr\/wp-json\/wp\/v2\/product"}],"about":[{"href":"https:\/\/www.fitness-flohmarkt.ch\/fr\/wp-json\/wp\/v2\/types\/product"}],"replies":[{"embeddable":true,"href":"https:\/\/www.fitness-flohmarkt.ch\/fr\/wp-json\/wp\/v2\/comments?post=9020211"}],"wp:featuredmedia":[{"embeddable":true,"href":"https:\/\/www.fitness-flohmarkt.ch\/fr\/wp-json\/wp\/v2\/media\/9066443"}],"wp:attachment":[{"href":"https:\/\/www.fitness-flohmarkt.ch\/fr\/wp-json\/wp\/v2\/media?parent=9020211"}],"wp:term":[{"taxonomy":"product_brand","embeddable":true,"href":"https:\/\/www.fitness-flohmarkt.ch\/fr\/wp-json\/wp\/v2\/product_brand?post=9020211"},{"taxonomy":"product_cat","embeddable":true,"href":"https:\/\/www.fitness-flohmarkt.ch\/fr\/wp-json\/wp\/v2\/product_cat?post=9020211"},{"taxonomy":"product_tag","embeddable":true,"href":"https:\/\/www.fitness-flohmarkt.ch\/fr\/wp-json\/wp\/v2\/product_tag?post=9020211"}],"curies":[{"name":"wp","href":"https:\/\/api.w.org\/{rel}","templated":true}]}}