{"id":9018089,"date":"2025-04-25T15:30:13","date_gmt":"2025-04-25T13:30:13","guid":{"rendered":"https:\/\/www.fitness-flohmarkt.ch\/produkt\/realleader-usa-lat-pull-down-seated-row-combo-fp-1004\/"},"modified":"2026-04-21T17:00:17","modified_gmt":"2026-04-21T15:00:17","slug":"realleader-lat-pull-down-seated-row-combo-fp-1004","status":"publish","type":"product","link":"https:\/\/www.fitness-flohmarkt.ch\/fr\/produkt\/realleader-lat-pull-down-seated-row-combo-fp-1004\/","title":{"rendered":"RealLeader Lat Pull Down Seated Row Combo | PF-1004"},"content":{"rendered":"<h3><strong>RealLeader Lat Pull Down Seated Row Combo PF-1004<\/strong><\/h3>\n<p>Cette machine \u00e0 dos polyvalente dispose de genouill\u00e8res r\u00e9glables en hauteur pour s'adapter \u00e0 la taille de l'utilisateur. La poign\u00e9e peut facilement passer de la traction latissimus \u00e0 l'aviron en position assise. Elle poss\u00e8de des p\u00e9dales pour t'aider pendant l'entra\u00eenement. Le poids se r\u00e8gle \u00e0 l'aide d'une goupille sur une pile de poids.<\/p>\n<ul>\n<li><span class=\"elementor-icon-list-text\">Dimensions : 1746 x 1250 x 2317 mm<\/span><\/li>\n<li><span class=\"elementor-icon-list-text\">Poids net : 140 kg<\/span><\/li>\n<li><span class=\"elementor-icon-list-text\">Pile de poids : 263 lbs\/119 kg<\/span><\/li>\n<\/ul>\n<p><strong>Couleur :<\/strong> Cadre noir mat, sellerie noire avec coutures noires<\/p>\n<p><strong>PF Line :<\/strong> La solution de fitness \u00e0 double fonction peu encombrante (2-en-1) avec une simple plateforme d'empilement de poids. Ergonomiquement con\u00e7u pour une position d'entra\u00eenement confortable et r\u00e9glable, test\u00e9 par des bodybuilders de renomm\u00e9e mondiale. Construction de haute qualit\u00e9 selon les principes ergonomiques et kin\u00e9siologiques pour une s\u00e9rie professionnelle.<\/p>","protected":false},"excerpt":{"rendered":"<p>RealLeader USA Lat Pull Down Seated Row Combo PF-1004 - machine \u00e0 dos polyvalente pour la traction latissimus et l'aviron en position assise. Genouill\u00e8res r\u00e9glables en hauteur, poign\u00e9e facile \u00e0 changer et p\u00e9dales de soutien, pile de poids de 119 kg avec syst\u00e8me de goupilles. Solution 2 en 1 peu encombrante selon les principes ergonomiques. 175 x 125 x 232 cm, 140 kg. Cadre noir mat, coussins noirs.<\/p>","protected":false},"featured_media":9065428,"comment_status":"closed","ping_status":"closed","template":"","meta":{"_acf_changed":false,"_gspb_post_css":""},"product_brand":[1054],"product_cat":[310],"product_tag":[],"class_list":{"0":"post-9018089","1":"product","2":"type-product","3":"status-publish","4":"has-post-thumbnail","6":"product_brand-realleader","7":"product_cat-steckgewichte","8":"product_shipping_class-nicht-stapelbar","9":"pa_artikel-pro-verkaufseinheit-1x","10":"pa_farbe-schwarz","11":"pa_gewicht-120-kg","12":"pa_hoehe-232-cm","13":"pa_lieferumfang-1x-kabelzuggeraet","14":"pa_material-stahl-pulverbeschichtet","15":"pa_tiefe-175-cm","17":"first","18":"instock","19":"sale","20":"taxable","21":"shipping-taxable","22":"purchasable","23":"product-type-simple"},"bundled_by":[],"bundle_stock_status":"instock","bundle_stock_quantity":1,"bundle_virtual":false,"bundle_layout":"","bundle_add_to_cart_form_location":"","bundle_editable_in_cart":false,"bundle_sold_individually_context":"","bundle_item_grouping":"","bundle_min_size":"","bundle_max_size":"","bundle_price":[],"bundled_items":[],"bundle_sell_ids":[],"acf":[],"df_price":2990,"df_sale_price":2990,"df_regular_price":3990,"df_image_link":"https:\/\/www.fitness-flohmarkt.ch\/wp-content\/uploads\/1004xin-10_1080x1080_ret-6-300x300.avif","_links":{"self":[{"href":"https:\/\/www.fitness-flohmarkt.ch\/fr\/wp-json\/wp\/v2\/product\/9018089","targetHints":{"allow":["GET"]}}],"collection":[{"href":"https:\/\/www.fitness-flohmarkt.ch\/fr\/wp-json\/wp\/v2\/product"}],"about":[{"href":"https:\/\/www.fitness-flohmarkt.ch\/fr\/wp-json\/wp\/v2\/types\/product"}],"replies":[{"embeddable":true,"href":"https:\/\/www.fitness-flohmarkt.ch\/fr\/wp-json\/wp\/v2\/comments?post=9018089"}],"wp:featuredmedia":[{"embeddable":true,"href":"https:\/\/www.fitness-flohmarkt.ch\/fr\/wp-json\/wp\/v2\/media\/9065428"}],"wp:attachment":[{"href":"https:\/\/www.fitness-flohmarkt.ch\/fr\/wp-json\/wp\/v2\/media?parent=9018089"}],"wp:term":[{"taxonomy":"product_brand","embeddable":true,"href":"https:\/\/www.fitness-flohmarkt.ch\/fr\/wp-json\/wp\/v2\/product_brand?post=9018089"},{"taxonomy":"product_cat","embeddable":true,"href":"https:\/\/www.fitness-flohmarkt.ch\/fr\/wp-json\/wp\/v2\/product_cat?post=9018089"},{"taxonomy":"product_tag","embeddable":true,"href":"https:\/\/www.fitness-flohmarkt.ch\/fr\/wp-json\/wp\/v2\/product_tag?post=9018089"}],"curies":[{"name":"wp","href":"https:\/\/api.w.org\/{rel}","templated":true}]}}