{"id":9017610,"date":"2025-04-22T15:30:33","date_gmt":"2025-04-22T13:30:33","guid":{"rendered":"https:\/\/www.fitness-flohmarkt.ch\/produkt\/flowin-pro-slidematte\/"},"modified":"2026-04-20T16:56:19","modified_gmt":"2026-04-20T14:56:19","slug":"flowin-pro-tapis-de-slide","status":"publish","type":"product","link":"https:\/\/www.fitness-flohmarkt.ch\/fr\/produkt\/flowin-pro-slidematte\/","title":{"rendered":"FLOWIN Pro | Tapis de slide"},"content":{"rendered":"<h3 class=\"pd-name\">Tapis d'entra\u00eenement Flowin\u00ae Pro - l'entra\u00eenement polyvalent de tout le corps pour tous les niveaux de fitness<\/h3>\n<p class=\"\" data-start=\"0\" data-end=\"457\">Le tapis d'entra\u00eenement Flowin \"Pro\" est le premier choix pour un entra\u00eenement professionnel par friction dans un gymnase \u00e0 domicile, un studio ou un environnement th\u00e9rapeutique. La planche stable et non roulante offre une surface d'entra\u00eenement solide et est id\u00e9ale pour une utilisation stationnaire avec une charge \u00e9lev\u00e9e. Gr\u00e2ce \u00e0 des mouvements de glisse contr\u00f4l\u00e9s sur la surface qui g\u00e9n\u00e8re la friction, le poids du corps devient une r\u00e9sistance d'entra\u00eenement efficace - pour une s\u00e9ance d'entra\u00eenement intense mais sans danger pour les articulations.<\/p>\n<p class=\"\" data-start=\"459\" data-end=\"639\">La planche Flowin Pro mesure 138 x 98 cm et est livr\u00e9e avec des coussinets pour les mains, les pieds et les genoux.<\/p>\n<p class=\"\" data-start=\"641\" data-end=\"773\"><strong>Contenu de la livraison : <\/strong>Tapis d'entra\u00eenement Flowin\u00ae Pro, 2x pads pour les mains, 2x pads pour les pieds, 1x pad pour les genoux.<\/p>","protected":false},"excerpt":{"rendered":"<p>Le tapis d'entra\u00eenement Flowin\u00ae Pro offre une surface stable pour l'entra\u00eenement par friction, o\u00f9 le poids du corps sert de r\u00e9sistance. Il est id\u00e9al pour la gym \u00e0 domicile, le studio et la th\u00e9rapie. Sont inclus des coussinets pour les mains, les pieds et les genoux.<\/p>","protected":false},"featured_media":9065247,"comment_status":"closed","ping_status":"closed","template":"","meta":{"_acf_changed":false,"_gspb_post_css":""},"product_brand":[1212],"product_cat":[810,813,319,343,304,814],"product_tag":[],"class_list":{"0":"post-9017610","1":"product","2":"type-product","3":"status-publish","4":"has-post-thumbnail","6":"product_brand-flowin","7":"product_cat-bauchtrainer","8":"product_cat-fg-diverse","9":"product_cat-fitness-zubehoer","10":"product_cat-heimgebrauch","11":"product_cat-reha-physio","12":"product_cat-yogamatte","13":"product_shipping_class-standard","14":"pa_artikel-pro-verkaufseinheit-6x","15":"pa_breite-98-cm","16":"pa_dicke-3-mm","17":"pa_farbe-schwarz","18":"pa_gewicht-8-kg","19":"pa_lieferumfang-1x-flowin-trainingsmatte-pro","20":"pa_lieferumfang-1x-knie-pad","21":"pa_lieferumfang-2x-fuss-pad","22":"pa_lieferumfang-2x-hand-pad","23":"pa_material-kunststoff","24":"pa_mattentyp-trainingsmatte","26":"first","27":"instock","28":"taxable","29":"shipping-taxable","30":"purchasable","31":"product-type-simple"},"bundled_by":[],"bundle_stock_status":"instock","bundle_stock_quantity":4,"bundle_virtual":false,"bundle_layout":"","bundle_add_to_cart_form_location":"","bundle_editable_in_cart":false,"bundle_sold_individually_context":"","bundle_item_grouping":"","bundle_min_size":"","bundle_max_size":"","bundle_price":[],"bundled_items":[],"bundle_sell_ids":[],"acf":[],"df_price":275,"df_sale_price":"","df_regular_price":275,"df_image_link":"https:\/\/www.fitness-flohmarkt.ch\/wp-content\/uploads\/flowin_pro_black_01-scaled-1-26_1080x1080-8-300x300.avif","_links":{"self":[{"href":"https:\/\/www.fitness-flohmarkt.ch\/fr\/wp-json\/wp\/v2\/product\/9017610","targetHints":{"allow":["GET"]}}],"collection":[{"href":"https:\/\/www.fitness-flohmarkt.ch\/fr\/wp-json\/wp\/v2\/product"}],"about":[{"href":"https:\/\/www.fitness-flohmarkt.ch\/fr\/wp-json\/wp\/v2\/types\/product"}],"replies":[{"embeddable":true,"href":"https:\/\/www.fitness-flohmarkt.ch\/fr\/wp-json\/wp\/v2\/comments?post=9017610"}],"wp:featuredmedia":[{"embeddable":true,"href":"https:\/\/www.fitness-flohmarkt.ch\/fr\/wp-json\/wp\/v2\/media\/9065247"}],"wp:attachment":[{"href":"https:\/\/www.fitness-flohmarkt.ch\/fr\/wp-json\/wp\/v2\/media?parent=9017610"}],"wp:term":[{"taxonomy":"product_brand","embeddable":true,"href":"https:\/\/www.fitness-flohmarkt.ch\/fr\/wp-json\/wp\/v2\/product_brand?post=9017610"},{"taxonomy":"product_cat","embeddable":true,"href":"https:\/\/www.fitness-flohmarkt.ch\/fr\/wp-json\/wp\/v2\/product_cat?post=9017610"},{"taxonomy":"product_tag","embeddable":true,"href":"https:\/\/www.fitness-flohmarkt.ch\/fr\/wp-json\/wp\/v2\/product_tag?post=9017610"}],"curies":[{"name":"wp","href":"https:\/\/api.w.org\/{rel}","templated":true}]}}