{"id":9017544,"date":"2025-04-22T11:10:14","date_gmt":"2025-04-22T09:10:14","guid":{"rendered":"https:\/\/www.fitness-flohmarkt.ch\/produkt\/realleader-usa-hip-abductor-hip-adductor-combo-pf-1006\/"},"modified":"2026-05-06T22:51:54","modified_gmt":"2026-05-06T20:51:54","slug":"realleader-hip-abductor-hip-adductor-combo-pf-1006","status":"publish","type":"product","link":"https:\/\/www.fitness-flohmarkt.ch\/fr\/produkt\/realleader-hip-abductor-hip-adductor-combo-pf-1006\/","title":{"rendered":"RealLeader USA Hip Abductor Hip Adductor Combo | PF-1006"},"content":{"rendered":"<h3 data-start=\"0\" data-end=\"204\">RealLeader Hip Abductor Hip Adductor Combo PF-1006<\/h3>\n<p class=\"\" data-start=\"0\" data-end=\"204\">Cette machine \u00e0 double abducteur et adducteur dispose de bras enti\u00e8rement r\u00e9glables pour changer la position de d\u00e9part\/fin et l'exercice choisi. Elle offre une r\u00e9sistance r\u00e9guli\u00e8re dans toutes les directions - avec des p\u00e9dales et des poign\u00e9es pour t'aider pendant le mouvement. Le poids se r\u00e8gle \u00e0 l'aide d'une goupille sur une pile de poids.<\/p>\n<ul class=\"elementor-icon-list-items\">\n<li class=\"elementor-icon-list-item\"><span class=\"elementor-icon-list-text\">Dimensions : 1595 x 1465 x 1515 mm<\/span><\/li>\n<li class=\"elementor-icon-list-item\"><span class=\"elementor-icon-list-text\">Poids net : 160 kg<\/span><\/li>\n<li class=\"elementor-icon-list-item\"><span class=\"elementor-icon-list-text\">Pile de poids : 218 lbs\/99 kg<\/span><\/li>\n<\/ul>\n<p><strong>PF Line :<\/strong> La solution de fitness \u00e0 double fonction peu encombrante (2-en-1) avec une simple plateforme d'empilement de poids. Ergonomiquement con\u00e7u pour une position d'entra\u00eenement confortable et r\u00e9glable, test\u00e9 par des bodybuilders de renomm\u00e9e mondiale. Construction de haute qualit\u00e9 selon les principes ergonomiques et kin\u00e9siologiques pour une s\u00e9rie professionnelle.<\/p>","protected":false},"excerpt":{"rendered":"<p>RealLeader USA Hip Abductor Hip Adductor Combo PF-1006 - Machine double pour abducteurs et adducteurs avec bras enti\u00e8rement r\u00e9glables pour la position de d\u00e9part\/fin et le choix des exercices. R\u00e9sistance uniforme dans les deux sens, p\u00e9dales et poign\u00e9es pour le soutien, pile de poids de 99 kg avec syst\u00e8me de goupilles. Solution 2 en 1 peu encombrante selon les principes ergonomiques. 160 x 147 x 152 cm, 160 kg. Cadre noir mat, coussins noirs.<\/p>","protected":false},"featured_media":9066925,"comment_status":"closed","ping_status":"closed","template":"","meta":{"_acf_changed":false,"_gspb_post_css":""},"product_brand":[1054],"product_cat":[310],"product_tag":[],"class_list":{"0":"post-9017544","1":"product","2":"type-product","3":"status-publish","4":"has-post-thumbnail","6":"product_brand-realleader","7":"product_cat-steckgewichte","8":"product_shipping_class-nicht-stapelbar","10":"first","11":"instock","12":"sale","13":"taxable","14":"shipping-taxable","15":"purchasable","16":"product-type-simple"},"bundled_by":[],"bundle_stock_status":"instock","bundle_stock_quantity":1,"bundle_virtual":false,"bundle_layout":"","bundle_add_to_cart_form_location":"","bundle_editable_in_cart":false,"bundle_sold_individually_context":"","bundle_item_grouping":"","bundle_min_size":"","bundle_max_size":"","bundle_price":[],"bundled_items":[],"bundle_sell_ids":[],"acf":[],"df_price":2990,"df_sale_price":2990,"df_regular_price":3990,"df_image_link":"https:\/\/www.fitness-flohmarkt.ch\/wp-content\/uploads\/PF-1006-scaled-27-284x300.avif","_links":{"self":[{"href":"https:\/\/www.fitness-flohmarkt.ch\/fr\/wp-json\/wp\/v2\/product\/9017544","targetHints":{"allow":["GET"]}}],"collection":[{"href":"https:\/\/www.fitness-flohmarkt.ch\/fr\/wp-json\/wp\/v2\/product"}],"about":[{"href":"https:\/\/www.fitness-flohmarkt.ch\/fr\/wp-json\/wp\/v2\/types\/product"}],"replies":[{"embeddable":true,"href":"https:\/\/www.fitness-flohmarkt.ch\/fr\/wp-json\/wp\/v2\/comments?post=9017544"}],"wp:featuredmedia":[{"embeddable":true,"href":"https:\/\/www.fitness-flohmarkt.ch\/fr\/wp-json\/wp\/v2\/media\/9066925"}],"wp:attachment":[{"href":"https:\/\/www.fitness-flohmarkt.ch\/fr\/wp-json\/wp\/v2\/media?parent=9017544"}],"wp:term":[{"taxonomy":"product_brand","embeddable":true,"href":"https:\/\/www.fitness-flohmarkt.ch\/fr\/wp-json\/wp\/v2\/product_brand?post=9017544"},{"taxonomy":"product_cat","embeddable":true,"href":"https:\/\/www.fitness-flohmarkt.ch\/fr\/wp-json\/wp\/v2\/product_cat?post=9017544"},{"taxonomy":"product_tag","embeddable":true,"href":"https:\/\/www.fitness-flohmarkt.ch\/fr\/wp-json\/wp\/v2\/product_tag?post=9017544"}],"curies":[{"name":"wp","href":"https:\/\/api.w.org\/{rel}","templated":true}]}}