{"id":67212,"date":"2025-03-19T15:10:27","date_gmt":"2025-03-19T14:10:27","guid":{"rendered":"https:\/\/www2.fitness-flohmarkt.ch\/produkt\/homie-wake-up-synbiotic-energy-drink\/"},"modified":"2026-05-13T09:12:59","modified_gmt":"2026-05-13T07:12:59","slug":"homie-wake-up-boisson-energetique-synbiotique","status":"publish","type":"product","link":"https:\/\/www.fitness-flohmarkt.ch\/fr\/produkt\/homie-wake-up-synbiotic-energy-drink\/","title":{"rendered":"HOMIE Wake Up Synbiotic | Boisson \u00e9nergisante"},"content":{"rendered":"<h3>Wake Up Synbiotic - Boisson fonctionnelle avec de la caf\u00e9ine, des vitamines et des cultures vivantes<\/h3>\n<p>Wake Up Synbiotic est une boisson innovante qui contient non seulement une quantit\u00e9 \u00e9quilibr\u00e9e de caf\u00e9ine issue de grains de caf\u00e9 vert, mais aussi des vitamines et des min\u00e9raux s\u00e9lectionn\u00e9s. Ceux-ci sont combin\u00e9s avec des fibres de reishi et de racine de chicor\u00e9e. Une boisson d\u00e9licieusement gazeuse qui est le compagnon id\u00e9al pour le travail et l'entra\u00eenement.<\/p>\n<ul>\n<li>Boisson gazeuse savoureuse<\/li>\n<li>Sans sucre<\/li>\n<li>des cultures de bact\u00e9ries vivantes<\/li>\n<li>Vitamines et min\u00e9raux<\/li>\n<li>Avec racine de chicor\u00e9e et reishi<\/li>\n<\/ul>\n<p>De nombreuses boissons \u00e9nergisantes se concentrent sur la caf\u00e9ine et la taurine, et c'est tout. Wake Up Synbiotic de Homie a une composition tr\u00e8s diff\u00e9rente et est une boisson avanc\u00e9e et bien pens\u00e9e \u00e0 bien des \u00e9gards. Elle est bien s\u00fbr gaz\u00e9ifi\u00e9e et a un go\u00fbt fantastique, mais en m\u00eame temps, elle a un contenu tr\u00e8s int\u00e9ressant.<\/p>\n<p>Wake Up Synbiotic contient une quantit\u00e9 \u00e9quilibr\u00e9e de caf\u00e9ine, 100 mg par paquet. La caf\u00e9ine provient naturellement de l'extrait de grain de caf\u00e9 vert. Tu y trouveras aussi le reishi, un champignon qui attire aujourd'hui beaucoup d'attention dans le monde occidental. Un paquet contient \u00e9galement 1 milliard de bact\u00e9ries lactiques (Bifidobacterium lactis HN019) ainsi que des vitamines et des min\u00e9raux s\u00e9lectionn\u00e9s.<\/p>\n<p>Wake Up Synbiotic est une boisson qui combine de nombreux \u00e9l\u00e9ments diff\u00e9rents qui, ensemble, forment un produit totalement unique. Elle est tr\u00e8s savoureuse et peut \u00eatre facilement emport\u00e9e au travail, \u00e0 l'\u00e9cole ou \u00e0 l'entra\u00eenement.<\/p>\n<p>Nombre de bo\u00eetes par paquet \/ dur\u00e9e d'utilisation : Wake Up Synbiotic peut \u00eatre consomm\u00e9 \u00e0 tout moment. Parfait pour l'avoir dans ton sac pour la salle de sport, le travail ou l'\u00e9cole. Il peut \u00eatre bu \u00e0 temp\u00e9rature ambiante, mais il est pr\u00e9f\u00e9rable de le consommer r\u00e9frig\u00e9r\u00e9.<\/p>","protected":false},"excerpt":{"rendered":"<p>Wake Up Synbiotic combine 100 mg de caf\u00e9ine issue de grains de caf\u00e9 vert avec des vitamines, des min\u00e9raux, du reishi, de la racine de chicor\u00e9e et des bact\u00e9ries lactiques. Sans sucre, naturellement gazeuse - id\u00e9ale pour le quotidien, l'entra\u00eenement ou le bureau.<\/p>","protected":false},"featured_media":9067478,"comment_status":"closed","ping_status":"closed","template":"","meta":{"_acf_changed":false,"_gspb_post_css":""},"product_brand":[1043],"product_cat":[377],"product_tag":[],"class_list":{"0":"post-67212","1":"product","2":"type-product","3":"status-publish","4":"has-post-thumbnail","6":"product_brand-homie","7":"product_cat-food","8":"pa_artikel-pro-verkaufseinheit-1x","9":"pa_balaststoffe-0-1-g","10":"pa_davon-zucker-0-g","11":"pa_eiweiss-0-g","12":"pa_energie-in-kcal-1-kcal","13":"pa_energie-in-kj-6-kj","14":"pa_fett-0-g","15":"pa_form-getraenk","16":"pa_geschmacksrichtung-apple-elderflower","17":"pa_geschmacksrichtung-blueberry","18":"pa_geschmacksrichtung-lemonade","19":"pa_geschmacksrichtung-limited-edition-peach-nectarine-2","20":"pa_geschmacksrichtung-pear-passion","21":"pa_geschmacksrichtung-pineapple-pear-2","22":"pa_geschmacksrichtung-pink-grape","23":"pa_geschmacksrichtung-strawberry-lemonade-2","24":"pa_herkunft-schweden","25":"pa_inhalt-330-ml","26":"pa_kohlenhydrate-0-g","27":"pa_lieferumfang-1x-dose","28":"pa_produktzusammensetzung-aromen","29":"pa_produktzusammensetzung-bakterienkultur-bifidobacterium-lactis-hn019","30":"pa_produktzusammensetzung-chicoreewurzelfaser","31":"pa_produktzusammensetzung-folsaeure","32":"pa_produktzusammensetzung-gruener-kaffeebohnenextrakt-coffea-arabica","33":"pa_produktzusammensetzung-kalzium-kalziumlaktat-kalziumnitrat","34":"pa_produktzusammensetzung-kohlensaeurehaltiges-filtriertes-wasser","35":"pa_produktzusammensetzung-magnesium-magnesiumglycinat-magnesiumcitrat","36":"pa_produktzusammensetzung-reishi-pilzpulver-ganodermalucidum","37":"pa_produktzusammensetzung-saeureregulator-apfelsaeure","38":"pa_produktzusammensetzung-suessungsmittel-sucralose","39":"pa_produktzusammensetzung-vitamin-b12-cyanocobalamin","40":"pa_produktzusammensetzung-vitamin-c-ascorbinsaeure","41":"pa_produktzusammensetzung-zink-zinkcitrat","42":"pa_sachbezeichnung-nahrungsergaenzungsmittel","43":"pa_salz-0-g","44":"pa_vegan-ja","46":"first","47":"instock","48":"taxable","49":"shipping-taxable","50":"purchasable","51":"product-type-variable"},"bundled_by":[],"bundle_stock_status":"instock","bundle_stock_quantity":null,"bundle_virtual":false,"bundle_layout":"","bundle_add_to_cart_form_location":"","bundle_editable_in_cart":false,"bundle_sold_individually_context":"","bundle_item_grouping":"","bundle_min_size":"","bundle_max_size":"","bundle_price":[],"bundled_items":[],"bundle_sell_ids":[],"acf":[],"df_price":2.5,"df_sale_price":"","df_regular_price":2.5,"df_image_link":"https:\/\/www.fitness-flohmarkt.ch\/wp-content\/uploads\/Pasted-Graphic-286-300x298.avif","_links":{"self":[{"href":"https:\/\/www.fitness-flohmarkt.ch\/fr\/wp-json\/wp\/v2\/product\/67212","targetHints":{"allow":["GET"]}}],"collection":[{"href":"https:\/\/www.fitness-flohmarkt.ch\/fr\/wp-json\/wp\/v2\/product"}],"about":[{"href":"https:\/\/www.fitness-flohmarkt.ch\/fr\/wp-json\/wp\/v2\/types\/product"}],"replies":[{"embeddable":true,"href":"https:\/\/www.fitness-flohmarkt.ch\/fr\/wp-json\/wp\/v2\/comments?post=67212"}],"wp:featuredmedia":[{"embeddable":true,"href":"https:\/\/www.fitness-flohmarkt.ch\/fr\/wp-json\/wp\/v2\/media\/9067478"}],"wp:attachment":[{"href":"https:\/\/www.fitness-flohmarkt.ch\/fr\/wp-json\/wp\/v2\/media?parent=67212"}],"wp:term":[{"taxonomy":"product_brand","embeddable":true,"href":"https:\/\/www.fitness-flohmarkt.ch\/fr\/wp-json\/wp\/v2\/product_brand?post=67212"},{"taxonomy":"product_cat","embeddable":true,"href":"https:\/\/www.fitness-flohmarkt.ch\/fr\/wp-json\/wp\/v2\/product_cat?post=67212"},{"taxonomy":"product_tag","embeddable":true,"href":"https:\/\/www.fitness-flohmarkt.ch\/fr\/wp-json\/wp\/v2\/product_tag?post=67212"}],"curies":[{"name":"wp","href":"https:\/\/api.w.org\/{rel}","templated":true}]}}