{"id":65859,"date":"2025-03-18T16:30:33","date_gmt":"2025-03-18T15:30:33","guid":{"rendered":"https:\/\/www2.fitness-flohmarkt.ch\/produkt\/profuel-alphaminos-bcaa\/"},"modified":"2026-03-01T23:31:42","modified_gmt":"2026-03-01T22:31:42","slug":"profuel-alphaminos-bcaa","status":"publish","type":"product","link":"https:\/\/www.fitness-flohmarkt.ch\/fr\/produkt\/profuel-alphaminos-bcaa\/","title":{"rendered":"ProFuel Alphaminos | BCAA"},"content":{"rendered":"<h3><strong>PROFUEL\u00ae Alphaminos BCAA - bo\u00eete de 300 g<\/strong><\/h3>\n<p>Avec les BCAA Alphaminos, d\u00e9velopp\u00e9s par toute l'\u00e9quipe de Karl Ess, Mischa Janiec, Patrick Reiser, Ralf S\u00e4ttele et Mic Weigl, une plus grande transparence s'installe sur le march\u00e9 des acides amin\u00e9s. La totalit\u00e9 de la mati\u00e8re premi\u00e8re BCAA est fabriqu\u00e9e \u00e0 partir de ma\u00efs, elle est donc enti\u00e8rement v\u00e9g\u00e9talienne.<\/p>\n<p><strong>Points forts<\/strong><\/p>\n<ul>\n<li>Fabriqu\u00e9 en Allemagne<\/li>\n<li>Ingr\u00e9dients de haute qualit\u00e9<\/li>\n<li>Par portion 1,2 g de glucides, 10 g de prot\u00e9ines, 0,02 g de fibres alimentaires<\/li>\n<li>Avec 5 g de leucine, 2,5 g d'isoleucine et 2,5 g de valine<\/li>\n<li>Un go\u00fbt d\u00e9licieux<\/li>\n<li>Sans colorants artificiels<\/li>\n<li>Exempt d'additifs nocifs<\/li>\n<\/ul>\n<p>Le PROFUEL\u00ae Alphaminos BCAA est un compl\u00e9ment alimentaire transparent qui est fabriqu\u00e9 en Allemagne avec des mati\u00e8res premi\u00e8res de haute qualit\u00e9.<\/p>\n<p>BCAA signifie que le produit PROFUEL\u00ae Alphaminos BCAA contient des acides amin\u00e9s \u00e0 cha\u00eene ramifi\u00e9e, dans ce cas les acides amin\u00e9s leucine, isoleucine et valine. Ces acides amin\u00e9s dans le PROFUEL\u00ae Alphaminos BCAA ne peuvent pas \u00eatre fabriqu\u00e9s par ton corps, c'est pourquoi il est recommand\u00e9 de les consommer quotidiennement. En plus de l'alimentation quotidienne, le produit de haute qualit\u00e9 PROFUEL\u00ae Alphaminos BCAA t'en donne la possibilit\u00e9. Avec ce produit, tu peux facilement compl\u00e9ter ton apport en acides amin\u00e9s.<\/p>\n<p>Les acides amin\u00e9s comme ceux contenus dans le BCAA PROFUEL\u00ae Alphaminos compl\u00e8tent le corps avec des \u00e9l\u00e9ments importants non seulement dans la vie quotidienne, mais aussi pendant un entra\u00eenement dur et intense, les acides amin\u00e9s contenus dans le PROFUEL\u00ae Alphaminos contribuent au bien-\u00eatre. Le produit PROFUEL\u00ae Alphaminos est compos\u00e9 d'acides amin\u00e9s de haute qualit\u00e9 et contribue ainsi \u00e0 la prise et au maintien de la masse musculaire. Les BCAA sont pr\u00e9sents dans le m\u00e9lange 2:1:1, qui r\u00e9sulte de diverses \u00e9tudes r\u00e9centes qui ont examin\u00e9 la prise de leucine et la consommation d'isoleucine et de valine qui en r\u00e9sulte. Pour un meilleur go\u00fbt, les diff\u00e9rentes saveurs sont compos\u00e9es uniquement d'ingr\u00e9dients naturels.<\/p>\n<p>&nbsp;<\/p>\n<table style=\"height: 819px\" border=\"1\" width=\"1151\" cellspacing=\"0\" cellpadding=\"0\">\n<tbody>\n<tr>\n<td valign=\"top\"><strong>Valeurs nutritives moyennes<\/strong><\/td>\n<td valign=\"top\"><strong>pour 100 g<\/strong><\/td>\n<td valign=\"top\"><strong>par portion (13 g) dans 500ml d'eau<\/strong><\/td>\n<\/tr>\n<tr>\n<td valign=\"top\">Valeur \u00e9nerg\u00e9tique (kJ)<\/td>\n<td valign=\"top\">1851 kJ<\/td>\n<td valign=\"top\">205 kJ<\/td>\n<\/tr>\n<tr>\n<td valign=\"top\">Valeur \u00e9nerg\u00e9tique (kcal)<\/td>\n<td valign=\"top\">376 kcal<\/td>\n<td valign=\"top\">48 kcal<\/td>\n<\/tr>\n<tr>\n<td valign=\"top\">Graisse<\/td>\n<td valign=\"top\">0,00 g<\/td>\n<td valign=\"top\">0,00 g<\/td>\n<\/tr>\n<tr>\n<td valign=\"top\">- dont acides gras satur\u00e9s<\/td>\n<td valign=\"top\">0,00 g<\/td>\n<td valign=\"top\">0,00 g<\/td>\n<\/tr>\n<tr>\n<td valign=\"top\">Hydrates de carbone<\/td>\n<td valign=\"top\">9,70 g<\/td>\n<td valign=\"top\">1,20 g<\/td>\n<\/tr>\n<tr>\n<td valign=\"top\">- dont sucre<\/td>\n<td valign=\"top\">7,90 g<\/td>\n<td valign=\"top\">1,00 g<\/td>\n<\/tr>\n<tr>\n<td valign=\"top\">Fibres alimentaires<\/td>\n<td valign=\"top\">0,21 g<\/td>\n<td valign=\"top\">0,02 g<\/td>\n<\/tr>\n<tr>\n<td valign=\"top\">Prot\u00e9ines<\/td>\n<td valign=\"top\">77,1 g<\/td>\n<td valign=\"top\">10,0 g<\/td>\n<\/tr>\n<tr>\n<td valign=\"top\">Sel *<\/td>\n<td valign=\"top\">0,01 g<\/td>\n<td valign=\"top\">&lt; 0,01 g<\/td>\n<\/tr>\n<tr>\n<td valign=\"top\"><\/td>\n<td valign=\"top\"><\/td>\n<td valign=\"top\"><\/td>\n<\/tr>\n<tr>\n<td valign=\"top\"><strong>Leucine<\/strong><\/td>\n<td valign=\"top\"><strong>38,4 g<\/strong><\/td>\n<td valign=\"top\"><strong>5,00 g<\/strong><\/td>\n<\/tr>\n<tr>\n<td valign=\"top\"><strong>Isoleucine<\/strong><\/td>\n<td valign=\"top\"><strong>19,2 g<\/strong><\/td>\n<td valign=\"top\"><strong>2,50 g<\/strong><\/td>\n<\/tr>\n<tr>\n<td valign=\"top\"><strong>Valine<\/strong><\/td>\n<td valign=\"top\"><strong>19,2 g<\/strong><\/td>\n<td valign=\"top\"><strong>2,50 g<\/strong><\/td>\n<\/tr>\n<\/tbody>\n<\/table>\n<p><strong>Ingr\u00e9dients PROFUEL\u00ae Alphaminos BCAA<\/strong><\/p>\n<p><strong>Recommandation de consommation<\/strong><\/p>\n<p>M\u00e9langer 13 g (1 cuill\u00e8re de dosage) dans 500 ml d'eau froide et consommer par gorg\u00e9es pendant l'entra\u00eenement.<\/p>\n<p><strong>Contenu :<\/strong><\/p>\n<p>bo\u00eete de 300 g<\/p>\n<p><strong>Poids d'exp\u00e9dition :<\/strong><\/p>\n<p>Bo\u00eete de 0,35 kg<\/p>","protected":false},"excerpt":{"rendered":"<p>PROFUEL\u00ae Alphaminos BCAA fournit 10 g d'acides amin\u00e9s v\u00e9g\u00e9taliens de haute qualit\u00e9 par portion - id\u00e9al pour la construction et le maintien des muscles. La poudre de BCAA fabriqu\u00e9e en Allemagne est \u00e0 base de ma\u00efs et contient de la leucine, de l'isoleucine et de la valine dans un rapport optimal de 2:1:1. Sans colorants artificiels ni additifs nocifs, avec un go\u00fbt naturel - pour les exigences les plus \u00e9lev\u00e9es \u00e0 l'entra\u00eenement et au quotidien.<\/p>","protected":false},"featured_media":9048272,"comment_status":"closed","ping_status":"closed","template":"","meta":{"_acf_changed":false,"_gspb_post_css":""},"product_brand":[1479],"product_cat":[377],"product_tag":[],"class_list":{"0":"post-65859","1":"product","2":"type-product","3":"status-publish","4":"has-post-thumbnail","6":"product_brand-profuel","7":"product_cat-food","8":"pa_artikel-pro-verkaufseinheit-1x","9":"pa_form-pulver","10":"pa_geschmacksrichtung-green-apple","11":"pa_geschmacksrichtung-ice-tea-peach","12":"pa_geschmacksrichtung-kirsche","13":"pa_geschmacksrichtung-mango-maracuja","14":"pa_herkunft-deutschland","15":"pa_inhalt-300-g","16":"pa_lieferumfang-1x-supplement","17":"pa_vegan-ja","19":"first","20":"instock","21":"taxable","22":"shipping-taxable","23":"purchasable","24":"product-type-variable"},"bundled_by":[],"bundle_stock_status":"instock","bundle_stock_quantity":null,"bundle_virtual":false,"bundle_layout":"","bundle_add_to_cart_form_location":"","bundle_editable_in_cart":false,"bundle_sold_individually_context":"","bundle_item_grouping":"","bundle_min_size":"","bundle_max_size":"","bundle_price":[],"bundled_items":[],"bundle_sell_ids":[],"acf":[],"df_price":25,"df_sale_price":"","df_regular_price":25,"df_image_link":"https:\/\/www.fitness-flohmarkt.ch\/wp-content\/uploads\/5-4-96-300x300.png","_links":{"self":[{"href":"https:\/\/www.fitness-flohmarkt.ch\/fr\/wp-json\/wp\/v2\/product\/65859","targetHints":{"allow":["GET"]}}],"collection":[{"href":"https:\/\/www.fitness-flohmarkt.ch\/fr\/wp-json\/wp\/v2\/product"}],"about":[{"href":"https:\/\/www.fitness-flohmarkt.ch\/fr\/wp-json\/wp\/v2\/types\/product"}],"replies":[{"embeddable":true,"href":"https:\/\/www.fitness-flohmarkt.ch\/fr\/wp-json\/wp\/v2\/comments?post=65859"}],"wp:featuredmedia":[{"embeddable":true,"href":"https:\/\/www.fitness-flohmarkt.ch\/fr\/wp-json\/wp\/v2\/media\/9048272"}],"wp:attachment":[{"href":"https:\/\/www.fitness-flohmarkt.ch\/fr\/wp-json\/wp\/v2\/media?parent=65859"}],"wp:term":[{"taxonomy":"product_brand","embeddable":true,"href":"https:\/\/www.fitness-flohmarkt.ch\/fr\/wp-json\/wp\/v2\/product_brand?post=65859"},{"taxonomy":"product_cat","embeddable":true,"href":"https:\/\/www.fitness-flohmarkt.ch\/fr\/wp-json\/wp\/v2\/product_cat?post=65859"},{"taxonomy":"product_tag","embeddable":true,"href":"https:\/\/www.fitness-flohmarkt.ch\/fr\/wp-json\/wp\/v2\/product_tag?post=65859"}],"curies":[{"name":"wp","href":"https:\/\/api.w.org\/{rel}","templated":true}]}}