{"id":64748,"date":"2025-03-17T16:31:07","date_gmt":"2025-03-17T15:31:07","guid":{"rendered":"https:\/\/www2.fitness-flohmarkt.ch\/produkt\/6017034\/"},"modified":"2026-03-01T23:22:07","modified_gmt":"2026-03-01T22:22:07","slug":"tapis-de-course-avec-console-led","status":"publish","type":"product","link":"https:\/\/www.fitness-flohmarkt.ch\/fr\/produkt\/laufband-mit-led-konsole\/","title":{"rendered":"Tapis de course Treadmill+ avec console LED | Tapis de course"},"content":{"rendered":"<p class=\"whitespace-normal break-words\"><strong>Tapis de course Treadmill+ avec console LED - entra\u00eenement cardio efficace<\/strong><\/p>\n<p class=\"whitespace-normal break-words\">Le tapis de course Treadmill+ permet de faire du cardio ind\u00e9pendamment du temps et de l'heure de la journ\u00e9e. La vitesse est r\u00e9glable en continu jusqu'\u00e0 20 km\/h et couvre donc la marche, le jogging et la course.<\/p>\n<p class=\"whitespace-normal break-words\">La console LED affiche clairement les donn\u00e9es d'entra\u00eenement les plus importantes : Temps, distance, vitesse et calories br\u00fbl\u00e9es. L'utilisation se fait directement via la console et permet des ajustements rapides pendant l'entra\u00eenement.<\/p>\n<p class=\"whitespace-normal break-words\">La construction stable en acier noir offre une surface de course solide et est con\u00e7ue pour des s\u00e9ances d'entra\u00eenement r\u00e9guli\u00e8res. L'amortissement de la surface de course r\u00e9duit la charge sur les articulations par rapport \u00e0 la course sur l'asphalte.<\/p>\n<p class=\"whitespace-normal break-words\">Le tapis de course convient au d\u00e9veloppement de l'endurance, \u00e0 la combustion des calories et \u00e0 la forme physique g\u00e9n\u00e9rale dans les zones d'entra\u00eenement priv\u00e9es et commerciales.<\/p>\n<p>&nbsp;<\/p>","protected":false},"excerpt":{"rendered":"<p>Tapis de course Treadmill+ avec console LED. Vitesse r\u00e9glable jusqu'\u00e0 20 km\/h. Affichage LED de haute qualit\u00e9 pour les donn\u00e9es d'entra\u00eenement. Cadre en acier, noir. Convient pour la marche, le jogging et la course.<\/p>","protected":false},"featured_media":9059729,"comment_status":"closed","ping_status":"closed","template":"","meta":{"_acf_changed":false,"_gspb_post_css":""},"product_brand":[1000],"product_cat":[312],"product_tag":[],"class_list":{"0":"post-64748","1":"product","2":"type-product","3":"status-publish","4":"has-post-thumbnail","6":"product_brand-fitcom","7":"product_cat-laufbaender","8":"product_shipping_class-standard","9":"pa_farbe-schwarz","10":"pa_hometrainertyp-laufband","11":"pa_max-geschwindigkeit-20-km-h","13":"first","14":"instock","15":"taxable","16":"shipping-taxable","17":"purchasable","18":"product-type-simple"},"bundled_by":[],"bundle_stock_status":"instock","bundle_stock_quantity":4,"bundle_virtual":false,"bundle_layout":"","bundle_add_to_cart_form_location":"","bundle_editable_in_cart":false,"bundle_sold_individually_context":"","bundle_item_grouping":"","bundle_min_size":"","bundle_max_size":"","bundle_price":[],"bundled_items":[],"bundle_sell_ids":[],"acf":[],"df_price":3290,"df_sale_price":"","df_regular_price":3290,"df_image_link":"https:\/\/www.fitness-flohmarkt.ch\/wp-content\/uploads\/Treadmill-Laufband-LED-1-scaled-34-300x300.jpg","_links":{"self":[{"href":"https:\/\/www.fitness-flohmarkt.ch\/fr\/wp-json\/wp\/v2\/product\/64748","targetHints":{"allow":["GET"]}}],"collection":[{"href":"https:\/\/www.fitness-flohmarkt.ch\/fr\/wp-json\/wp\/v2\/product"}],"about":[{"href":"https:\/\/www.fitness-flohmarkt.ch\/fr\/wp-json\/wp\/v2\/types\/product"}],"replies":[{"embeddable":true,"href":"https:\/\/www.fitness-flohmarkt.ch\/fr\/wp-json\/wp\/v2\/comments?post=64748"}],"wp:featuredmedia":[{"embeddable":true,"href":"https:\/\/www.fitness-flohmarkt.ch\/fr\/wp-json\/wp\/v2\/media\/9059729"}],"wp:attachment":[{"href":"https:\/\/www.fitness-flohmarkt.ch\/fr\/wp-json\/wp\/v2\/media?parent=64748"}],"wp:term":[{"taxonomy":"product_brand","embeddable":true,"href":"https:\/\/www.fitness-flohmarkt.ch\/fr\/wp-json\/wp\/v2\/product_brand?post=64748"},{"taxonomy":"product_cat","embeddable":true,"href":"https:\/\/www.fitness-flohmarkt.ch\/fr\/wp-json\/wp\/v2\/product_cat?post=64748"},{"taxonomy":"product_tag","embeddable":true,"href":"https:\/\/www.fitness-flohmarkt.ch\/fr\/wp-json\/wp\/v2\/product_tag?post=64748"}],"curies":[{"name":"wp","href":"https:\/\/api.w.org\/{rel}","templated":true}]}}