{"id":63706,"date":"2025-03-17T09:50:36","date_gmt":"2025-03-17T08:50:36","guid":{"rendered":"https:\/\/www2.fitness-flohmarkt.ch\/produkt\/powerfood-boom-whey-protein\/"},"modified":"2026-04-27T08:10:38","modified_gmt":"2026-04-27T06:10:38","slug":"powerfood-boom-whey-protein","status":"publish","type":"product","link":"https:\/\/www.fitness-flohmarkt.ch\/fr\/produkt\/powerfood-boom-whey-protein\/","title":{"rendered":"PowerFood Boom Whey | Prot\u00e9ine"},"content":{"rendered":"<h3>Boom Whey Protein - Prot\u00e9ines de haute qualit\u00e9 pour le d\u00e9veloppement musculaire<\/h3>\n<p data-start=\"56\" data-end=\"397\"><strong data-start=\"399\" data-end=\"412\">Boom Whey<\/strong> - Le prochain niveau de prot\u00e9ines de lactos\u00e9rum. Boom Whey offre une teneur \u00e9lev\u00e9e en prot\u00e9ines, ce qui permet de d\u00e9velopper les muscles et de fournir des prot\u00e9ines au quotidien. Sa faible teneur en glucides la rend id\u00e9ale pour les r\u00e9gimes low carb et les r\u00e9gimes alimentaires. Parfaitement adapt\u00e9e \u00e0 la vie quotidienne au travail ainsi qu'aux activit\u00e9s sportives, elle constitue un excellent choix pour une alimentation \u00e9quilibr\u00e9e.<\/p>\n<p data-start=\"451\" data-end=\"936\"><strong data-start=\"451\" data-end=\"506\">La marque PowerFood One - Con\u00e7ue en Suisse<\/strong><br data-start=\"506\" data-end=\"509\" \/>Avec plus de 10 ans d'exp\u00e9rience sur le march\u00e9 des suppl\u00e9ments et de la nutrition sportive, PowerFood One cr\u00e9e des produits de la plus haute qualit\u00e9. D\u00e9velopp\u00e9 dans le centre de recherche de la marque PowerFood, le d\u00e9veloppement des produits met l'accent sur l'efficacit\u00e9, la puret\u00e9 et les normes de qualit\u00e9 les plus \u00e9lev\u00e9es. Tous les produits finis sont fabriqu\u00e9s \u00e0 100% en Allemagne ou en Autriche. PowerFood One est synonyme de qualit\u00e9 sup\u00e9rieure qui mise sur la confiance et les exigences les plus \u00e9lev\u00e9es.<\/p>\n<p data-start=\"938\" data-end=\"1040\"><strong data-start=\"938\" data-end=\"960\">Recommandation de consommation :<\/strong><br data-start=\"960\" data-end=\"963\" \/>M\u00e9langer 1 \u00e0 3 fois par jour 30 g de poudre avec 250 ml de lait ou d'eau et boire.<\/p>\n<p data-start=\"1042\" data-end=\"1400\" data-is-last-node=\"\" data-is-only-node=\"\"><strong data-start=\"1042\" data-end=\"1054\">Ingr\u00e9dients :<\/strong><br data-start=\"1054\" data-end=\"1057\" \/>Mousse au chocolat : concentr\u00e9 de prot\u00e9ines de lactos\u00e9rum, poudre de cacao fortement d\u00e9graiss\u00e9e, isolat de prot\u00e9ines de lactos\u00e9rum, ar\u00f4me, \u00e9mulsifiant l\u00e9cithine de tournesol, \u00e9dulcorants (sucralose, ac\u00e9sulfame K).<br data-start=\"1229\" data-end=\"1232\" \/>Vanilla Ice : concentr\u00e9 de prot\u00e9ines de lactos\u00e9rum, isolat de prot\u00e9ines de lactos\u00e9rum, ar\u00f4me, \u00e9mulsifiant l\u00e9cithine de tournesol, \u00e9dulcorants (sucralose, ac\u00e9sulfame K), poudre de vanille naturelle.<\/p>","protected":false},"excerpt":{"rendered":"<p>Boom Whey Protein offre une teneur en prot\u00e9ines de haute qualit\u00e9 pour le d\u00e9veloppement musculaire et l'apport quotidien en prot\u00e9ines. Avec peu de glucides, elle est id\u00e9ale pour les r\u00e9gimes low carb et les r\u00e9gimes amaigrissants. D\u00e9velopp\u00e9e par PowerFood One, elle garantit une haute qualit\u00e9 et un excellent go\u00fbt.<\/p>","protected":false},"featured_media":9065811,"comment_status":"closed","ping_status":"closed","template":"","meta":{"_acf_changed":false,"_gspb_post_css":""},"product_brand":[1035],"product_cat":[377],"product_tag":[],"class_list":{"0":"post-63706","1":"product","2":"type-product","3":"status-publish","4":"has-post-thumbnail","6":"product_brand-powerfood","7":"product_cat-food","8":"pa_artikel-pro-verkaufseinheit-1x","9":"pa_form-pulver","10":"pa_geschmacksrichtung-banana","11":"pa_geschmacksrichtung-chocolate","12":"pa_geschmacksrichtung-strawberry","13":"pa_geschmacksrichtung-unflavoured","14":"pa_geschmacksrichtung-vanilla","15":"pa_herkunft-deutschland","16":"pa_inhalt-500-g","17":"pa_lieferumfang-1x-supplement","18":"pa_vegan-nein","20":"first","21":"instock","22":"taxable","23":"shipping-taxable","24":"purchasable","25":"product-type-variable"},"bundled_by":[],"bundle_stock_status":"instock","bundle_stock_quantity":null,"bundle_virtual":false,"bundle_layout":"","bundle_add_to_cart_form_location":"","bundle_editable_in_cart":false,"bundle_sold_individually_context":"","bundle_item_grouping":"","bundle_min_size":"","bundle_max_size":"","bundle_price":[],"bundled_items":[],"bundle_sell_ids":[],"acf":[],"df_price":30,"df_sale_price":"","df_regular_price":30,"df_image_link":"https:\/\/www.fitness-flohmarkt.ch\/wp-content\/uploads\/PowerFood-Whey-Protein-Chocolate_F-26137-01_1080x1080-17-300x300.avif","_links":{"self":[{"href":"https:\/\/www.fitness-flohmarkt.ch\/fr\/wp-json\/wp\/v2\/product\/63706","targetHints":{"allow":["GET"]}}],"collection":[{"href":"https:\/\/www.fitness-flohmarkt.ch\/fr\/wp-json\/wp\/v2\/product"}],"about":[{"href":"https:\/\/www.fitness-flohmarkt.ch\/fr\/wp-json\/wp\/v2\/types\/product"}],"replies":[{"embeddable":true,"href":"https:\/\/www.fitness-flohmarkt.ch\/fr\/wp-json\/wp\/v2\/comments?post=63706"}],"wp:featuredmedia":[{"embeddable":true,"href":"https:\/\/www.fitness-flohmarkt.ch\/fr\/wp-json\/wp\/v2\/media\/9065811"}],"wp:attachment":[{"href":"https:\/\/www.fitness-flohmarkt.ch\/fr\/wp-json\/wp\/v2\/media?parent=63706"}],"wp:term":[{"taxonomy":"product_brand","embeddable":true,"href":"https:\/\/www.fitness-flohmarkt.ch\/fr\/wp-json\/wp\/v2\/product_brand?post=63706"},{"taxonomy":"product_cat","embeddable":true,"href":"https:\/\/www.fitness-flohmarkt.ch\/fr\/wp-json\/wp\/v2\/product_cat?post=63706"},{"taxonomy":"product_tag","embeddable":true,"href":"https:\/\/www.fitness-flohmarkt.ch\/fr\/wp-json\/wp\/v2\/product_tag?post=63706"}],"curies":[{"name":"wp","href":"https:\/\/api.w.org\/{rel}","templated":true}]}}