{"id":6192,"date":"2025-02-09T04:26:49","date_gmt":"2025-02-09T03:26:49","guid":{"rendered":"https:\/\/www2.fitness-flohmarkt.ch\/produkt\/kurzhantel-sets-bis-zu-60-kg-round-dumbbells\/"},"modified":"2026-03-30T13:41:18","modified_gmt":"2026-03-30T11:41:18","slug":"ensembles-dhalteres-courts-jusqua-60-kg-round-dumbbells","status":"publish","type":"product","link":"https:\/\/www.fitness-flohmarkt.ch\/fr\/produkt\/kurzhantel-sets-bis-zu-60-kg-round-dumbbells\/","title":{"rendered":"Ensembles d'halt\u00e8res courts jusqu'\u00e0 60 kg | Round Dumbbells"},"content":{"rendered":"<h3 data-start=\"548\" data-end=\"939\"><strong data-start=\"567\" data-end=\"647\">Ensembles d'halt\u00e8res courts jusqu'\u00e0 60 kg - Quatre ensembles puissants pour un entra\u00eenement intensif<\/strong><\/h3>\n<p class=\"\" data-start=\"548\" data-end=\"939\">Les sets d'halt\u00e8res courts jusqu'\u00e0 60 kg offrent quatre options de sets qui conviennent \u00e0 diff\u00e9rents objectifs d'entra\u00eenement et niveaux d'intensit\u00e9. Que ce soit pour des exercices de musculation plus l\u00e9gers ou des charges plus lourdes, chaque set est adapt\u00e9 aux exigences des diff\u00e9rents niveaux d'entra\u00eenement.<\/p>\n<p class=\"\" data-start=\"941\" data-end=\"1315\">Les halt\u00e8res compacts de haute qualit\u00e9 ont une poign\u00e9e ergonomique en chrome et un noyau en fonte caoutchout\u00e9 qui assure une durabilit\u00e9 maximale et une protection du sol. La poign\u00e9e antid\u00e9rapante en chrome garantit une prise en main s\u00fbre pendant l'entra\u00eenement. Ces halt\u00e8res ronds sont parfaits pour l'entra\u00eenement fonctionnel, le renforcement musculaire et les exercices d'endurance.<\/p>\n<p class=\"\" data-start=\"1317\" data-end=\"1495\">Les kits sont disponibles par paliers de 2 ou 2,5 kg et offrent donc un choix de poids flexible pour un entra\u00eenement personnalis\u00e9. Les cat\u00e9gories de poids suivantes sont disponibles :<\/p>\n<ul data-start=\"1496\" data-end=\"1734\">\n<li class=\"\" data-start=\"1496\" data-end=\"1554\">\n<p class=\"\" data-start=\"1498\" data-end=\"1554\">2,5 \u00e0 25 kg (10 paires d'halt\u00e8res), poids total 275 kg<\/p>\n<\/li>\n<li class=\"\" data-start=\"1555\" data-end=\"1614\">\n<p class=\"\" data-start=\"1557\" data-end=\"1614\">12,5 \u00e0 35 kg (10 paires d'halt\u00e8res), poids total 475 kg<\/p>\n<\/li>\n<li class=\"\" data-start=\"1615\" data-end=\"1674\">\n<p class=\"\" data-start=\"1617\" data-end=\"1674\">27,5 \u00e0 50 kg (10 paires d'halt\u00e8res), poids total 775 kg<\/p>\n<\/li>\n<li class=\"\" data-start=\"1675\" data-end=\"1734\">\n<p class=\"\" data-start=\"1677\" data-end=\"1734\">37,5 \u00e0 60 kg (10 paires d'halt\u00e8res), poids total 975 kg<\/p>\n<\/li>\n<\/ul>\n<p class=\"\" data-start=\"1736\" data-end=\"1831\"><strong>Remarque :<\/strong> Le support n'est pas inclus dans le kit et peut \u00eatre achet\u00e9 s\u00e9par\u00e9ment. Supports Fitcom correspondants : F-64175 - Support pour halt\u00e8res courts 10 fois et F-17471 - Support pour halt\u00e8res courts Premium 10 fois.<\/p>","protected":false},"excerpt":{"rendered":"<p>Ensembles d'halt\u00e8res courts jusqu'\u00e0 60 kg - Quatre options d'ensembles diff\u00e9rents : halt\u00e8res compacts de haute qualit\u00e9 avec poign\u00e9e ergonomique en chrome et noyau en fonte caoutchout\u00e9 pour une durabilit\u00e9 maximale et un entra\u00eenement intensif. Chaque ensemble est disponible par paliers de 2,5 kg afin d'offrir des options d'entra\u00eenement flexibles. Les sets sont adapt\u00e9s \u00e0 diff\u00e9rentes intensit\u00e9s d'entra\u00eenement.<\/p>","protected":false},"featured_media":9047232,"comment_status":"closed","ping_status":"closed","template":"","meta":{"_acf_changed":false,"_gspb_post_css":""},"product_brand":[1000],"product_cat":[302],"product_tag":[],"class_list":{"0":"post-6192","1":"product","2":"type-product","3":"status-publish","4":"has-post-thumbnail","6":"product_brand-fitcom","7":"product_cat-kompakthanteln","8":"pa_anzahl-hanteln-20x","9":"pa_artikel-pro-verkaufseinheit-10x","10":"pa_ergonomischer-griff-ja","11":"pa_farbe-schwarz","12":"pa_hanteltyp-kurzhantel","13":"pa_kernmaterial-gusseisen","14":"pa_lieferumfang-10x-kurzhantel","15":"pa_oberflaeche-gummi","16":"pa_set-12-5-bis-35-kg","17":"pa_set-2-5-bis-25-kg","18":"pa_set-27-5-bis-50-kg","19":"pa_set-37-5-bis-60-kg","21":"first","22":"instock","23":"taxable","24":"shipping-taxable","25":"purchasable","26":"product-type-variable"},"bundled_by":[],"bundle_stock_status":"instock","bundle_stock_quantity":null,"bundle_virtual":false,"bundle_layout":"","bundle_add_to_cart_form_location":"","bundle_editable_in_cart":false,"bundle_sold_individually_context":"","bundle_item_grouping":"","bundle_min_size":"","bundle_max_size":"","bundle_price":[],"bundled_items":[],"bundle_sell_ids":[],"acf":[],"df_price":890,"df_sale_price":"","df_regular_price":890,"df_image_link":"https:\/\/www.fitness-flohmarkt.ch\/wp-content\/uploads\/Hantelsatz_2.5-25-1_black-scaled-1_1080x1080-300x300.png","_links":{"self":[{"href":"https:\/\/www.fitness-flohmarkt.ch\/fr\/wp-json\/wp\/v2\/product\/6192","targetHints":{"allow":["GET"]}}],"collection":[{"href":"https:\/\/www.fitness-flohmarkt.ch\/fr\/wp-json\/wp\/v2\/product"}],"about":[{"href":"https:\/\/www.fitness-flohmarkt.ch\/fr\/wp-json\/wp\/v2\/types\/product"}],"replies":[{"embeddable":true,"href":"https:\/\/www.fitness-flohmarkt.ch\/fr\/wp-json\/wp\/v2\/comments?post=6192"}],"wp:featuredmedia":[{"embeddable":true,"href":"https:\/\/www.fitness-flohmarkt.ch\/fr\/wp-json\/wp\/v2\/media\/9047232"}],"wp:attachment":[{"href":"https:\/\/www.fitness-flohmarkt.ch\/fr\/wp-json\/wp\/v2\/media?parent=6192"}],"wp:term":[{"taxonomy":"product_brand","embeddable":true,"href":"https:\/\/www.fitness-flohmarkt.ch\/fr\/wp-json\/wp\/v2\/product_brand?post=6192"},{"taxonomy":"product_cat","embeddable":true,"href":"https:\/\/www.fitness-flohmarkt.ch\/fr\/wp-json\/wp\/v2\/product_cat?post=6192"},{"taxonomy":"product_tag","embeddable":true,"href":"https:\/\/www.fitness-flohmarkt.ch\/fr\/wp-json\/wp\/v2\/product_tag?post=6192"}],"curies":[{"name":"wp","href":"https:\/\/api.w.org\/{rel}","templated":true}]}}