{"id":6191,"date":"2025-02-09T04:26:35","date_gmt":"2025-02-09T03:26:35","guid":{"rendered":"https:\/\/www2.fitness-flohmarkt.ch\/produkt\/matrix-urethane-plate-50mm-polyurethan\/"},"modified":"2026-04-09T14:33:16","modified_gmt":"2026-04-09T12:33:16","slug":"plaque-durethane-matricielle-50mm-polyurethane","status":"publish","type":"product","link":"https:\/\/www.fitness-flohmarkt.ch\/fr\/produkt\/matrix-urethane-plate-50mm-polyurethan\/","title":{"rendered":"Matrix Urethane Plate 50 mm | Polyur\u00e9thane"},"content":{"rendered":"<div class=\"product--description\">\n<h3><strong data-start=\"149\" data-end=\"180\">Matrice<\/strong><sup>\u00ae <\/sup><strong data-start=\"149\" data-end=\"180\">Disque d'halt\u00e8res en ur\u00e9thane de qualit\u00e9 sup\u00e9rieure 50 mm<\/strong><\/h3>\n<p class=\"\" data-start=\"300\" data-end=\"784\">Ces disques d'halt\u00e8res de qualit\u00e9 studio sont fabriqu\u00e9s \u00e0 partir d'un m\u00e9lange de polyur\u00e9thane particuli\u00e8rement r\u00e9sistant. Le mat\u00e9riau offre une combinaison id\u00e9ale de duret\u00e9 et d'\u00e9lasticit\u00e9 tout en \u00e9tant absolument inodore - parfait pour une utilisation professionnelle. La surface robuste prot\u00e8ge de mani\u00e8re fiable contre les rayures et les chocs, tandis que le design permet une manipulation confortable - id\u00e9al pour une utilisation quotidienne en studio ou pour une gym \u00e0 domicile exigeante.<\/p>\n<p class=\"\" data-start=\"786\" data-end=\"1254\">L'anneau int\u00e9rieur pr\u00e9cis en acier inoxydable avec un diam\u00e8tre de trou de 51 mm assure un maintien s\u00fbr sur toutes les barres d'halt\u00e8res courantes de 50 mm. Gr\u00e2ce aux ouvertures int\u00e9gr\u00e9es dans les poign\u00e9es, les disques sont tr\u00e8s faciles \u00e0 prendre et \u00e0 changer, ce qui facilite les ajustements de poids rapides pendant l'entra\u00eenement. De plus, les poign\u00e9es sont id\u00e9ales pour une vari\u00e9t\u00e9 d'exercices fonctionnels comme les twists debout, les \u00e9l\u00e9vations frontales, les twists russes ou les crunchs - sans barre d'halt\u00e8res.<\/p>\n<p class=\"\" data-start=\"1256\" data-end=\"1302\">Disponible dans des poids allant de 1,25 kg \u00e0 25 kg.<\/p>\n<\/div>","protected":false},"excerpt":{"rendered":"<p>Disques d'halt\u00e8res Matrix\u00ae Premium Urethan : m\u00e9lange de polyur\u00e9thane r\u00e9sistant, sans odeur. La surface robuste prot\u00e8ge des rayures. Anneau int\u00e9rieur en acier inoxydable (51 mm) pour un maintien s\u00fbr sur les barres d'halt\u00e8res de 50 mm. Trous de pr\u00e9hension pour un changement facile. Disponible de 1,25 kg \u00e0 25 kg.<\/p>","protected":false},"featured_media":56528,"comment_status":"closed","ping_status":"closed","template":"","meta":{"_acf_changed":false,"_gspb_post_css":""},"product_brand":[],"product_cat":[807],"product_tag":[],"class_list":{"0":"post-6191","1":"product","2":"type-product","3":"status-publish","4":"has-post-thumbnail","6":"product_cat-50mm-hantelscheiben","7":"pa_abwurffaehig-nein","8":"pa_anzahl-gewichte-1x","9":"pa_artikel-pro-verkaufseinheit-1x","10":"pa_dicke-20-mm","11":"pa_dicke-30-mm","12":"pa_dicke-35-mm","13":"pa_dicke-40-mm","14":"pa_dicke-50-mm","15":"pa_durchmesser-20-cm","16":"pa_durchmesser-22-5-cm","17":"pa_durchmesser-32-cm","18":"pa_durchmesser-36-cm","19":"pa_durchmesser-40-cm","20":"pa_farbe-schwarz","21":"pa_gewicht-1-25-kg","22":"pa_gewicht-10-kg","23":"pa_gewicht-15-kg","24":"pa_gewicht-2-5-kg","25":"pa_gewicht-20-kg","26":"pa_gewicht-25-kg","27":"pa_gewicht-5-kg","28":"pa_kernmaterial-edelstahl","29":"pa_lieferumfang-1x-hantelscheibe","30":"pa_lochdurchmesser-51-mm","31":"pa_materialhaerte-shore-a-90","32":"pa_oberflaeche-urethan","33":"pa_scheibengewichtstyp-hantelscheibe","35":"first","36":"instock","37":"taxable","38":"shipping-taxable","39":"purchasable","40":"product-type-variable"},"bundled_by":[],"bundle_stock_status":"instock","bundle_stock_quantity":null,"bundle_virtual":false,"bundle_layout":"","bundle_add_to_cart_form_location":"","bundle_editable_in_cart":false,"bundle_sold_individually_context":"","bundle_item_grouping":"","bundle_min_size":"","bundle_max_size":"","bundle_price":[],"bundled_items":[],"bundle_sell_ids":[],"acf":[],"df_price":10.5,"df_sale_price":"","df_regular_price":10.5,"df_image_link":"https:\/\/www.fitness-flohmarkt.ch\/wp-content\/uploads\/matrix_5kg_34TcDcS7zJfkwO-20250314-095906-300x200.jpg","_links":{"self":[{"href":"https:\/\/www.fitness-flohmarkt.ch\/fr\/wp-json\/wp\/v2\/product\/6191","targetHints":{"allow":["GET"]}}],"collection":[{"href":"https:\/\/www.fitness-flohmarkt.ch\/fr\/wp-json\/wp\/v2\/product"}],"about":[{"href":"https:\/\/www.fitness-flohmarkt.ch\/fr\/wp-json\/wp\/v2\/types\/product"}],"replies":[{"embeddable":true,"href":"https:\/\/www.fitness-flohmarkt.ch\/fr\/wp-json\/wp\/v2\/comments?post=6191"}],"wp:featuredmedia":[{"embeddable":true,"href":"https:\/\/www.fitness-flohmarkt.ch\/fr\/wp-json\/wp\/v2\/media\/56528"}],"wp:attachment":[{"href":"https:\/\/www.fitness-flohmarkt.ch\/fr\/wp-json\/wp\/v2\/media?parent=6191"}],"wp:term":[{"taxonomy":"product_brand","embeddable":true,"href":"https:\/\/www.fitness-flohmarkt.ch\/fr\/wp-json\/wp\/v2\/product_brand?post=6191"},{"taxonomy":"product_cat","embeddable":true,"href":"https:\/\/www.fitness-flohmarkt.ch\/fr\/wp-json\/wp\/v2\/product_cat?post=6191"},{"taxonomy":"product_tag","embeddable":true,"href":"https:\/\/www.fitness-flohmarkt.ch\/fr\/wp-json\/wp\/v2\/product_tag?post=6191"}],"curies":[{"name":"wp","href":"https:\/\/api.w.org\/{rel}","templated":true}]}}