{"id":6188,"date":"2025-02-09T04:26:18","date_gmt":"2025-02-09T03:26:18","guid":{"rendered":"https:\/\/www2.fitness-flohmarkt.ch\/produkt\/medicine-ball-medizinball\/"},"modified":"2026-04-13T10:25:42","modified_gmt":"2026-04-13T08:25:42","slug":"medicine-ball-ballon-de-medecine","status":"publish","type":"product","link":"https:\/\/www.fitness-flohmarkt.ch\/fr\/produkt\/medicine-ball-medizinball\/","title":{"rendered":"Medicine Ball | M\u00e9decine-ball"},"content":{"rendered":"<h3 data-start=\"116\" data-end=\"191\"><strong data-start=\"116\" data-end=\"191\">M\u00e9dicine-ball - R\u00e9sistant et polyvalent pour l'entra\u00eenement fonctionnel<\/strong><\/h3>\n<p class=\"\" data-start=\"237\" data-end=\"531\">Le m\u00e9decine-ball est id\u00e9al pour les exercices polyvalents de l'entra\u00eenement fonctionnel, de l'entra\u00eenement du core et de la r\u00e9\u00e9ducation. La surface adh\u00e9rente assure un maintien s\u00fbr lors des exercices de lancer ou de rotation et permet un entra\u00eenement efficace de la coordination et de la stabilit\u00e9 du tronc.<\/p>\n<p class=\"\" data-start=\"533\" data-end=\"845\">Gr\u00e2ce \u00e0 sa fabrication robuste, la balle est particuli\u00e8rement durable et r\u00e9sistante, m\u00eame en cas d'utilisation intensive. Que ce soit pour des exercices de musculation cibl\u00e9s, des exercices de coordination ou pour soutenir la r\u00e9\u00e9ducation, ce m\u00e9decine-ball offre de nombreuses possibilit\u00e9s d'utilisation et soutient un entra\u00eenement efficace de tout le corps.<\/p>","protected":false},"excerpt":{"rendered":"<p>M\u00e9dicine-ball en caoutchouc : appareil d'entra\u00eenement classique pour l'entra\u00eenement fonctionnel, la r\u00e9\u00e9ducation et les workouts Core. Avec une surface structur\u00e9e et maniable - id\u00e9al pour lancer, attraper et faire tourner. Robuste, compact et polyvalent.<\/p>","protected":false},"featured_media":9047472,"comment_status":"closed","ping_status":"closed","template":"","meta":{"_acf_changed":false,"_gspb_post_css":""},"product_brand":[1000],"product_cat":[818,902,304],"product_tag":[],"class_list":{"0":"post-6188","1":"product","2":"type-product","3":"status-publish","4":"has-post-thumbnail","6":"product_brand-fitcom","7":"product_cat-conditioning","8":"product_cat-medizinbaelle","9":"product_cat-reha-physio","10":"pa_artikel-pro-verkaufseinheit-1x","11":"pa_balltyp-medizinball","12":"pa_durchmesser-22-cm","13":"pa_durchmesser-22-5-cm","14":"pa_durchmesser-28-cm","15":"pa_farbe-braun","16":"pa_farbe-orange","17":"pa_farbe-violett","18":"pa_gewicht-3-kg","19":"pa_gewicht-5-kg","20":"pa_gewicht-8-kg","21":"pa_kernmaterial-sand","22":"pa_lieferumfang-1x-medizinball","23":"pa_oberflaeche-gummi","25":"first","26":"instock","27":"taxable","28":"shipping-taxable","29":"purchasable","30":"product-type-variable"},"bundled_by":[],"bundle_stock_status":"instock","bundle_stock_quantity":null,"bundle_virtual":false,"bundle_layout":"","bundle_add_to_cart_form_location":"","bundle_editable_in_cart":false,"bundle_sold_individually_context":"","bundle_item_grouping":"","bundle_min_size":"","bundle_max_size":"","bundle_price":[],"bundled_items":[],"bundle_sell_ids":[],"acf":[],"df_price":20,"df_sale_price":"","df_regular_price":20,"df_image_link":"https:\/\/www.fitness-flohmarkt.ch\/wp-content\/uploads\/Ball_3kg_1-300x300.jpg","_links":{"self":[{"href":"https:\/\/www.fitness-flohmarkt.ch\/fr\/wp-json\/wp\/v2\/product\/6188","targetHints":{"allow":["GET"]}}],"collection":[{"href":"https:\/\/www.fitness-flohmarkt.ch\/fr\/wp-json\/wp\/v2\/product"}],"about":[{"href":"https:\/\/www.fitness-flohmarkt.ch\/fr\/wp-json\/wp\/v2\/types\/product"}],"replies":[{"embeddable":true,"href":"https:\/\/www.fitness-flohmarkt.ch\/fr\/wp-json\/wp\/v2\/comments?post=6188"}],"wp:featuredmedia":[{"embeddable":true,"href":"https:\/\/www.fitness-flohmarkt.ch\/fr\/wp-json\/wp\/v2\/media\/9047472"}],"wp:attachment":[{"href":"https:\/\/www.fitness-flohmarkt.ch\/fr\/wp-json\/wp\/v2\/media?parent=6188"}],"wp:term":[{"taxonomy":"product_brand","embeddable":true,"href":"https:\/\/www.fitness-flohmarkt.ch\/fr\/wp-json\/wp\/v2\/product_brand?post=6188"},{"taxonomy":"product_cat","embeddable":true,"href":"https:\/\/www.fitness-flohmarkt.ch\/fr\/wp-json\/wp\/v2\/product_cat?post=6188"},{"taxonomy":"product_tag","embeddable":true,"href":"https:\/\/www.fitness-flohmarkt.ch\/fr\/wp-json\/wp\/v2\/product_tag?post=6188"}],"curies":[{"name":"wp","href":"https:\/\/api.w.org\/{rel}","templated":true}]}}