{"id":6186,"date":"2025-02-09T04:26:04","date_gmt":"2025-02-09T03:26:04","guid":{"rendered":"https:\/\/www2.fitness-flohmarkt.ch\/produkt\/voltra-i-cable-machine-kabelzugmaschine\/"},"modified":"2026-05-11T14:10:57","modified_gmt":"2026-05-11T12:10:57","slug":"voltra-i-cable-machine-machine-a-tirer-les-cables","status":"publish","type":"product","link":"https:\/\/www.fitness-flohmarkt.ch\/fr\/produkt\/voltra-i-cable-machine-kabelzugmaschine\/","title":{"rendered":"Beyond Power Voltra I Cable Machine | Machine de traction de c\u00e2bles"},"content":{"rendered":"<h3>VOLTRA I - Tire-c\u00e2ble \u00e9lectrique innovant pour un entra\u00eenement polyvalent et intelligent<\/h3>\n<p>Le VOLTRA I est un tire-c\u00e2ble compact avec un moteur \u00e9lectrique puissant et une force de traction maximale de 90 kg. La r\u00e9sistance peut \u00eatre ajust\u00e9e via l'\u00e9cran tactile LCD 4\u2033 ou via l'application iOS, qui affiche \u00e9galement des donn\u00e9es en temps r\u00e9el comme la vitesse, la puissance et la force. La VOLTRA I est \u00e9galement compatible Wi-Fi et permet d'acc\u00e9der aux donn\u00e9es d'entra\u00eenement et de les exporter.<\/p>\n<p>L'appareil dispose d'une corde en Kevlar de 2,85 m\u00e8tres et d'un m\u00e9canisme de fixation rapide qui facilite la connexion et la d\u00e9connexion de la corde. De plus, la VOLTRA I est livr\u00e9e avec un chargeur USB-C 65W.<\/p>\n<p><strong>Modes d'entra\u00eenement du VOLTRA I :<\/strong><\/p>\n<ul>\n<li><strong>Entra\u00eenement au poids<\/strong>: r\u00e9sistance par paliers de 1 kg pour un entra\u00eenement classique.<\/li>\n<li><strong>Mode excentrique<\/strong>: augmente la r\u00e9sistance en phase excentrique.<\/li>\n<li><strong>Mode cha\u00eenes<\/strong>: la r\u00e9sistance augmente pendant la phase concentrique, comme lors de l'entra\u00eenement avec des cha\u00eenes.<\/li>\n<li><strong>Bande de r\u00e9sistance<\/strong>: la r\u00e9sistance augmente de fa\u00e7on exponentielle, comme pour les \u00e9lastiques.<\/li>\n<li><strong>Mode Damper<\/strong>: la r\u00e9sistance augmente en fonction de la vitesse du mouvement - id\u00e9al pour les exercices explosifs.<\/li>\n<li><strong>Mode d'assistance<\/strong>: R\u00e9duit automatiquement la r\u00e9sistance en cas de difficult\u00e9 - parfait pour la r\u00e9\u00e9ducation et la pr\u00e9vention des blessures.<\/li>\n<li><strong>Mode isocin\u00e9tique<\/strong>: La r\u00e9sistance reste proportionnelle \u00e0 la force, ind\u00e9pendamment de la vitesse.<\/li>\n<\/ul>\n<p>Tous les modes se r\u00e8glent rapidement via l'\u00e9cran tactile, et la longueur du c\u00e2ble s'ajuste \u00e9galement en un clin d'\u0153il. La VOLTRA I offre donc une exp\u00e9rience d'entra\u00eenement flexible et sans interruption.<\/p>","protected":false},"excerpt":{"rendered":"<p>Beyond Power est synonyme d'accessoires d'entra\u00eenement fonctionnels qui se distinguent par leur grande qualit\u00e9 de fabrication, leur facilit\u00e9 d'utilisation et leurs multiples possibilit\u00e9s d'utilisation. Cet appareil de traction \u00e0 c\u00e2ble peut \u00eatre combin\u00e9 de mani\u00e8re appropri\u00e9e avec les poign\u00e9es, les connexions et les extensions du syst\u00e8me Beyond Power.<\/p>","protected":false},"featured_media":9026768,"comment_status":"open","ping_status":"closed","template":"","meta":{"_acf_changed":false,"_gspb_post_css":""},"product_brand":[1549],"product_cat":[813,304],"product_tag":[],"class_list":{"0":"post-6186","1":"product","2":"type-product","3":"status-publish","4":"has-post-thumbnail","6":"product_brand-beyond-power","7":"product_cat-fg-diverse","8":"product_cat-reha-physio","9":"pa_artikel-pro-verkaufseinheit-1x","10":"pa_farbe-grau","11":"pa_fitness-zubehoertyp-kabelzuggeraet","12":"pa_lieferumfang-1x-kabelzuggeraet","14":"first","15":"instock","16":"sale","17":"taxable","18":"shipping-taxable","19":"purchasable","20":"product-type-simple"},"bundled_by":[],"bundle_stock_status":"instock","bundle_stock_quantity":8,"bundle_virtual":false,"bundle_layout":"","bundle_add_to_cart_form_location":"","bundle_editable_in_cart":false,"bundle_sold_individually_context":"","bundle_item_grouping":"","bundle_min_size":"","bundle_max_size":"","bundle_price":[],"bundled_items":[],"bundle_sell_ids":[],"acf":[],"df_price":2590,"df_sale_price":2590,"df_regular_price":2890,"df_image_link":"https:\/\/www.fitness-flohmarkt.ch\/wp-content\/uploads\/beyond-power-20250523-104700-300x300.jpg","_links":{"self":[{"href":"https:\/\/www.fitness-flohmarkt.ch\/fr\/wp-json\/wp\/v2\/product\/6186","targetHints":{"allow":["GET"]}}],"collection":[{"href":"https:\/\/www.fitness-flohmarkt.ch\/fr\/wp-json\/wp\/v2\/product"}],"about":[{"href":"https:\/\/www.fitness-flohmarkt.ch\/fr\/wp-json\/wp\/v2\/types\/product"}],"replies":[{"embeddable":true,"href":"https:\/\/www.fitness-flohmarkt.ch\/fr\/wp-json\/wp\/v2\/comments?post=6186"}],"wp:featuredmedia":[{"embeddable":true,"href":"https:\/\/www.fitness-flohmarkt.ch\/fr\/wp-json\/wp\/v2\/media\/9026768"}],"wp:attachment":[{"href":"https:\/\/www.fitness-flohmarkt.ch\/fr\/wp-json\/wp\/v2\/media?parent=6186"}],"wp:term":[{"taxonomy":"product_brand","embeddable":true,"href":"https:\/\/www.fitness-flohmarkt.ch\/fr\/wp-json\/wp\/v2\/product_brand?post=6186"},{"taxonomy":"product_cat","embeddable":true,"href":"https:\/\/www.fitness-flohmarkt.ch\/fr\/wp-json\/wp\/v2\/product_cat?post=6186"},{"taxonomy":"product_tag","embeddable":true,"href":"https:\/\/www.fitness-flohmarkt.ch\/fr\/wp-json\/wp\/v2\/product_tag?post=6186"}],"curies":[{"name":"wp","href":"https:\/\/api.w.org\/{rel}","templated":true}]}}