{"id":6185,"date":"2025-02-09T04:26:02","date_gmt":"2025-02-09T03:26:02","guid":{"rendered":"https:\/\/www2.fitness-flohmarkt.ch\/?post_type=product&#038;p=6185"},"modified":"2026-03-16T10:32:03","modified_gmt":"2026-03-16T09:32:03","slug":"beyond-power-sliding-rack-mount-support-de-rack-ajustable","status":"publish","type":"product","link":"https:\/\/www.fitness-flohmarkt.ch\/fr\/produkt\/beyond-power-sliding-rack-mount-verstellbare-rack-halterung\/","title":{"rendered":"Beyond Power Sliding Rack Mount | Support de rack ajustable"},"content":{"rendered":"<h3>Beyond Power montage en rack coulissant<\/h3>\n<p>Le Rack Mount a \u00e9t\u00e9 optimis\u00e9 non seulement pour la compatibilit\u00e9, mais aussi pour la facilit\u00e9 d'utilisation. Gr\u00e2ce au support coulissant, le VOLTRA I peut \u00eatre d\u00e9plac\u00e9 sans effort le long de la colonne du rack, ce qui permet d'adapter rapidement et confortablement la hauteur de l'appareil \u00e0 l'exercice ou \u00e0 la taille de l'athl\u00e8te.<\/p>\n<p>Si un rack est chang\u00e9, il suffit de remplacer l'adaptateur int\u00e9rieur, ce qui \u00e9vite d'avoir \u00e0 changer compl\u00e8tement de rack.<\/p>\n<p>Compatible avec la colonne de rack 2 x 2\u2033 \/ 5,08 cm x 5,08 cm \u00e0 4 x 4\u2033 \/ 10,16 cm x 10,16 cm<\/p>","protected":false},"excerpt":{"rendered":"<p>Beyond Power est synonyme d'accessoires d'entra\u00eenement fonctionnels qui se distinguent par leur grande qualit\u00e9 de fabrication, leur facilit\u00e9 d'utilisation et leurs multiples possibilit\u00e9s d'utilisation. Cet appareil de traction \u00e0 c\u00e2ble peut \u00eatre combin\u00e9 de mani\u00e8re appropri\u00e9e avec les poign\u00e9es, les connexions et les extensions du syst\u00e8me Beyond Power.<\/p>","protected":false},"featured_media":9036621,"comment_status":"open","ping_status":"closed","template":"","meta":{"_acf_changed":false,"_gspb_post_css":""},"product_brand":[1549],"product_cat":[813,319,304],"product_tag":[],"class_list":{"0":"post-6185","1":"product","2":"type-product","3":"status-publish","4":"has-post-thumbnail","6":"product_brand-beyond-power","7":"product_cat-fg-diverse","8":"product_cat-fitness-zubehoer","9":"product_cat-reha-physio","10":"pa_artikel-pro-verkaufseinheit-1x","11":"pa_farbe-schwarz","12":"pa_fitness-zubehoertyp-rack-attachment","13":"pa_lieferumfang-1x-rack-attachement","15":"first","16":"instock","17":"taxable","18":"shipping-taxable","19":"purchasable","20":"product-type-simple"},"bundled_by":[],"bundle_stock_status":"instock","bundle_stock_quantity":16,"bundle_virtual":false,"bundle_layout":"","bundle_add_to_cart_form_location":"","bundle_editable_in_cart":false,"bundle_sold_individually_context":"","bundle_item_grouping":"","bundle_min_size":"","bundle_max_size":"","bundle_price":[],"bundled_items":[],"bundle_sell_ids":[],"acf":[],"df_price":299,"df_sale_price":"","df_regular_price":299,"df_image_link":"https:\/\/www.fitness-flohmarkt.ch\/wp-content\/uploads\/slidingmount1-800576-20250724-141204-300x300.jpg","_links":{"self":[{"href":"https:\/\/www.fitness-flohmarkt.ch\/fr\/wp-json\/wp\/v2\/product\/6185","targetHints":{"allow":["GET"]}}],"collection":[{"href":"https:\/\/www.fitness-flohmarkt.ch\/fr\/wp-json\/wp\/v2\/product"}],"about":[{"href":"https:\/\/www.fitness-flohmarkt.ch\/fr\/wp-json\/wp\/v2\/types\/product"}],"replies":[{"embeddable":true,"href":"https:\/\/www.fitness-flohmarkt.ch\/fr\/wp-json\/wp\/v2\/comments?post=6185"}],"wp:featuredmedia":[{"embeddable":true,"href":"https:\/\/www.fitness-flohmarkt.ch\/fr\/wp-json\/wp\/v2\/media\/9036621"}],"wp:attachment":[{"href":"https:\/\/www.fitness-flohmarkt.ch\/fr\/wp-json\/wp\/v2\/media?parent=6185"}],"wp:term":[{"taxonomy":"product_brand","embeddable":true,"href":"https:\/\/www.fitness-flohmarkt.ch\/fr\/wp-json\/wp\/v2\/product_brand?post=6185"},{"taxonomy":"product_cat","embeddable":true,"href":"https:\/\/www.fitness-flohmarkt.ch\/fr\/wp-json\/wp\/v2\/product_cat?post=6185"},{"taxonomy":"product_tag","embeddable":true,"href":"https:\/\/www.fitness-flohmarkt.ch\/fr\/wp-json\/wp\/v2\/product_tag?post=6185"}],"curies":[{"name":"wp","href":"https:\/\/api.w.org\/{rel}","templated":true}]}}