{"id":61840,"date":"2025-03-15T18:52:15","date_gmt":"2025-03-15T17:52:15","guid":{"rendered":"https:\/\/www2.fitness-flohmarkt.ch\/produkt\/atx-floor-glute-trainer\/"},"modified":"2026-03-19T09:55:07","modified_gmt":"2026-03-19T08:55:07","slug":"atx-floor-glute-trainer","status":"publish","type":"product","link":"https:\/\/www.fitness-flohmarkt.ch\/fr\/produkt\/atx-floor-glute-trainer\/","title":{"rendered":"ATX Floor Glute Trainer"},"content":{"rendered":"<h3 data-start=\"386\" data-end=\"506\"><strong data-start=\"433\" data-end=\"504\">ATX\u00ae Floor Glute - Entra\u00eenement efficace de la glotte avec un d\u00e9marrage s\u00fbr<\/strong><\/h3>\n<p data-start=\"508\" data-end=\"927\">L'ATX\u00ae Floor Glute est un appareil d'entra\u00eenement compact pour renforcer de mani\u00e8re cibl\u00e9e les muscles fessiers, l'arri\u00e8re de la cuisse et le bas du dos. Gr\u00e2ce \u00e0 sa construction proche du sol, l'appareil se distingue des variantes construites en hauteur et facilite la manipulation, en particulier pour les d\u00e9butants*. L'acc\u00e8s bas permet une position d'entra\u00eenement s\u00fbre et, si n\u00e9cessaire, un appui contr\u00f4l\u00e9 avec les bras.<\/p>\n<p data-start=\"929\" data-end=\"1230\">Un syst\u00e8me de rembourrage r\u00e9glable en hauteur assure un ajustement individuel et un soutien stable pendant l'exercice. La plaque de pied antid\u00e9rapante et les pieds qui prot\u00e8gent le sol garantissent une bonne stabilit\u00e9 \u00e0 tout moment. Un dispositif optionnel permet d'attacher des bandes de r\u00e9sistance pour se soulager.<\/p>\n<p data-start=\"1232\" data-end=\"1470\" data-is-last-node=\"\" data-is-only-node=\"\">Gr\u00e2ce aux roulettes de transport, l'appareil peut \u00eatre d\u00e9plac\u00e9 facilement ou rang\u00e9 \u00e0 la verticale pour gagner de la place. La finition de qualit\u00e9 et la facilit\u00e9 d'utilisation font du Floor Glute un outil performant pour un entra\u00eenement cibl\u00e9 et s\u00fbr.<\/p>","protected":false},"excerpt":{"rendered":"<p>Appareil efficace pour le renforcement cibl\u00e9 des fessiers, de l'arri\u00e8re des cuisses et du bas du dos. La construction au ras du sol facilite l'acc\u00e8s et offre s\u00e9curit\u00e9 et stabilit\u00e9.<\/p>","protected":false},"featured_media":9063138,"comment_status":"closed","ping_status":"closed","template":"","meta":{"_acf_changed":false,"_gspb_post_css":""},"product_brand":[1039],"product_cat":[813,358],"product_tag":[],"class_list":{"0":"post-61840","1":"product","2":"type-product","3":"status-publish","4":"has-post-thumbnail","6":"product_brand-atx","7":"product_cat-fg-diverse","8":"product_cat-hantelbaenke","9":"pa_artikel-pro-verkaufseinheit-1x","10":"pa_breite-55-cm","11":"pa_farbe-schwarz","12":"pa_gewicht-36-kg","13":"pa_gewichtetyp-koerpergewicht","14":"pa_hoehe-54-cm","15":"pa_kraftstationtyp-rueckentrainer","16":"pa_laenge-125-cm","17":"pa_lieferumfang-1x-hantelbank","18":"pa_material-stahl-pulverbeschichtet","19":"pa_material-polster-kunstleder","20":"pa_max-belastung-250-kg","21":"pa_transportrollen-nein","22":"pa_verstellbar-ja","24":"first","25":"instock","26":"taxable","27":"shipping-taxable","28":"purchasable","29":"product-type-simple"},"bundled_by":[],"bundle_stock_status":"instock","bundle_stock_quantity":10,"bundle_virtual":false,"bundle_layout":"","bundle_add_to_cart_form_location":"","bundle_editable_in_cart":false,"bundle_sold_individually_context":"","bundle_item_grouping":"","bundle_min_size":"","bundle_max_size":"","bundle_price":[],"bundled_items":[],"bundle_sell_ids":[],"acf":[],"df_price":345,"df_sale_price":"","df_regular_price":345,"df_image_link":"https:\/\/www.fitness-flohmarkt.ch\/wp-content\/uploads\/atx-ghd-flr_01-25-300x300.jpg","_links":{"self":[{"href":"https:\/\/www.fitness-flohmarkt.ch\/fr\/wp-json\/wp\/v2\/product\/61840","targetHints":{"allow":["GET"]}}],"collection":[{"href":"https:\/\/www.fitness-flohmarkt.ch\/fr\/wp-json\/wp\/v2\/product"}],"about":[{"href":"https:\/\/www.fitness-flohmarkt.ch\/fr\/wp-json\/wp\/v2\/types\/product"}],"replies":[{"embeddable":true,"href":"https:\/\/www.fitness-flohmarkt.ch\/fr\/wp-json\/wp\/v2\/comments?post=61840"}],"wp:featuredmedia":[{"embeddable":true,"href":"https:\/\/www.fitness-flohmarkt.ch\/fr\/wp-json\/wp\/v2\/media\/9063138"}],"wp:attachment":[{"href":"https:\/\/www.fitness-flohmarkt.ch\/fr\/wp-json\/wp\/v2\/media?parent=61840"}],"wp:term":[{"taxonomy":"product_brand","embeddable":true,"href":"https:\/\/www.fitness-flohmarkt.ch\/fr\/wp-json\/wp\/v2\/product_brand?post=61840"},{"taxonomy":"product_cat","embeddable":true,"href":"https:\/\/www.fitness-flohmarkt.ch\/fr\/wp-json\/wp\/v2\/product_cat?post=61840"},{"taxonomy":"product_tag","embeddable":true,"href":"https:\/\/www.fitness-flohmarkt.ch\/fr\/wp-json\/wp\/v2\/product_tag?post=61840"}],"curies":[{"name":"wp","href":"https:\/\/api.w.org\/{rel}","templated":true}]}}