{"id":6182,"date":"2025-02-09T04:25:54","date_gmt":"2025-02-09T03:25:54","guid":{"rendered":"https:\/\/www2.fitness-flohmarkt.ch\/?post_type=product&#038;p=6182"},"modified":"2026-04-28T13:15:07","modified_gmt":"2026-04-28T11:15:07","slug":"beyond-power-travel-platform-plateforme-de-voyage","status":"publish","type":"product","link":"https:\/\/www.fitness-flohmarkt.ch\/fr\/produkt\/beyond-power-travel-platform-reiseplattform\/","title":{"rendered":"Beyond Power Travel Platform | Plateforme de voyage"},"content":{"rendered":"<h3>Plate-forme de voyage Beyond Power<\/h3>\n<p>Gr\u00e2ce \u00e0 la Travel Platform, le VOLTRA I permet de s'entra\u00eener \u00e0 tout moment et partout.<\/p>\n<p>Les principaux avantages :<\/p>\n<ul>\n<li><strong>Polyvalent<\/strong>Convient \u00e0 diff\u00e9rents exercices comme les deadlifts, les curls et autres.<\/li>\n<li><strong>Facile \u00e0 voyager<\/strong>: suffisamment compact pour tenir dans un bagage d'enregistrement de 72 cm, id\u00e9al pour les voyages en avion.<\/li>\n<li><strong>Poids l\u00e9ger<\/strong>La VOLTRA I et la Travel Platform sont faciles \u00e0 transporter tout en offrant une r\u00e9sistance allant jusqu'\u00e0 90 kg.<\/li>\n<\/ul>","protected":false},"excerpt":{"rendered":"<p>Beyond Power est synonyme d'accessoires d'entra\u00eenement fonctionnels qui se distinguent par leur grande qualit\u00e9 de fabrication, leur facilit\u00e9 d'utilisation et leurs multiples possibilit\u00e9s d'utilisation. Cet appareil de traction \u00e0 c\u00e2ble peut \u00eatre combin\u00e9 de mani\u00e8re appropri\u00e9e avec les poign\u00e9es, les connexions et les extensions du syst\u00e8me Beyond Power.<\/p>","protected":false},"featured_media":9046707,"comment_status":"closed","ping_status":"closed","template":"","meta":{"_acf_changed":false,"_gspb_post_css":""},"product_brand":[1549],"product_cat":[813,319,304],"product_tag":[],"class_list":{"0":"post-6182","1":"product","2":"type-product","3":"status-publish","4":"has-post-thumbnail","6":"product_brand-beyond-power","7":"product_cat-fg-diverse","8":"product_cat-fitness-zubehoer","9":"product_cat-reha-physio","10":"pa_anzahl-verpackungseinheit-689","11":"pa_artikel-pro-verkaufseinheit-1x","12":"pa_breite-39-cm-2","13":"pa_dicke-2-cm","14":"pa_farbe-schwarz","15":"pa_gewicht-6-kg","16":"pa_laenge-70-cm","17":"pa_lieferumfang-1x-travel-platform","18":"pa_material-holz","20":"first","21":"instock","22":"taxable","23":"shipping-taxable","24":"purchasable","25":"product-type-simple"},"bundled_by":[],"bundle_stock_status":"instock","bundle_stock_quantity":7,"bundle_virtual":false,"bundle_layout":"","bundle_add_to_cart_form_location":"","bundle_editable_in_cart":false,"bundle_sold_individually_context":"","bundle_item_grouping":"","bundle_min_size":"","bundle_max_size":"","bundle_price":[],"bundled_items":[],"bundle_sell_ids":[],"acf":[],"df_price":269,"df_sale_price":"","df_regular_price":269,"df_image_link":"https:\/\/www.fitness-flohmarkt.ch\/wp-content\/uploads\/beyond-travel-plattform-20250523-104611-300x300.png","_links":{"self":[{"href":"https:\/\/www.fitness-flohmarkt.ch\/fr\/wp-json\/wp\/v2\/product\/6182","targetHints":{"allow":["GET"]}}],"collection":[{"href":"https:\/\/www.fitness-flohmarkt.ch\/fr\/wp-json\/wp\/v2\/product"}],"about":[{"href":"https:\/\/www.fitness-flohmarkt.ch\/fr\/wp-json\/wp\/v2\/types\/product"}],"replies":[{"embeddable":true,"href":"https:\/\/www.fitness-flohmarkt.ch\/fr\/wp-json\/wp\/v2\/comments?post=6182"}],"wp:featuredmedia":[{"embeddable":true,"href":"https:\/\/www.fitness-flohmarkt.ch\/fr\/wp-json\/wp\/v2\/media\/9046707"}],"wp:attachment":[{"href":"https:\/\/www.fitness-flohmarkt.ch\/fr\/wp-json\/wp\/v2\/media?parent=6182"}],"wp:term":[{"taxonomy":"product_brand","embeddable":true,"href":"https:\/\/www.fitness-flohmarkt.ch\/fr\/wp-json\/wp\/v2\/product_brand?post=6182"},{"taxonomy":"product_cat","embeddable":true,"href":"https:\/\/www.fitness-flohmarkt.ch\/fr\/wp-json\/wp\/v2\/product_cat?post=6182"},{"taxonomy":"product_tag","embeddable":true,"href":"https:\/\/www.fitness-flohmarkt.ch\/fr\/wp-json\/wp\/v2\/product_tag?post=6182"}],"curies":[{"name":"wp","href":"https:\/\/api.w.org\/{rel}","templated":true}]}}