{"id":6181,"date":"2025-02-09T04:25:51","date_gmt":"2025-02-09T03:25:51","guid":{"rendered":"https:\/\/www2.fitness-flohmarkt.ch\/?post_type=product&#038;p=6181"},"modified":"2026-03-01T23:39:08","modified_gmt":"2026-03-01T22:39:08","slug":"beyond-power-travel-suitcase-valise-de-voyage","status":"publish","type":"product","link":"https:\/\/www.fitness-flohmarkt.ch\/fr\/produkt\/beyond-power-travel-suitcase-reisekoffer\/","title":{"rendered":"Beyond Power Travel Suitcase | Valise de voyage"},"content":{"rendered":"<h3>Beyond Power Travel Suitcase<\/h3>\n<p><strong>Robust und wasserresistent<\/strong>: Der Koffer ist aus hochwertigem, hochdichtem Polypropylen gefertigt. Er ist stossfest, druckfest, staubdicht und nach IP67 wasserdicht.<\/p>\n<p><strong>Perfekt f\u00fcr Reisen mit VOLTRA<\/strong>: Mit den weichen Gummir\u00e4dern und dem ausziehbaren Griff l\u00e4sst sich der Koffer problemlos durch den Flughafen bewegen, sodass der Transport des VOLTRA I und Zubeh\u00f6rs zum Kinderspiel wird.<\/p>\n<div class=\"group\/conversation-turn relative flex w-full min-w-0 flex-col agent-turn\">\n<div class=\"flex-col gap-1 md:gap-3\">\n<div class=\"flex max-w-full flex-col flex-grow\">\n<div class=\"min-h-8 text-message flex w-full flex-col items-end gap-2 whitespace-normal break-words text-start [.text-message+&amp;]:mt-5\" dir=\"auto\" data-message-author-role=\"assistant\" data-message-id=\"2ea59ff8-d288-4cd1-9db0-0dbc0f3755b2\" data-message-model-slug=\"gpt-4o-mini\">\n<div class=\"flex w-full flex-col gap-1 empty:hidden first:pt-[3px]\">\n<div class=\"markdown prose w-full break-words dark:prose-invert light\">\n<p>Der Reisekoffer bietet idealen Stauraum f\u00fcr:<\/p>\n<ul>\n<li>1 x VOLTRA I Cable Machine<\/li>\n<li>1 x Adaptive Rack Mount<\/li>\n<li>1 x Sliding Rack Mount<\/li>\n<li>1 x Fixed Rack Mount inkl. Schrauben<\/li>\n<li>1 x Karabiner<\/li>\n<li>1 x 65W Ladeger\u00e4t<\/li>\n<li>1 x 1 m Type C Ladekabel<\/li>\n<\/ul>\n<\/div>\n<\/div>\n<\/div>\n<\/div>\n<\/div>\n<\/div>\n","protected":false},"excerpt":{"rendered":"<p>Beyond Power est synonyme d'accessoires d'entra\u00eenement fonctionnels qui se distinguent par leur grande qualit\u00e9 de fabrication, leur facilit\u00e9 d'utilisation et leurs multiples possibilit\u00e9s d'utilisation. Cet appareil de traction \u00e0 c\u00e2ble peut \u00eatre combin\u00e9 de mani\u00e8re appropri\u00e9e avec les poign\u00e9es, les connexions et les extensions du syst\u00e8me Beyond Power.<\/p>","protected":false},"featured_media":9026688,"comment_status":"closed","ping_status":"closed","template":"","meta":{"_acf_changed":false,"_gspb_post_css":""},"product_brand":[1549],"product_cat":[813,343],"product_tag":[],"class_list":{"0":"post-6181","1":"product","2":"type-product","3":"status-publish","4":"has-post-thumbnail","6":"product_brand-beyond-power","7":"product_cat-fg-diverse","8":"product_cat-heimgebrauch","9":"pa_artikel-pro-verkaufseinheit-1x","10":"pa_farbe-schwarz","11":"pa_fitness-zubehoertyp-koffer","12":"pa_lieferumfang-1x-koffer","13":"pa_material-polypropylen","15":"first","16":"instock","17":"taxable","18":"shipping-taxable","19":"purchasable","20":"product-type-simple"},"bundled_by":[],"bundle_stock_status":"instock","bundle_stock_quantity":3,"bundle_virtual":false,"bundle_layout":"","bundle_add_to_cart_form_location":"","bundle_editable_in_cart":false,"bundle_sold_individually_context":"","bundle_item_grouping":"","bundle_min_size":"","bundle_max_size":"","bundle_price":[],"bundled_items":[],"bundle_sell_ids":[],"acf":[],"df_price":449,"df_sale_price":"","df_regular_price":449,"df_image_link":"https:\/\/www.fitness-flohmarkt.ch\/wp-content\/uploads\/voltra-travel-suitcase-20250523-104558-300x300.jpg","_links":{"self":[{"href":"https:\/\/www.fitness-flohmarkt.ch\/fr\/wp-json\/wp\/v2\/product\/6181","targetHints":{"allow":["GET"]}}],"collection":[{"href":"https:\/\/www.fitness-flohmarkt.ch\/fr\/wp-json\/wp\/v2\/product"}],"about":[{"href":"https:\/\/www.fitness-flohmarkt.ch\/fr\/wp-json\/wp\/v2\/types\/product"}],"replies":[{"embeddable":true,"href":"https:\/\/www.fitness-flohmarkt.ch\/fr\/wp-json\/wp\/v2\/comments?post=6181"}],"wp:featuredmedia":[{"embeddable":true,"href":"https:\/\/www.fitness-flohmarkt.ch\/fr\/wp-json\/wp\/v2\/media\/9026688"}],"wp:attachment":[{"href":"https:\/\/www.fitness-flohmarkt.ch\/fr\/wp-json\/wp\/v2\/media?parent=6181"}],"wp:term":[{"taxonomy":"product_brand","embeddable":true,"href":"https:\/\/www.fitness-flohmarkt.ch\/fr\/wp-json\/wp\/v2\/product_brand?post=6181"},{"taxonomy":"product_cat","embeddable":true,"href":"https:\/\/www.fitness-flohmarkt.ch\/fr\/wp-json\/wp\/v2\/product_cat?post=6181"},{"taxonomy":"product_tag","embeddable":true,"href":"https:\/\/www.fitness-flohmarkt.ch\/fr\/wp-json\/wp\/v2\/product_tag?post=6181"}],"curies":[{"name":"wp","href":"https:\/\/api.w.org\/{rel}","templated":true}]}}