{"id":6180,"date":"2025-02-09T04:25:48","date_gmt":"2025-02-09T03:25:48","guid":{"rendered":"https:\/\/www2.fitness-flohmarkt.ch\/?post_type=product&#038;p=6180"},"modified":"2026-03-01T23:16:54","modified_gmt":"2026-03-01T22:16:54","slug":"beyond-power-strap-mount-sangle-de-fixation","status":"publish","type":"product","link":"https:\/\/www.fitness-flohmarkt.ch\/fr\/produkt\/beyond-power-strap-mount-befestigungsgurt\/","title":{"rendered":"Beyond Power Strap Mount | Sangle de fixation"},"content":{"rendered":"<h3>Beyond Power Strap Mount<\/h3>\n<p>Fixe facilement la VOLTRA I \u00e0 toutes sortes d'endroits, des supports en fer aux arbres. Le Strap Mount s'adapte de mani\u00e8re flexible \u00e0 ton environnement et t'offre une facilit\u00e9 d'utilisation maximale, peu importe o\u00f9 tu te trouves.<\/p>\n<p><strong>Coupe polyvalente<\/strong>: le Strap Mount utilise une sangle robuste en polyester qui s'enroule en toute s\u00e9curit\u00e9 autour du porteur et assure ainsi un maintien solide. Avec les deux options de longueur de 0,5 m et 1 m, la sangle s'adapte parfaitement aux diff\u00e9rents besoins.<\/p>\n<p><strong>Soutien magn\u00e9tique<\/strong>Gr\u00e2ce au support magn\u00e9tique, la fixation est rapide, s\u00fbre et sans effort.<\/p>\n<p><strong>Une construction pr\u00e9cise<\/strong>: Fabriqu\u00e9 \u00e0 partir d'une combinaison d'aluminium et de titane, le Strap Mount offre une durabilit\u00e9 maximale. Le polissage plasma avanc\u00e9 permet d'obtenir une surface lisse et r\u00e9sistante \u00e0 l'usure, qui combine les meilleures performances avec un design moderne.<\/p>\n<p><strong>Une s\u00e9curit\u00e9 fiable<\/strong>: le syst\u00e8me Dual-Lock veille \u00e0 ce que ta VOLTRA I soit toujours fix\u00e9e de mani\u00e8re s\u00fbre et solide.<\/p>\n<p><strong>Une force exceptionnelle<\/strong>: la haute r\u00e9sistance \u00e0 la traction garantit un maintien robuste et une durabilit\u00e9 \u00e0 long terme.<\/p>","protected":false},"excerpt":{"rendered":"<p>Beyond Power est synonyme d'accessoires d'entra\u00eenement fonctionnels qui se distinguent par leur grande qualit\u00e9 de fabrication, leur facilit\u00e9 d'utilisation et leurs multiples possibilit\u00e9s d'utilisation. Cet appareil de traction \u00e0 c\u00e2ble peut \u00eatre combin\u00e9 de mani\u00e8re appropri\u00e9e avec les poign\u00e9es, les connexions et les extensions du syst\u00e8me Beyond Power.<\/p>","protected":false},"featured_media":9048633,"comment_status":"closed","ping_status":"closed","template":"","meta":{"_acf_changed":false,"_gspb_post_css":""},"product_brand":[1549],"product_cat":[813,319,304],"product_tag":[],"class_list":{"0":"post-6180","1":"product","2":"type-product","3":"status-publish","4":"has-post-thumbnail","6":"product_brand-beyond-power","7":"product_cat-fg-diverse","8":"product_cat-fitness-zubehoer","9":"product_cat-reha-physio","10":"pa_artikel-pro-verkaufseinheit-1x","11":"pa_farbe-schwarz","12":"pa_fitness-zubehoertyp-rack-attachment","13":"pa_lieferumfang-1x-rack-attachement","14":"pa_material-aluminium","16":"first","17":"instock","18":"taxable","19":"shipping-taxable","20":"purchasable","21":"product-type-simple"},"bundled_by":[],"bundle_stock_status":"instock","bundle_stock_quantity":17,"bundle_virtual":false,"bundle_layout":"","bundle_add_to_cart_form_location":"","bundle_editable_in_cart":false,"bundle_sold_individually_context":"","bundle_item_grouping":"","bundle_min_size":"","bundle_max_size":"","bundle_price":[],"bundled_items":[],"bundle_sell_ids":[],"acf":[],"df_price":299,"df_sale_price":"","df_regular_price":299,"df_image_link":"https:\/\/www.fitness-flohmarkt.ch\/wp-content\/uploads\/beyond-strap-20251006-135331-300x300.jpg","_links":{"self":[{"href":"https:\/\/www.fitness-flohmarkt.ch\/fr\/wp-json\/wp\/v2\/product\/6180","targetHints":{"allow":["GET"]}}],"collection":[{"href":"https:\/\/www.fitness-flohmarkt.ch\/fr\/wp-json\/wp\/v2\/product"}],"about":[{"href":"https:\/\/www.fitness-flohmarkt.ch\/fr\/wp-json\/wp\/v2\/types\/product"}],"replies":[{"embeddable":true,"href":"https:\/\/www.fitness-flohmarkt.ch\/fr\/wp-json\/wp\/v2\/comments?post=6180"}],"wp:featuredmedia":[{"embeddable":true,"href":"https:\/\/www.fitness-flohmarkt.ch\/fr\/wp-json\/wp\/v2\/media\/9048633"}],"wp:attachment":[{"href":"https:\/\/www.fitness-flohmarkt.ch\/fr\/wp-json\/wp\/v2\/media?parent=6180"}],"wp:term":[{"taxonomy":"product_brand","embeddable":true,"href":"https:\/\/www.fitness-flohmarkt.ch\/fr\/wp-json\/wp\/v2\/product_brand?post=6180"},{"taxonomy":"product_cat","embeddable":true,"href":"https:\/\/www.fitness-flohmarkt.ch\/fr\/wp-json\/wp\/v2\/product_cat?post=6180"},{"taxonomy":"product_tag","embeddable":true,"href":"https:\/\/www.fitness-flohmarkt.ch\/fr\/wp-json\/wp\/v2\/product_tag?post=6180"}],"curies":[{"name":"wp","href":"https:\/\/api.w.org\/{rel}","templated":true}]}}